{"id":7973,"date":"2022-11-21T13:57:14","date_gmt":"2022-11-21T05:57:14","guid":{"rendered":"https:\/\/ti.tioent.com\/?post_type=product&#038;p=7973"},"modified":"2024-10-04T18:46:23","modified_gmt":"2024-10-04T10:46:23","slug":"tnc30f","status":"publish","type":"product","link":"https:\/\/seehiddenproblems.com\/fr\/produit\/tnc30f\/","title":{"rendered":"TNC30F"},"content":{"rendered":"<p>A pioneering fire protection camera that uses dual spectrum imaging of long wavelength infrared, for temperature monitoring, and short wavelength infrared, for flame detection. Provides accurate spatial location of fires for flame supression systems. Strong anti-interference analytics for safe and reliable performance.<\/p>\n<p>&nbsp;<\/p>\n<ul class=\"_3adjr\" data-hook=\"stacked-info-section\">\n<li class=\"_1YFmr _7UGlX\" data-hook=\"stacked-info-item\">\n<div class=\"_6s2bg fggS- cell\">\n<h2 class=\"Text3304097298__root Text3304097298---typography-11-runningText Text3304097298---priority-7-primary s8gg2 _149OH InfoSectionTitle3095652555__root\" aria-hidden=\"false\" data-hook=\"info-section-title\">Sp\u00e9cifications<\/h2>\n<div class=\"WncCi\" data-hook=\"info-section-description\">\n<ul>\n<li>La technologie d'affichage \u00e0 super r\u00e9solution permet d'obtenir des images thermiques d'une qualit\u00e9 comparable \u00e0 640\u00d7480.<\/li>\n<li>Radiometric accuracy of\u00a0\u00b15\u00b0C or \u00b15%, whichever is greater<\/li>\n<li>Prend en charge de nombreux protocoles r\u00e9seau, notamment ICMP, TCP, UDP, RTP, RTSP, DHCP, PPPOE, UPNP, DDNS, ONVIF, etc.<\/li>\n<li>Fiche technique et manuels d'utilisation.<\/li>\n<li>Software Development Kits available, send inquires\u00a0here.<\/li>\n<\/ul>\n<\/div>\n<\/div>\n<\/li>\n<\/ul>","protected":false},"excerpt":{"rendered":"<div class=\"_6s2bg fggS- cell\">\n<h2 class=\"Text3304097298__root Text3304097298---typography-11-runningText Text3304097298---priority-7-primary s8gg2 _149OH InfoSectionTitle3095652555__root\" aria-hidden=\"false\" data-hook=\"info-section-title\">Caract\u00e9ristiques<\/h2>\n<div class=\"WncCi\" data-hook=\"info-section-description\">\n<ul>\n<li>Temperature monitoring is used for fire prevention<\/li>\n<li>Flame detection to initiate fire response<\/li>\n<li>Accurate spatial location of fire for flame supression system<\/li>\n<li>Surveillance de la temp\u00e9rature sur l'ensemble de la sc\u00e8ne avec jusqu'\u00e0 12 r\u00e9gions locales d\u00e9finies par l'utilisateur<\/li>\n<li>Anti-interference analytics, can effectively remove sunlight reflection, lighting interference, and some electric welding<\/li>\n<\/ul>\n<\/div>\n<\/div>","protected":false},"featured_media":22453,"template":"","meta":{"_et_pb_use_builder":"","_et_pb_old_content":"","_et_gb_content_width":""},"product_brand":[],"product_cat":[15,680,686],"product_tag":[],"class_list":{"0":"post-7973","1":"product","2":"type-product","3":"status-publish","4":"has-post-thumbnail","6":"product_cat-uncategorized","7":"product_cat-fix-mount","8":"product_cat-medical","10":"first","11":"instock","12":"shipping-taxable","13":"product-type-simple"},"_links":{"self":[{"href":"https:\/\/seehiddenproblems.com\/fr\/wp-json\/wp\/v2\/product\/7973","targetHints":{"allow":["GET"]}}],"collection":[{"href":"https:\/\/seehiddenproblems.com\/fr\/wp-json\/wp\/v2\/product"}],"about":[{"href":"https:\/\/seehiddenproblems.com\/fr\/wp-json\/wp\/v2\/types\/product"}],"wp:featuredmedia":[{"embeddable":true,"href":"https:\/\/seehiddenproblems.com\/fr\/wp-json\/wp\/v2\/media\/22453"}],"wp:attachment":[{"href":"https:\/\/seehiddenproblems.com\/fr\/wp-json\/wp\/v2\/media?parent=7973"}],"wp:term":[{"taxonomy":"product_brand","embeddable":true,"href":"https:\/\/seehiddenproblems.com\/fr\/wp-json\/wp\/v2\/product_brand?post=7973"},{"taxonomy":"product_cat","embeddable":true,"href":"https:\/\/seehiddenproblems.com\/fr\/wp-json\/wp\/v2\/product_cat?post=7973"},{"taxonomy":"product_tag","embeddable":true,"href":"https:\/\/seehiddenproblems.com\/fr\/wp-json\/wp\/v2\/product_tag?post=7973"}],"curies":[{"name":"wp","href":"https:\/\/api.w.org\/{rel}","templated":true}]}}