{"id":7968,"date":"2022-11-21T13:51:46","date_gmt":"2022-11-21T05:51:46","guid":{"rendered":"https:\/\/ti.tioent.com\/?post_type=product&#038;p=7968"},"modified":"2025-01-15T03:15:24","modified_gmt":"2025-01-14T19:15:24","slug":"tnc400pt","status":"publish","type":"product","link":"https:\/\/seehiddenproblems.com\/fr\/produit\/tnc400pt\/","title":{"rendered":"TNC400PT"},"content":{"rendered":"<section class=\"_2h_HC\">\n<div class=\"_1FTz3 fggS- cell\">\n<section class=\"_2RbVQ\" data-hook=\"description-wrapper\">\n<div class=\"_3nbVj\">\n<div class=\"_3cRjW\" data-hook=\"content-wrapper\">\n<p>Pan tilt camera equipped\u00a0 with high-resolution visible and thermal imaging camera. The thermal camera provides crisp radiometric images.\u00a0 Designed to monitor critical\u00a0 assets TNC400PT cameras will see problems\u00a0 before they become costly failures; preventing downtime and enhancing worker safety.<\/p>\n<\/div>\n<\/div>\n<\/section>\n<\/div>\n<\/section>\n<div class=\"fggS- cell\"><\/div>\n<div>\n<div class=\"_6s2bg fggS- cell\">\n<h2 class=\"Text3304097298__root Text3304097298---typography-11-runningText Text3304097298---priority-7-primary s8gg2 _149OH InfoSectionTitle3095652555__root\" aria-hidden=\"false\" data-hook=\"info-section-title\">Sp\u00e9cifications<\/h2>\n<div class=\"WncCi\" data-hook=\"info-section-description\">\n<ul>\n<li>Thermal resolution available: 640 x 512 or 336 x 256<\/li>\n<li>Plusieurs objectifs de longueur focale standard disponibles<\/li>\n<li>30x\u00a0optical zoom<\/li>\n<li>360\u00b0\u00a0continuous\u00a0pan;\u00a0\u00a0-90\u00b0 to +90\u00b0 tilt<\/li>\n<li>Prise en charge de nombreux protocoles de r\u00e9seau<\/li>\n<li>Fiche technique et manuels d'utilisation.<\/li>\n<li>Software Development Kits available, send inquires\u00a0here.<\/li>\n<\/ul>\n<\/div>\n<\/div>\n<\/div>","protected":false},"excerpt":{"rendered":"<h2 class=\"Text3304097298__root Text3304097298---typography-11-runningText Text3304097298---priority-7-primary s8gg2 _149OH InfoSectionTitle3095652555__root\" aria-hidden=\"false\" data-hook=\"info-section-title\">Caract\u00e9ristiques<\/h2>\n<div class=\"WncCi\" data-hook=\"info-section-description\">\n<ul>\n<li>360\u00b0 Rotating pan tilt for wider monitoring area<\/li>\n<li>Temperature accuracy of \u00b12\u00b0C<\/li>\n<li>Suivi intelligent des temp\u00e9ratures hautes\/basses, mesures comparatives et d\u00e9tection des incendies<\/li>\n<li>Fonctions de d\u00e9tection des conditions d'alarme, de contr\u00f4le des relais et de diffusion sur le r\u00e9seau<\/li>\n<li>Supports widely adopted IIoT protocols<\/li>\n<li>Logiciel de gestion de cam\u00e9ra PlanckView et SDK complet disponibles<\/li>\n<\/ul>\n<\/div>","protected":false},"featured_media":31044,"template":"","meta":{"_et_pb_use_builder":"","_et_pb_old_content":"","_et_gb_content_width":""},"product_brand":[],"product_cat":[15,686,682],"product_tag":[],"class_list":{"0":"post-7968","1":"product","2":"type-product","3":"status-publish","4":"has-post-thumbnail","6":"product_cat-uncategorized","7":"product_cat-medical","8":"product_cat-ptz-pan-tillt-zoom","10":"first","11":"instock","12":"shipping-taxable","13":"product-type-simple"},"_links":{"self":[{"href":"https:\/\/seehiddenproblems.com\/fr\/wp-json\/wp\/v2\/product\/7968","targetHints":{"allow":["GET"]}}],"collection":[{"href":"https:\/\/seehiddenproblems.com\/fr\/wp-json\/wp\/v2\/product"}],"about":[{"href":"https:\/\/seehiddenproblems.com\/fr\/wp-json\/wp\/v2\/types\/product"}],"wp:featuredmedia":[{"embeddable":true,"href":"https:\/\/seehiddenproblems.com\/fr\/wp-json\/wp\/v2\/media\/31044"}],"wp:attachment":[{"href":"https:\/\/seehiddenproblems.com\/fr\/wp-json\/wp\/v2\/media?parent=7968"}],"wp:term":[{"taxonomy":"product_brand","embeddable":true,"href":"https:\/\/seehiddenproblems.com\/fr\/wp-json\/wp\/v2\/product_brand?post=7968"},{"taxonomy":"product_cat","embeddable":true,"href":"https:\/\/seehiddenproblems.com\/fr\/wp-json\/wp\/v2\/product_cat?post=7968"},{"taxonomy":"product_tag","embeddable":true,"href":"https:\/\/seehiddenproblems.com\/fr\/wp-json\/wp\/v2\/product_tag?post=7968"}],"curies":[{"name":"wp","href":"https:\/\/api.w.org\/{rel}","templated":true}]}}