{"id":27,"date":"2020-08-06T06:57:16","date_gmt":"2020-08-06T06:57:16","guid":{"rendered":"https:\/\/ti.tioent.com\/?post_type=product&#038;p=27"},"modified":"2025-01-15T04:22:10","modified_gmt":"2025-01-14T20:22:10","slug":"thermacheck","status":"publish","type":"product","link":"https:\/\/seehiddenproblems.com\/fr\/produit\/thermacheck\/","title":{"rendered":"ThermaCheck"},"content":{"rendered":"<p>[et_pb_section fb_built=&#8221;1&#8243; _builder_version=&#8221;4.16&#8243; custom_padding=&#8221;0px||||false|false&#8221; global_colors_info=&#8221;{}&#8221;][et_pb_row _builder_version=&#8221;4.16&#8243; background_size=&#8221;initial&#8221; background_position=&#8221;top_left&#8221; background_repeat=&#8221;repeat&#8221; width=&#8221;100%&#8221; custom_padding=&#8221;0px||0px||false|false&#8221; global_colors_info=&#8221;{}&#8221;][et_pb_column type=&#8221;4_4&#8243; _builder_version=&#8221;4.16&#8243; custom_padding=&#8221;|||&#8221; global_colors_info=&#8221;{}&#8221; custom_padding__hover=&#8221;|||&#8221;][et_pb_wc_breadcrumb _builder_version=&#8221;4.16&#8243; global_colors_info=&#8221;{}&#8221;][\/et_pb_wc_breadcrumb][et_pb_wc_cart_notice _builder_version=&#8221;4.16&#8243; background_color=&#8221;#331584&#8243; custom_button=&#8221;on&#8221; button_text_color=&#8221;#ffffff&#8221; button_bg_color=&#8221;#e09900&#8243; button_border_radius=&#8221;100px&#8221; button_letter_spacing=&#8221;0px&#8221; global_colors_info=&#8221;{}&#8221;][\/et_pb_wc_cart_notice][\/et_pb_column][\/et_pb_row][et_pb_row column_structure=&#8221;1_2,1_2&#8243; _builder_version=&#8221;4.16&#8243; background_size=&#8221;initial&#8221; background_position=&#8221;top_left&#8221; background_repeat=&#8221;repeat&#8221; width=&#8221;100%&#8221; custom_padding=&#8221;0px||||false|false&#8221; global_colors_info=&#8221;{}&#8221;][et_pb_column type=&#8221;1_2&#8243; _builder_version=&#8221;4.16&#8243; custom_padding=&#8221;|||&#8221; global_colors_info=&#8221;{}&#8221; custom_padding__hover=&#8221;|||&#8221;][et_pb_wc_images _builder_version=&#8221;4.16&#8243; global_colors_info=&#8221;{}&#8221;][\/et_pb_wc_images][et_pb_video src=&#8221;https:\/\/seehiddenproblems.com\/wp-content\/uploads\/2020\/08\/file.mp4&#8243; _builder_version=&#8221;4.16&#8243; global_colors_info=&#8221;{}&#8221;][\/et_pb_video][et_pb_text _builder_version=&#8221;4.16&#8243; global_colors_info=&#8221;{}&#8221;]<\/p>\n<p><span>ThermaCheck sensor only detects the face temperature and doesn\u2019t detect other high temperature objects (such as hot drinks in the video)<\/span><\/p>\n<p>[\/et_pb_text][\/et_pb_column][et_pb_column type=&#8221;1_2&#8243; _builder_version=&#8221;4.16&#8243; custom_padding=&#8221;|||&#8221; global_colors_info=&#8221;{}&#8221; custom_padding__hover=&#8221;|||&#8221;][et_pb_wc_title _builder_version=&#8221;4.16&#8243; header_font=&#8221;|600|||||||&#8221; header_text_color=&#8221;#e09900&#8243; global_colors_info=&#8221;{}&#8221;][\/et_pb_wc_title][et_pb_wc_rating _builder_version=&#8221;4.16&#8243; global_colors_info=&#8221;{}&#8221;][\/et_pb_wc_rating][et_pb_wc_price _builder_version=&#8221;4.16&#8243; global_colors_info=&#8221;{}&#8221;][\/et_pb_wc_price][et_pb_wc_description _builder_version=&#8221;4.16&#8243; global_colors_info=&#8221;{}&#8221;][\/et_pb_wc_description][et_pb_wc_add_to_cart _builder_version=&#8221;4.16&#8243; global_colors_info=&#8221;{}&#8221;][\/et_pb_wc_add_to_cart][et_pb_image src=&#8221;https:\/\/seehiddenproblems.com\/wp-content\/uploads\/2020\/08\/whats-in-the-box.jpg&#8221; title_text=&#8221;what&#8217;s in the box&#8221; _builder_version=&#8221;4.16&#8243; global_colors_info=&#8221;{}&#8221;][\/et_pb_image][et_pb_text _builder_version=&#8221;4.16&#8243; global_colors_info=&#8221;{}&#8221;]<\/p>\n<p>Computer should have RAM: 4G or above; CPU: i5 and higher; OS Version: win7 and higher<\/p>\n<p>[\/et_pb_text][et_pb_wc_meta _builder_version=&#8221;4.16&#8243; global_colors_info=&#8221;{}&#8221;][\/et_pb_wc_meta][\/et_pb_column][\/et_pb_row][et_pb_row _builder_version=&#8221;4.16&#8243; global_colors_info=&#8221;{}&#8221;][et_pb_column type=&#8221;4_4&#8243; _builder_version=&#8221;4.16&#8243; global_colors_info=&#8221;{}&#8221;][et_pb_video src=&#8221;https:\/\/seehiddenproblems.com\/wp-content\/uploads\/2020\/08\/Thermacheck-with-subtitles-English-version-1.2.mp4&#8243; image_src=&#8221;https:\/\/seehiddenproblems.com\/wp-content\/uploads\/2020\/08\/ce3b4b_1455e2630bbb45c183514b86de949238_mv2-1.png&#8221; thumbnail_overlay_color=&#8221;rgba(0,0,0,0.6)&#8221; _builder_version=&#8221;4.16&#8243; global_colors_info=&#8221;{}&#8221;][\/et_pb_video][\/et_pb_column][\/et_pb_row][et_pb_row _builder_version=&#8221;4.16&#8243; global_colors_info=&#8221;{}&#8221;][et_pb_column type=&#8221;4_4&#8243; _builder_version=&#8221;4.16&#8243; global_colors_info=&#8221;{}&#8221;][et_pb_image src=&#8221;https:\/\/seehiddenproblems.com\/wp-content\/uploads\/2021\/03\/3-feature-1024&#215;273-2.png&#8221; title_text=&#8221;3-feature-1024&#215;273-2&#8243; _builder_version=&#8221;4.16&#8243; global_colors_info=&#8221;{}&#8221;][\/et_pb_image][\/et_pb_column][\/et_pb_row][et_pb_row column_structure=&#8221;3_5,2_5&#8243; _builder_version=&#8221;4.16&#8243; global_colors_info=&#8221;{}&#8221;][et_pb_column type=&#8221;3_5&#8243; _builder_version=&#8221;4.16&#8243; global_colors_info=&#8221;{}&#8221;][et_pb_image src=&#8221;https:\/\/seehiddenproblems.com\/wp-content\/uploads\/2020\/09\/Webp.net-gifmaker-1.gif&#8221; title_text=&#8221;Webp.net-gifmaker&#8221; _builder_version=&#8221;4.16&#8243; global_colors_info=&#8221;{}&#8221;][\/et_pb_image][\/et_pb_column][et_pb_column type=&#8221;2_5&#8243; _builder_version=&#8221;4.16&#8243; global_colors_info=&#8221;{}&#8221;][et_pb_text _builder_version=&#8221;4.16&#8243; global_colors_info=&#8221;{}&#8221;]<\/p>\n<h2><strong>ThermaCheck TC-160<\/strong><\/h2>\n<h2><strong>Automatic target tracking.<\/strong><\/h2>\n<p>[\/et_pb_text][et_pb_video src=&#8221;https:\/\/seehiddenproblems.com\/wp-content\/uploads\/2020\/09\/RJNL5143-EN.mp4&#8243; _builder_version=&#8221;4.16&#8243; global_colors_info=&#8221;{}&#8221;][\/et_pb_video][et_pb_text _builder_version=&#8221;4.16&#8243; global_colors_info=&#8221;{}&#8221;]<\/p>\n<h5>ThermaCheck provides data logging capabilities, and issues alerts when persons with elevated skin temperature are present.<\/h5>\n<p>[\/et_pb_text][\/et_pb_column][\/et_pb_row][et_pb_row _builder_version=&#8221;4.16&#8243; global_colors_info=&#8221;{}&#8221;][et_pb_column type=&#8221;4_4&#8243; _builder_version=&#8221;4.16&#8243; global_colors_info=&#8221;{}&#8221;][et_pb_image src=&#8221;https:\/\/seehiddenproblems.com\/wp-content\/uploads\/2020\/08\/main-display.jpg&#8221; title_text=&#8221;main display&#8221; _builder_version=&#8221;4.16&#8243; global_colors_info=&#8221;{}&#8221;][\/et_pb_image][\/et_pb_column][\/et_pb_row][et_pb_row _builder_version=&#8221;4.16&#8243; global_colors_info=&#8221;{}&#8221;][et_pb_column type=&#8221;4_4&#8243; _builder_version=&#8221;4.16&#8243; global_colors_info=&#8221;{}&#8221;][et_pb_image src=&#8221;https:\/\/seehiddenproblems.com\/wp-content\/uploads\/2020\/08\/Setup-Guide.jpg&#8221; title_text=&#8221;Setup Guide&#8221; _builder_version=&#8221;4.16&#8243; global_colors_info=&#8221;{}&#8221;][\/et_pb_image][\/et_pb_column][\/et_pb_row][et_pb_row _builder_version=&#8221;4.16&#8243; global_colors_info=&#8221;{}&#8221;][et_pb_column type=&#8221;4_4&#8243; _builder_version=&#8221;4.16&#8243; global_colors_info=&#8221;{}&#8221;][et_pb_image src=&#8221;https:\/\/seehiddenproblems.com\/wp-content\/uploads\/2020\/08\/multi-camera1.jpg&#8221; title_text=&#8221;multi-camera1&#8243; _builder_version=&#8221;4.16&#8243; global_colors_info=&#8221;{}&#8221;][\/et_pb_image][\/et_pb_column][\/et_pb_row][et_pb_row _builder_version=&#8221;4.16&#8243; global_colors_info=&#8221;{}&#8221;][et_pb_column type=&#8221;4_4&#8243; _builder_version=&#8221;4.16&#8243; global_colors_info=&#8221;{}&#8221;][et_pb_image src=&#8221;https:\/\/seehiddenproblems.com\/wp-content\/uploads\/2021\/03\/TC-160-\u898f\u683c\u8868-\u82f1\u6587-2.png&#8221; title_text=&#8221;TC-160-\u898f\u683c\u8868-\u82f1\u6587-2&#8243; _builder_version=&#8221;4.16&#8243; global_colors_info=&#8221;{}&#8221;][\/et_pb_image][\/et_pb_column][\/et_pb_row][et_pb_row _builder_version=&#8221;4.16&#8243; background_size=&#8221;initial&#8221; background_position=&#8221;top_left&#8221; background_repeat=&#8221;repeat&#8221; width=&#8221;100%&#8221; global_colors_info=&#8221;{}&#8221;][et_pb_column type=&#8221;4_4&#8243; _builder_version=&#8221;4.16&#8243; custom_padding=&#8221;|||&#8221; global_colors_info=&#8221;{}&#8221; custom_padding__hover=&#8221;|||&#8221;][et_pb_wc_tabs include_tabs=&#8221;description|specification|&#8221; _builder_version=&#8221;4.16&#8243; body_font_size=&#8221;16px&#8221; global_colors_info=&#8221;{}&#8221;]\t\t\t\t\t[\/et_pb_wc_tabs][et_pb_wc_upsells _builder_version=&#8221;4.16&#8243; global_colors_info=&#8221;{}&#8221;][\/et_pb_wc_upsells][et_pb_wc_related_products icon_hover_color=&#8221;#e09900&#8243; hover_icon=&#8221;&#x24;||divi||400&#8243; _builder_version=&#8221;4.18.0&#8243; product_title_font_size=&#8221;20px&#8221; width=&#8221;80%&#8221; max_width=&#8221;80%&#8221; global_colors_info=&#8221;{}&#8221;][\/et_pb_wc_related_products][\/et_pb_column][\/et_pb_row][\/et_pb_section]<\/p>","protected":false},"excerpt":{"rendered":"<p>Ce d\u00e9tecteur de temp\u00e9rature intelligent \u00e0 double vision est un appareil de surveillance de la temp\u00e9rature cutan\u00e9e de haute pr\u00e9cision, \u00e9quip\u00e9 d'une cam\u00e9ra \u00e0 lumi\u00e8re visible haute d\u00e9finition et d'un imageur thermique infrarouge, qui permet de mesurer la temp\u00e9rature d'une ou de plusieurs cibles et de suivre automatiquement la cible. Il permet un contr\u00f4le pr\u00e9cis et rapide de la temp\u00e9rature cutan\u00e9e des personnes \u00e0 l'aide d'un algorithme adaptatif. Ce syst\u00e8me est id\u00e9al pour le contr\u00f4le des zones publiques, fournit des capacit\u00e9s d'enregistrement des donn\u00e9es et \u00e9met des alertes en cas de pr\u00e9sence de personnes ayant une temp\u00e9rature cutan\u00e9e \u00e9lev\u00e9e. Manuel de l'utilisateur pour Email Alarm<\/p>\n<p><a href=\"https:\/\/seehiddenproblems.com\/wp-content\/uploads\/2021\/03\/User-Manual-for-Email-Alarm-SettingTC-160320.pdf\" target=\"_blank\" rel=\"noopener noreferrer\">User Manual for Email Alarm<\/a><\/p>\n<div style=\"width: 360px;\" class=\"wp-video\"><video class=\"wp-video-shortcode\" id=\"video-27-1\" width=\"360\" height=\"640\" preload=\"metadata\" controls=\"controls\"><source type=\"video\/mp4\" src=\"https:\/\/seehiddenproblems.com\/wp-content\/uploads\/2020\/11\/IMG_8184.mp4?_=1\" \/><a href=\"https:\/\/seehiddenproblems.com\/wp-content\/uploads\/2020\/11\/IMG_8184.mp4\">https:\/\/seehiddenproblems.com\/wp-content\/uploads\/2020\/11\/IMG_8184.mp4<\/a><\/video><\/div>\n<p>&nbsp;<\/p>","protected":false},"featured_media":31067,"template":"","meta":{"_et_pb_use_builder":"on","_et_pb_old_content":"<ul>\r\n \t<li>Comes with desktop tripod.<\/li>\r\n \t<li>Easy to use windows software.<\/li>\r\n \t<li>Multi-camera configurations.<\/li>\r\n \t<li>Use with or without optional blackbody.<\/li>\r\n<\/ul>\r\n<h3>Specification<\/h3>\r\n<ul>\r\n \t<li>Measurement distance: 1 - 4m (3.5 - 13.1ft)<\/li>\r\n \t<li>Accuracy\u00a0<strong>without blackbody:<\/strong>\u00a0\u2264\u00b10.5\u02daF (\u2264\u00b10.3\u02daC)<\/li>\r\n \t<li>Accuracy\u00a0<strong>with blackbody:<\/strong>\u00a0same as blackbody specification<\/li>\r\n \t<li>Power Adapter - Input: 100-240V AC, Output: 12V DC<\/li>\r\n \t<li>Dimensions: 3.75in x 3.5in x 1.6in\u00a0 (95mm x 88mm x 40mm)<\/li>\r\n \t<li>Weight: 12.3 oz (348 g)<\/li>\r\n<\/ul>","_et_gb_content_width":""},"product_brand":[],"product_cat":[15,693],"product_tag":[],"class_list":{"0":"post-27","1":"product","2":"type-product","3":"status-publish","4":"has-post-thumbnail","6":"product_cat-uncategorized","7":"product_cat-thermacheck","9":"first","10":"instock","11":"shipping-taxable","12":"purchasable","13":"product-type-simple"},"_links":{"self":[{"href":"https:\/\/seehiddenproblems.com\/fr\/wp-json\/wp\/v2\/product\/27","targetHints":{"allow":["GET"]}}],"collection":[{"href":"https:\/\/seehiddenproblems.com\/fr\/wp-json\/wp\/v2\/product"}],"about":[{"href":"https:\/\/seehiddenproblems.com\/fr\/wp-json\/wp\/v2\/types\/product"}],"wp:featuredmedia":[{"embeddable":true,"href":"https:\/\/seehiddenproblems.com\/fr\/wp-json\/wp\/v2\/media\/31067"}],"wp:attachment":[{"href":"https:\/\/seehiddenproblems.com\/fr\/wp-json\/wp\/v2\/media?parent=27"}],"wp:term":[{"taxonomy":"product_brand","embeddable":true,"href":"https:\/\/seehiddenproblems.com\/fr\/wp-json\/wp\/v2\/product_brand?post=27"},{"taxonomy":"product_cat","embeddable":true,"href":"https:\/\/seehiddenproblems.com\/fr\/wp-json\/wp\/v2\/product_cat?post=27"},{"taxonomy":"product_tag","embeddable":true,"href":"https:\/\/seehiddenproblems.com\/fr\/wp-json\/wp\/v2\/product_tag?post=27"}],"curies":[{"name":"wp","href":"https:\/\/api.w.org\/{rel}","templated":true}]}}