{"id":1506,"date":"2021-12-08T03:04:55","date_gmt":"2021-12-08T03:04:55","guid":{"rendered":"https:\/\/ti.tioent.com\/?post_type=product&#038;p=1506"},"modified":"2024-10-04T16:33:52","modified_gmt":"2024-10-04T08:33:52","slug":"tnc10-series","status":"publish","type":"product","link":"https:\/\/seehiddenproblems.com\/fr\/produit\/serie-tnc10\/","title":{"rendered":"TNC10"},"content":{"rendered":"<p>[et_pb_section fb_built=&#8221;1&#8243; _builder_version=&#8221;4.16&#8243; custom_padding=&#8221;0px||||false|false&#8221; global_colors_info=&#8221;{}&#8221;][et_pb_row _builder_version=&#8221;4.16&#8243; background_size=&#8221;initial&#8221; background_position=&#8221;top_left&#8221; background_repeat=&#8221;repeat&#8221; width=&#8221;100%&#8221; custom_padding=&#8221;0px||0px||false|false&#8221; global_colors_info=&#8221;{}&#8221;][et_pb_column type=&#8221;4_4&#8243; _builder_version=&#8221;4.16&#8243; custom_padding=&#8221;|||&#8221; global_colors_info=&#8221;{}&#8221; custom_padding__hover=&#8221;|||&#8221;][et_pb_wc_breadcrumb _builder_version=&#8221;4.16&#8243; global_colors_info=&#8221;{}&#8221;][\/et_pb_wc_breadcrumb][et_pb_wc_cart_notice _builder_version=&#8221;4.16&#8243; background_color=&#8221;#331584&#8243; custom_button=&#8221;on&#8221; button_text_color=&#8221;#ffffff&#8221; button_bg_color=&#8221;#e09900&#8243; button_border_radius=&#8221;100px&#8221; button_letter_spacing=&#8221;0px&#8221; global_colors_info=&#8221;{}&#8221;][\/et_pb_wc_cart_notice][\/et_pb_column][\/et_pb_row][et_pb_row column_structure=&#8221;1_2,1_2&#8243; _builder_version=&#8221;4.16&#8243; background_size=&#8221;initial&#8221; background_position=&#8221;top_left&#8221; background_repeat=&#8221;repeat&#8221; width=&#8221;100%&#8221; custom_padding=&#8221;0px||||false|false&#8221; global_colors_info=&#8221;{}&#8221;][et_pb_column type=&#8221;1_2&#8243; _builder_version=&#8221;4.16&#8243; custom_padding=&#8221;|||&#8221; global_colors_info=&#8221;{}&#8221; custom_padding__hover=&#8221;|||&#8221;][et_pb_wc_images _builder_version=&#8221;4.16&#8243; global_colors_info=&#8221;{}&#8221;][\/et_pb_wc_images][\/et_pb_column][et_pb_column type=&#8221;1_2&#8243; _builder_version=&#8221;4.16&#8243; custom_padding=&#8221;|||&#8221; global_colors_info=&#8221;{}&#8221; custom_padding__hover=&#8221;|||&#8221;][et_pb_wc_title _builder_version=&#8221;4.16&#8243; header_font=&#8221;|600|||||||&#8221; header_text_color=&#8221;#e09900&#8243; global_colors_info=&#8221;{}&#8221;][\/et_pb_wc_title][et_pb_wc_rating _builder_version=&#8221;4.16&#8243; global_colors_info=&#8221;{}&#8221;][\/et_pb_wc_rating][et_pb_wc_price _builder_version=&#8221;4.16&#8243; global_colors_info=&#8221;{}&#8221;][\/et_pb_wc_price][et_pb_wc_description _builder_version=&#8221;4.16&#8243; global_colors_info=&#8221;{}&#8221;][\/et_pb_wc_description][et_pb_wc_add_to_cart _builder_version=&#8221;4.16&#8243; global_colors_info=&#8221;{}&#8221;][\/et_pb_wc_add_to_cart][et_pb_wc_meta _builder_version=&#8221;4.16&#8243; global_colors_info=&#8221;{}&#8221;][\/et_pb_wc_meta][\/et_pb_column][\/et_pb_row][et_pb_row _builder_version=&#8221;4.16&#8243; _module_preset=&#8221;default&#8221; global_colors_info=&#8221;{}&#8221;][et_pb_column type=&#8221;4_4&#8243; _builder_version=&#8221;4.16&#8243; _module_preset=&#8221;default&#8221; global_colors_info=&#8221;{}&#8221;][et_pb_image src=&#8221;https:\/\/seehiddenproblems.com\/wp-content\/uploads\/2021\/12\/c30598c2-fd9e-4412-9675-821bed75b8c6_Match.jpg&#8221; align=&#8221;center&#8221; _builder_version=&#8221;4.16&#8243; _module_preset=&#8221;default&#8221; width=&#8221;74%&#8221; global_colors_info=&#8221;{}&#8221;][\/et_pb_image][et_pb_image src=&#8221;https:\/\/seehiddenproblems.com\/wp-content\/uploads\/2021\/12\/89c2c04c-6d91-41a7-bfc1-3aaec95f4160_ir.jpg&#8221; align=&#8221;center&#8221; _builder_version=&#8221;4.16&#8243; _module_preset=&#8221;default&#8221; width=&#8221;100%&#8221; global_colors_info=&#8221;{}&#8221;][\/et_pb_image][et_pb_image src=&#8221;https:\/\/seehiddenproblems.com\/wp-content\/uploads\/2021\/12\/019169ed-8b24-4988-9b72-cdfd5c81947e_Match.jpg&#8221; align=&#8221;center&#8221; _builder_version=&#8221;4.16&#8243; _module_preset=&#8221;default&#8221; width=&#8221;74%&#8221; global_colors_info=&#8221;{}&#8221;][\/et_pb_image][et_pb_image src=&#8221;https:\/\/seehiddenproblems.com\/wp-content\/uploads\/2021\/12\/4e29fb75-0d96-49be-8970-7722cc03b1c1_ir.jpg&#8221; align=&#8221;center&#8221; _builder_version=&#8221;4.16&#8243; _module_preset=&#8221;default&#8221; width=&#8221;100%&#8221; global_colors_info=&#8221;{}&#8221;][\/et_pb_image][\/et_pb_column][\/et_pb_row][et_pb_row _builder_version=&#8221;4.16&#8243; global_colors_info=&#8221;{}&#8221;][et_pb_column type=&#8221;4_4&#8243; _builder_version=&#8221;4.16&#8243; global_colors_info=&#8221;{}&#8221;][et_pb_image src=&#8221;https:\/\/seehiddenproblems.com\/wp-content\/uploads\/2021\/12\/TNC10-SPEC.png&#8221; title_text=&#8221;TNC10 SPEC&#8221; _builder_version=&#8221;4.16&#8243; global_colors_info=&#8221;{}&#8221;][\/et_pb_image][\/et_pb_column][\/et_pb_row][et_pb_row _builder_version=&#8221;4.16&#8243; global_colors_info=&#8221;{}&#8221;][et_pb_column type=&#8221;4_4&#8243; _builder_version=&#8221;4.16&#8243; global_colors_info=&#8221;{}&#8221;][et_pb_image src=&#8221;https:\/\/seehiddenproblems.com\/wp-content\/uploads\/2021\/12\/Appearance-and-interface-description2.png&#8221; title_text=&#8221;Appearance and interface description2&#8243; _builder_version=&#8221;4.16&#8243; global_colors_info=&#8221;{}&#8221;][\/et_pb_image][et_pb_image src=&#8221;https:\/\/seehiddenproblems.com\/wp-content\/uploads\/2021\/12\/Appearance-and-interface-description.png&#8221; title_text=&#8221;Appearance and interface description&#8221; _builder_version=&#8221;4.16&#8243; global_colors_info=&#8221;{}&#8221;][\/et_pb_image][\/et_pb_column][\/et_pb_row][et_pb_row _builder_version=&#8221;4.16&#8243; background_size=&#8221;initial&#8221; background_position=&#8221;top_left&#8221; background_repeat=&#8221;repeat&#8221; width=&#8221;100%&#8221; global_colors_info=&#8221;{}&#8221;][et_pb_column type=&#8221;4_4&#8243; _builder_version=&#8221;4.16&#8243; custom_padding=&#8221;|||&#8221; global_colors_info=&#8221;{}&#8221; custom_padding__hover=&#8221;|||&#8221;][et_pb_wc_tabs include_tabs=&#8221;description|specification|&#8221; _builder_version=&#8221;4.16&#8243; body_font_size=&#8221;16px&#8221; global_colors_info=&#8221;{}&#8221;]\t\t\t\t\t[\/et_pb_wc_tabs][et_pb_wc_upsells _builder_version=&#8221;4.16&#8243; global_colors_info=&#8221;{}&#8221;][\/et_pb_wc_upsells][et_pb_wc_related_products icon_hover_color=&#8221;#e09900&#8243; hover_icon=&#8221;&#x24;||divi||400&#8243; _builder_version=&#8221;4.16&#8243; product_title_font_size=&#8221;20px&#8221; width=&#8221;80%&#8221; global_colors_info=&#8221;{}&#8221;][\/et_pb_wc_related_products][\/et_pb_column][\/et_pb_row][\/et_pb_section]<\/p>","protected":false},"excerpt":{"rendered":"<p>Con\u00e7u pour surveiller 24 heures sur 24 et 7 jours sur 7 tous vos \u00e9quipements critiques et autres biens de valeur. Il vous aide \u00e0 d\u00e9tecter les probl\u00e8mes avant qu'ils ne se transforment en pannes co\u00fbteuses, \u00e0 \u00e9viter les temps d'arr\u00eat et \u00e0 am\u00e9liorer la s\u00e9curit\u00e9 des travailleurs. Id\u00e9al pour le contr\u00f4le et la surveillance des processus, l'assurance qualit\u00e9, la surveillance des conditions et la d\u00e9tection pr\u00e9coce des incendies.<\/p>","protected":false},"featured_media":28426,"template":"","meta":{"_et_pb_use_builder":"on","_et_pb_old_content":"<ul>\r\n \t<li>Dual thermal\/visible network cameras with integrated web interface<\/li>\r\n \t<li>Offers fusion of thermal-visible images with 18 thermal color palettes<\/li>\r\n \t<li>Full-scene temperature monitoring with up to 6 user defined local regions<\/li>\r\n \t<li>Intelligent high\/low temperature tracking, comparative measurements, and fire detection<\/li>\r\n \t<li>Alarm condition detection, relay control, and network broadcasting features<\/li>\r\n \t<li>PlanckView camera management software and full function SDK available<\/li>\r\n<\/ul>\r\n<h3>Specification<\/h3>\r\n<ul>\r\n \t<li>Thermal resolution 160 x 120<\/li>\r\n \t<li>57\u00b0 x 48\u00b0 field of view<\/li>\r\n \t<li>Front-end storage for image and video capture<\/li>\r\n \t<li>Supports PAL and NTSC video formats and image flipping for versatile camera mounting<\/li>\r\n \t<li>IP67 housing<\/li>\r\n \t<li>Supports many network protocols<\/li>\r\n<\/ul>","_et_gb_content_width":""},"product_brand":[],"product_cat":[15,680,686],"product_tag":[],"class_list":{"0":"post-1506","1":"product","2":"type-product","3":"status-publish","4":"has-post-thumbnail","6":"product_cat-uncategorized","7":"product_cat-fix-mount","8":"product_cat-medical","10":"first","11":"outofstock","12":"shipping-taxable","13":"product-type-simple"},"_links":{"self":[{"href":"https:\/\/seehiddenproblems.com\/fr\/wp-json\/wp\/v2\/product\/1506","targetHints":{"allow":["GET"]}}],"collection":[{"href":"https:\/\/seehiddenproblems.com\/fr\/wp-json\/wp\/v2\/product"}],"about":[{"href":"https:\/\/seehiddenproblems.com\/fr\/wp-json\/wp\/v2\/types\/product"}],"wp:featuredmedia":[{"embeddable":true,"href":"https:\/\/seehiddenproblems.com\/fr\/wp-json\/wp\/v2\/media\/28426"}],"wp:attachment":[{"href":"https:\/\/seehiddenproblems.com\/fr\/wp-json\/wp\/v2\/media?parent=1506"}],"wp:term":[{"taxonomy":"product_brand","embeddable":true,"href":"https:\/\/seehiddenproblems.com\/fr\/wp-json\/wp\/v2\/product_brand?post=1506"},{"taxonomy":"product_cat","embeddable":true,"href":"https:\/\/seehiddenproblems.com\/fr\/wp-json\/wp\/v2\/product_cat?post=1506"},{"taxonomy":"product_tag","embeddable":true,"href":"https:\/\/seehiddenproblems.com\/fr\/wp-json\/wp\/v2\/product_tag?post=1506"}],"curies":[{"name":"wp","href":"https:\/\/api.w.org\/{rel}","templated":true}]}}