{"id":546,"date":"2020-09-11T08:40:48","date_gmt":"2020-09-11T08:40:48","guid":{"rendered":"https:\/\/ti.tioent.com\/?page_id=546"},"modified":"2021-04-07T10:32:46","modified_gmt":"2021-04-07T10:32:46","slug":"product-comparison-en","status":"publish","type":"page","link":"https:\/\/seehiddenproblems.com\/fr\/comparaison-de-produits-fr\/","title":{"rendered":"Comparaison des produits FR"},"content":{"rendered":"<p>[et_pb_section fb_built=&#8221;1&#8243; _builder_version=&#8221;4.4.8&#8243; custom_padding=&#8221;|200px|||false|false&#8221; hover_enabled=&#8221;0&#8243;][et_pb_row _builder_version=&#8221;4.4.8&#8243; custom_padding=&#8221;|0px||0px|false|false&#8221;][et_pb_column type=&#8221;4_4&#8243; _builder_version=&#8221;4.4.8&#8243;][et_pb_text _builder_version=&#8221;4.4.8&#8243; custom_margin=&#8221;||-3px|||&#8221;]<\/p>\n<h1>Thermacheck<\/h1>\n<h3>Comparaison des produits<\/h3>\n<p>[\/et_pb_text][et_pb_code _builder_version=&#8221;4.4.8&#8243; custom_padding=&#8221;20px||||false|false&#8221; hover_enabled=&#8221;0&#8243;]<\/p>\n<table class=\"table table-bordered table-hover table-condensed\" <!--no numeric noise key 1232-->\n<thead>\n<tr bgcolor=\"LightGrey\">\n<th title=\"Champ #1\"  width=\"200px\">ThermaCheck<\/th>\n<p><!-- [et_pb_line_break_holder] --><\/p>\n<th title=\"Champ #2\"  width=\"200px\" >Nom du produit<\/th>\n<p><!-- [et_pb_line_break_holder] --><\/p>\n<th title=\"Champ #3\"  width=\"200px\"><a href=\"https:\/\/seehiddenproblems.com\/fr\/produit\/thermacheck-lt\/\"><center><img decoding=\"async\" src=\"https:\/\/seehiddenproblems.com\/wp-content\/uploads\/2020\/08\/LT600600.jpg\"width=\"100px\" height=\"100px\"><center><pee>TC-160 LT<\/th>\n<p><!-- [et_pb_line_break_holder] --><\/p>\n<th title=\"Champ #4\" width=\"200px\"><a href=\"https:\/\/seehiddenproblems.com\/fr\/produit\/thermacheck\/\"><center><img decoding=\"async\" src=\"https:\/\/seehiddenproblems.com\/wp-content\/uploads\/2020\/08\/ThermaCheck600600.jpg\"width=\"100px\" height=\"100px\"><pee>TC-160<\/th>\n<p><!-- [et_pb_line_break_holder] --><\/p>\n<th title=\"Champ #5\" width=\"200px\"><a href=\"https:\/\/seehiddenproblems.com\/fr\/produit\/thermacheck-pro\/\"><center><img decoding=\"async\" src=\"https:\/\/seehiddenproblems.com\/wp-content\/uploads\/2020\/08\/pro600600.jpg\"width=\"100px\" height=\"100px\"><pee>TC-320 PRO<\/th>\n<p><!-- [et_pb_line_break_holder] --><\/p>\n<th title=\"Champ #6\"  width=\"200px\"><a href=\"https:\/\/seehiddenproblems.com\/fr\/produit\/thermacheck-m1\/\"><center><img decoding=\"async\" src=\"https:\/\/seehiddenproblems.com\/wp-content\/uploads\/2021\/03\/Picture1-e1617780384890.png\"width=\"100px\" height=\"100px\"><pee>TC-160 M1<\/th>\n<p><!-- [et_pb_line_break_holder] --><\/tr>\n<\/thead>\n<p><!-- [et_pb_line_break_holder] --><\/p>\n<tbody>\n<tr><!-- [et_pb_line_break_holder] --><\/tr>\n<p><!-- [et_pb_line_break_holder] --><\/p>\n<tr bgcolor=\"Seashell\"><!-- [et_pb_line_break_holder] --> <\/p>\n<td width=\"200px\" bgcolor=\"Seashell\"><b>Sp\u00e9cifications du produit<\/td>\n<p><!-- [et_pb_line_break_holder] --><\/p>\n<td width=\"200px\" bgcolor=\"Seashell\"><b>Caract\u00e9ristiques du produit <\/td>\n<p><!-- [et_pb_line_break_holder] --><\/p>\n<td width=\"200px\">Handheld &#038; Self-contained monitor<\/td>\n<p><!-- [et_pb_line_break_holder] --><\/p>\n<td width=\"200px\">Supporting network &#038; multi-target <\/td>\n<p><!-- [et_pb_line_break_holder] --><\/p>\n<td width=\"200px\">Supporting network &#038; multi-target <\/td>\n<p><!-- [et_pb_line_break_holder] --><\/p>\n<td>Mask Alert &#038; no PC needed<\/td>\n<p><!-- [et_pb_line_break_holder] --><\/tr>\n<p><!-- [et_pb_line_break_holder] --><\/p>\n<tr bgcolor=\"Seashell\"><!-- [et_pb_line_break_holder] --><\/p>\n<td> <\/td>\n<p><!-- [et_pb_line_break_holder] --><\/p>\n<td bgcolor=\"Seashell\"><b>Plage de temp\u00e9rature<\/td>\n<p><!-- [et_pb_line_break_holder] --><\/p>\n<td>34-42\u00b0C( 93 &#8211; 108\u02daF )<\/td>\n<p><!-- [et_pb_line_break_holder] --><\/p>\n<td>Optimal::33-40\u00b0C( 91 &#8211; 104\u02daF )  Max: 28-45\u00b0C ( 82 &#8211; 113\u02daF )<\/td>\n<p><!-- [et_pb_line_break_holder] --><\/p>\n<td>Optimal::33-40\u00b0C( 91 &#8211; 104\u02daF )  Max: 28-45\u00b0C ( 82 &#8211; 113\u02daF )<\/td>\n<p><!-- [et_pb_line_break_holder] --><\/p>\n<td>28-45\u00b0C ( 82-113\u02daF )<\/td>\n<p><!-- [et_pb_line_break_holder] --><\/tr>\n<p><!-- [et_pb_line_break_holder] --><\/p>\n<tr bgcolor=\"Seashell\"><!-- [et_pb_line_break_holder] --><\/p>\n<td> <\/td>\n<p><!-- [et_pb_line_break_holder] --><\/p>\n<td bgcolor=\"Seashell\"><b>Pr\u00e9cision de la temp\u00e9rature<\/td>\n<p><!-- [et_pb_line_break_holder] --><\/p>\n<td>\u2264\u00b10.5\u00b0C<\/td>\n<p><!-- [et_pb_line_break_holder] --><\/p>\n<td>Sans corps noir : \u2264 \u00b10,3\u00b0C<\/td>\n<p><!-- [et_pb_line_break_holder] --><\/p>\n<td>Sans corps noir : \u2264 \u00b10,3\u00b0C<\/td>\n<p><!-- [et_pb_line_break_holder] --><\/p>\n<td>\u00b10,3\u00b0C(\u00b10,5\u02daF )<\/td>\n<p><!-- [et_pb_line_break_holder] --><\/tr>\n<p><!-- [et_pb_line_break_holder] --><\/p>\n<tr bgcolor=\"Seashell\"><!-- [et_pb_line_break_holder] --><\/p>\n<td> <\/td>\n<p><!-- [et_pb_line_break_holder] --><\/p>\n<td bgcolor=\"Seashell\"><b>Distance de mesure<\/td>\n<p><!-- [et_pb_line_break_holder] --><\/p>\n<td>0.6-1.8m<\/td>\n<p><!-- [et_pb_line_break_holder] --><\/p>\n<td>1-4m<\/td>\n<p><!-- [et_pb_line_break_holder] --><\/p>\n<td>1.8-6m<\/td>\n<p><!-- [et_pb_line_break_holder] --><\/p>\n<td>1-4m<\/td>\n<p><!-- [et_pb_line_break_holder] --><\/tr>\n<p><!-- [et_pb_line_break_holder] --><\/p>\n<tr bgcolor=\"Seashell\"><!-- [et_pb_line_break_holder] --><\/p>\n<td> <\/td>\n<p><!-- [et_pb_line_break_holder] --><\/p>\n<td bgcolor=\"Seashell\"><b>Calibrage <\/td>\n<p><!-- [et_pb_line_break_holder] --><\/p>\n<td>Sujet humain<\/td>\n<p><!-- [et_pb_line_break_holder] --><\/p>\n<td>Sujet humain ou corps noir<\/td>\n<p><!-- [et_pb_line_break_holder] --><\/p>\n<td>Sujet humain ou corps noir<\/td>\n<p><!-- [et_pb_line_break_holder] --><\/p>\n<td>Sujet humain ou corps noir<\/td>\n<p><!-- [et_pb_line_break_holder] --><\/tr>\n<p><!-- [et_pb_line_break_holder] --><\/p>\n<tr bgcolor=\"Seashell\"><!-- [et_pb_line_break_holder] --><\/p>\n<td> <\/td>\n<p><!-- [et_pb_line_break_holder] --><\/p>\n<td bgcolor=\"Seashell\"><b>Mode cible<\/td>\n<p><!-- [et_pb_line_break_holder] --><\/p>\n<td>Unique<\/td>\n<p><!-- [et_pb_line_break_holder] --><\/p>\n<td>Personne seule ou plusieurs personnes (~10 personnes maximum)<\/td>\n<p><!-- [et_pb_line_break_holder] --><\/p>\n<td>Personne seule ou plusieurs personnes<\/td>\n<p><!-- [et_pb_line_break_holder] --><\/p>\n<td>Personne seule ou plusieurs personnes (~10 personnes maximum)<\/td>\n<p><!-- [et_pb_line_break_holder] --><\/tr>\n<p><!-- [et_pb_line_break_holder] --><\/p>\n<tr bgcolor=\"Seashell\"><!-- [et_pb_line_break_holder] --><\/p>\n<td> <\/td>\n<p><!-- [et_pb_line_break_holder] --><\/p>\n<td bgcolor=\"Seashell\"><b>Suivi intelligent <\/td>\n<p><!-- [et_pb_line_break_holder] --><\/p>\n<td>Suivi automatique et lecture de la temp\u00e9rature la plus \u00e9lev\u00e9e <\/td>\n<p><!-- [et_pb_line_break_holder] --><\/p>\n<td>Suivi automatique et lecture de la temp\u00e9rature la plus \u00e9lev\u00e9e <\/td>\n<p><!-- [et_pb_line_break_holder] --><\/p>\n<td>Suivi automatique et lecture de la temp\u00e9rature la plus \u00e9lev\u00e9e <\/td>\n<p><!-- [et_pb_line_break_holder] --><\/p>\n<td>Suivi automatique, lecture de la temp\u00e9rature la plus \u00e9lev\u00e9e et alerte au masque <\/td>\n<p><!-- [et_pb_line_break_holder] --><\/tr>\n<p><!-- [et_pb_line_break_holder] --><\/p>\n<tr bgcolor=\"Seashell\"><!-- [et_pb_line_break_holder] --><\/p>\n<td> <\/td>\n<p><!-- [et_pb_line_break_holder] --><\/p>\n<td bgcolor=\"Seashell\"><b>Alerte de temp\u00e9rature <\/td>\n<p><!-- [et_pb_line_break_holder] --><\/p>\n<td>Valeur seuil d\u00e9finie par l'utilisateur <\/td>\n<p><!-- [et_pb_line_break_holder] --><\/p>\n<td>Valeur seuil d\u00e9finie par l'utilisateur <\/td>\n<p><!-- [et_pb_line_break_holder] --><\/p>\n<td>Valeur seuil d\u00e9finie par l'utilisateur <\/td>\n<p><!-- [et_pb_line_break_holder] --><\/p>\n<td>Valeur seuil d\u00e9finie par l'utilisateur <\/td>\n<\/tr>\n<p><!-- [et_pb_line_break_holder] --><\/p>\n<tr  bgcolor=\"Lavender\"><!-- [et_pb_line_break_holder] --><\/p>\n<td><b>Cam\u00e9ra thermique<\/td>\n<p> <!-- [et_pb_line_break_holder] --><\/p>\n<td><b>Technologie des capteurs <\/td>\n<p><!-- [et_pb_line_break_holder] --><\/p>\n<td>Microbolom\u00e8tre Vox non refroidi<\/td>\n<p><!-- [et_pb_line_break_holder] --><\/p>\n<td>Microbolom\u00e8tre Vox non refroidi<\/td>\n<p><!-- [et_pb_line_break_holder] --><\/p>\n<td>Microbolom\u00e8tre Vox non refroidi<\/td>\n<p><!-- [et_pb_line_break_holder] --><\/p>\n<td>Microbolom\u00e8tre<\/td>\n<p><!-- [et_pb_line_break_holder] --><\/tr>\n<p><!-- [et_pb_line_break_holder] --><\/p>\n<tr  bgcolor=\"Lavender\"><!-- [et_pb_line_break_holder] --><\/p>\n<td> <\/td>\n<p><!-- [et_pb_line_break_holder] --><\/p>\n<td><b>R\u00e9solution<\/td>\n<p><!-- [et_pb_line_break_holder] --><\/p>\n<td>160 x 120<\/td>\n<p><!-- [et_pb_line_break_holder] --><\/p>\n<td>160 x 120<\/td>\n<p><!-- [et_pb_line_break_holder] --><\/p>\n<td>336 x 256<\/td>\n<p><!-- [et_pb_line_break_holder] --><\/p>\n<td>160 x 120<\/td>\n<p><!-- [et_pb_line_break_holder] --><\/tr>\n<p><!-- [et_pb_line_break_holder] --><\/p>\n<tr  bgcolor=\"Lavender\"><!-- [et_pb_line_break_holder] --><\/p>\n<td> <\/td>\n<p><!-- [et_pb_line_break_holder] --><\/p>\n<td><b>NETD<\/td>\n<p><!-- [et_pb_line_break_holder] --><\/p>\n<td><50 mK\uff080.050\u00b0C\uff09<\/td>\n<p><!-- [et_pb_line_break_holder] --><\/p>\n<td><50 mK\uff080.050\u00b0C\uff09<\/td>\n<p><!-- [et_pb_line_break_holder] --><\/p>\n<td><50 mK\uff080.050\u00b0C\uff09<\/td>\n<p><!-- [et_pb_line_break_holder] --><\/p>\n<td><50 mK\uff080.050\u00b0C\uff09<\/td>\n<p><!-- [et_pb_line_break_holder] --><\/tr>\n<p><!-- [et_pb_line_break_holder] --><\/p>\n<tr  bgcolor=\"Lavender\"><!-- [et_pb_line_break_holder] --><\/p>\n<td> <\/td>\n<p><!-- [et_pb_line_break_holder] --><\/p>\n<td><b>FOV<\/td>\n<p><!-- [et_pb_line_break_holder] --><\/p>\n<td>57\u00b0X44\u02da<\/td>\n<p><!-- [et_pb_line_break_holder] --><\/p>\n<td>57\u00b0X44\u02da<\/td>\n<p><!-- [et_pb_line_break_holder] --><\/p>\n<td>25\u00b0X19\u00b0(13mm))<\/td>\n<p><!-- [et_pb_line_break_holder] --><\/p>\n<td>57\u00b0X44.3\u00b0<\/td>\n<p><!-- [et_pb_line_break_holder] --><\/tr>\n<p><!-- [et_pb_line_break_holder] --><\/p>\n<tr bgcolor=\"Lavender\"><!-- [et_pb_line_break_holder] --><\/p>\n<td> <\/td>\n<p><!-- [et_pb_line_break_holder] --><\/p>\n<td><b>Palette de couleurs <\/td>\n<p><!-- [et_pb_line_break_holder] --><\/p>\n<td>Rouge fer, gris, arc-en-ciel et flamme (rouge sur gris) <\/td>\n<p><!-- [et_pb_line_break_holder] --><\/p>\n<td>Rouge de fer<\/td>\n<p><!-- [et_pb_line_break_holder] --><\/p>\n<td>Rouge de fer<\/td>\n<p><!-- [et_pb_line_break_holder] --><\/p>\n<td>Rouge de fer<\/td>\n<p><!-- [et_pb_line_break_holder] --><\/tr>\n<p><!-- [et_pb_line_break_holder] --><\/p>\n<tr  bgcolor=\"PeachPuff\"><!-- [et_pb_line_break_holder] --><\/p>\n<td><b>Visible<!\u2013- [et_pb_br_holder] -\u2013>Appareil photo<\/td>\n<p><!-- [et_pb_line_break_holder] --><\/p>\n<td><b>Technologie des capteurs <\/td>\n<p><!-- [et_pb_line_break_holder] --><\/p>\n<td>Pas de capteur de cam\u00e9ra visible<\/td>\n<p><!-- [et_pb_line_break_holder] --><\/p>\n<td>CMOS 1\/2,9 pouces<\/td>\n<p><!-- [et_pb_line_break_holder] --><\/p>\n<td>CMOS 1\/2,9 pouces<\/td>\n<p><!-- [et_pb_line_break_holder] --><\/p>\n<td>CMOS 1\/2,8 pouce<\/td>\n<p><!-- [et_pb_line_break_holder] --><\/tr>\n<p><!-- [et_pb_line_break_holder] --><\/p>\n<tr bgcolor=\"PeachPuff\"><!-- [et_pb_line_break_holder] --><\/p>\n<td> <\/td>\n<p><!-- [et_pb_line_break_holder] --><\/p>\n<td><b>Taille du pixel<\/td>\n<p><!-- [et_pb_line_break_holder] --><\/p>\n<td>Pas de capteur de cam\u00e9ra visible<\/td>\n<p><!-- [et_pb_line_break_holder] --><\/p>\n<td>2MP<\/td>\n<p><!-- [et_pb_line_break_holder] --><\/p>\n<td>2MP<\/td>\n<p><!-- [et_pb_line_break_holder] --><\/p>\n<td>2MP<\/td>\n<p><!-- [et_pb_line_break_holder] --><\/tr>\n<p><!-- [et_pb_line_break_holder] --><\/p>\n<tr bgcolor=\"PeachPuff\"><!-- [et_pb_line_break_holder] --><\/p>\n<td> <\/td>\n<p><!-- [et_pb_line_break_holder] --><\/p>\n<td><b>R\u00e9solution <\/td>\n<p><!-- [et_pb_line_break_holder] --><\/p>\n<td>Pas de capteur de cam\u00e9ra visible<\/td>\n<p><!-- [et_pb_line_break_holder] --><\/p>\n<td>1920*1080<\/td>\n<p><!-- [et_pb_line_break_holder] --><\/p>\n<td>1920*1080<\/td>\n<p><!-- [et_pb_line_break_holder] --><\/p>\n<td>1920*1080<\/td>\n<p><!-- [et_pb_line_break_holder] --><\/tr>\n<p><!-- [et_pb_line_break_holder] --><\/p>\n<tr bgcolor=\"PeachPuff\"><!-- [et_pb_line_break_holder] --><\/p>\n<td> <\/td>\n<p><!-- [et_pb_line_break_holder] --><\/p>\n<td><b>Faible luminosit\u00e9 <\/td>\n<p><!-- [et_pb_line_break_holder] --><\/p>\n<td>Pas de capteur de cam\u00e9ra visible<\/td>\n<p><!-- [et_pb_line_break_holder] --><\/p>\n<td>Color:0.1Lux@(F1.2)\/B&#038;W:0.01Lux@(F1.2)<\/td>\n<p><!-- [et_pb_line_break_holder] --><\/p>\n<td>Color:0.1Lux@(F1.2)\/B&#038;W:0.01Lux@(F1.2)<\/td>\n<p><!-- [et_pb_line_break_holder] --><\/p>\n<td>Couleur:0.01Lux@(F1.5)<\/td>\n<p><!-- [et_pb_line_break_holder] --><\/tr>\n<p><!-- [et_pb_line_break_holder] --><\/p>\n<tr bgcolor=\"PeachPuff\"><!-- [et_pb_line_break_holder] --><\/p>\n<td> <\/td>\n<p><!-- [et_pb_line_break_holder] --><\/p>\n<td><b>Dynamique large <\/td>\n<p><!-- [et_pb_line_break_holder] --><\/p>\n<td>Pas de capteur de cam\u00e9ra visible<\/td>\n<p><!-- [et_pb_line_break_holder] --><\/p>\n<td>Soutenu <\/td>\n<p><!-- [et_pb_line_break_holder] --><\/p>\n<td>Soutenu <\/td>\n<p><!-- [et_pb_line_break_holder] --><\/p>\n<td>Soutenu <\/td>\n<p><!-- [et_pb_line_break_holder] --><\/tr>\n<p><!-- [et_pb_line_break_holder] --><\/p>\n<tr bgcolor=\"PeachPuff\"><!-- [et_pb_line_break_holder] --><\/p>\n<td> <\/td>\n<p><!-- [et_pb_line_break_holder] --><\/p>\n<td><b>Balance des couleurs <\/td>\n<p><!-- [et_pb_line_break_holder] --><\/p>\n<td>Pas de capteur de cam\u00e9ra visible<\/td>\n<p><!-- [et_pb_line_break_holder] --><\/p>\n<td>Soutenu <\/td>\n<p><!-- [et_pb_line_break_holder] --><\/p>\n<td>Soutenu <\/td>\n<p><!-- [et_pb_line_break_holder] --><\/p>\n<td>Soutenu <\/td>\n<p><!-- [et_pb_line_break_holder] --><\/tr>\n<p><!-- [et_pb_line_break_holder] --><\/p>\n<tr bgcolor=\"PeachPuff\"><!-- [et_pb_line_break_holder] --><\/p>\n<td> <\/td>\n<p><!-- [et_pb_line_break_holder] --><\/p>\n<td><b>DNR<\/td>\n<p><!-- [et_pb_line_break_holder] --><\/p>\n<td>Pas de capteur de cam\u00e9ra visible<\/td>\n<p><!-- [et_pb_line_break_holder] --><\/p>\n<td>DNR 3D<\/td>\n<p><!-- [et_pb_line_break_holder] --><\/p>\n<td>DNR 3D<\/td>\n<p><!-- [et_pb_line_break_holder] --><\/p>\n<td>DNR 3D<\/td>\n<p><!-- [et_pb_line_break_holder] --><\/tr>\n<p><!-- [et_pb_line_break_holder] --><\/p>\n<tr bgcolor=\"PaleGreen\"><!-- [et_pb_line_break_holder] --><\/p>\n<td><b>G\u00e9n\u00e9ral<\/td>\n<p><!-- [et_pb_line_break_holder] --><\/p>\n<td><b>Temp\u00e9rature de fonctionnement <\/td>\n<p><!-- [et_pb_line_break_holder] --><\/p>\n<td>18-26\u02daC(64 - 79 \u02daF))<\/td>\n<p><!-- [et_pb_line_break_holder] --><\/p>\n<td>0-45\u00b0C(50 &#8211; 113\u02daF) \/Preferred:16-32\u00b0C(60 &#8211; 90\u02daF)<\/td>\n<p><!-- [et_pb_line_break_holder] --><\/p>\n<td>0-45\u00b0C(50 &#8211; 113\u02daF) \/Preferred:16-32\u00b0C(60 &#8211; 90\u02daF)<\/td>\n<p><!-- [et_pb_line_break_holder] --><\/p>\n<td>0-45\u00b0C(50 &#8211; 113\u02daF) \/Preferred:16-32\u00b0C(60 &#8211; 90\u02daF)<\/td>\n<p><!-- [et_pb_line_break_holder] --><\/tr>\n<p><!-- [et_pb_line_break_holder] --><\/p>\n<tr bgcolor=\"PaleGreen\"><!-- [et_pb_line_break_holder] --><\/p>\n<td> <\/td>\n<p><!-- [et_pb_line_break_holder] --><\/p>\n<td><b>Humidit\u00e9 <\/td>\n<p><!-- [et_pb_line_break_holder] --><\/p>\n<td>EC 60068-2-30 \/ 24h 85\uff05RH<\/td>\n<p><!-- [et_pb_line_break_holder] --><\/p>\n<td>EC 60068-2-30 \/ 24h 85\uff05RH<\/td>\n<p><!-- [et_pb_line_break_holder] --><\/p>\n<td>EC 60068-2-30 \/ 24h 85\uff05RH<\/td>\n<p><!-- [et_pb_line_break_holder] --><\/p>\n<td>EC 60068-2-30 \/ 24h 85\uff05RH<\/td>\n<p><!-- [et_pb_line_break_holder] --><\/tr>\n<p><!-- [et_pb_line_break_holder] --><\/p>\n<tr bgcolor=\"PaleGreen\"><!-- [et_pb_line_break_holder] --><\/p>\n<td> <\/td>\n<p><!-- [et_pb_line_break_holder] --><\/p>\n<td><b>Puissance<\/td>\n<p><!-- [et_pb_line_break_holder] --><\/p>\n<td>Batterie au lithium-polym\u00e8re de 1500 mAH <\/td>\n<p><!-- [et_pb_line_break_holder] --><\/p>\n<td>Entr\u00e9e : 100-240V AC, Sortie : 15V 2A DC <\/td>\n<p><!-- [et_pb_line_break_holder] --><\/p>\n<td>Entr\u00e9e : 100-240V AC, Sortie : 15V 2A DC <\/td>\n<p><!-- [et_pb_line_break_holder] --><\/p>\n<td>Entr\u00e9e : 100-240V AC, Sortie : 15V 2A DC <\/td>\n<p><!-- [et_pb_line_break_holder] --><\/tr>\n<p><!-- [et_pb_line_break_holder] --><\/p>\n<tr bgcolor=\"PaleGreen\"><!-- [et_pb_line_break_holder] --><\/p>\n<td> <\/td>\n<p><!-- [et_pb_line_break_holder] --><\/p>\n<td><b>Dimension <\/td>\n<p><!-- [et_pb_line_break_holder] --><\/p>\n<td>125 x 72 x 16mm<\/td>\n<p><!-- [et_pb_line_break_holder] --><\/p>\n<td>95 x 88 x 40mm<\/td>\n<p><!-- [et_pb_line_break_holder] --><\/p>\n<td>86 x 105 x 144mm<\/td>\n<p><!-- [et_pb_line_break_holder] --><\/p>\n<td>130 x 90 x 45mm<\/td>\n<p><!-- [et_pb_line_break_holder] --><\/tr>\n<p><!-- [et_pb_line_break_holder] --><\/p>\n<tr bgcolor=\"PaleGreen\"><!-- [et_pb_line_break_holder] --><\/p>\n<td> <\/td>\n<p><!-- [et_pb_line_break_holder] --><\/p>\n<td><b>Poids <\/td>\n<p><!-- [et_pb_line_break_holder] --><\/p>\n<td>180g<\/td>\n<p><!-- [et_pb_line_break_holder] --><\/p>\n<td>348g<\/td>\n<p><!-- [et_pb_line_break_holder] --><\/p>\n<td>1200g<\/td>\n<p><!-- [et_pb_line_break_holder] --><\/p>\n<td>465g<\/td>\n<p><!-- [et_pb_line_break_holder] --><\/tr>\n<p><!-- [et_pb_line_break_holder] --><\/p>\n<tr bgcolor=\"PaleGreen\"><!-- [et_pb_line_break_holder] --><\/p>\n<td> <\/td>\n<p><!-- [et_pb_line_break_holder] --><\/p>\n<td><b>Illuminateur IR<\/td>\n<p><!-- [et_pb_line_break_holder] --><\/p>\n<td>Non<\/td>\n<p><!-- [et_pb_line_break_holder] --><\/p>\n<td>Non<\/td>\n<p><!-- [et_pb_line_break_holder] --><\/p>\n<td>LED 850nm de 5 watts<\/td>\n<p><!-- [et_pb_line_break_holder] --><\/p>\n<td>Non<\/td>\n<p><!-- [et_pb_line_break_holder] --><\/tr>\n<p><!-- [et_pb_line_break_holder] --><\/p>\n<tr bgcolor=\"PaleGreen\"><!-- [et_pb_line_break_holder] --><\/p>\n<td> <\/td>\n<p><!-- [et_pb_line_break_holder] --><\/p>\n<td><b>Moniteur autonome<\/td>\n<p><!-- [et_pb_line_break_holder] --><\/p>\n<td>3.5inch TFT LCD monitor(480&#215;320)<\/td>\n<p><!-- [et_pb_line_break_holder] --><\/p>\n<td>Non, n\u00e9cessite la connexion d'un ordinateur ou d'un r\u00e9seau interne<\/td>\n<p><!-- [et_pb_line_break_holder] --><\/p>\n<td>Non, n\u00e9cessite la connexion d'un ordinateur ou d'un r\u00e9seau interne<\/td>\n<p><!-- [et_pb_line_break_holder] --><\/p>\n<td>N\u00e9cessite un \u00e9cran avec connexion HDMI<\/td>\n<p><!-- [et_pb_line_break_holder] --><\/tr>\n<p><!-- [et_pb_line_break_holder] --><\/p>\n<tr bgcolor=\"PaleGreen\"><!-- [et_pb_line_break_holder] --><\/p>\n<td> <\/td>\n<p><!-- [et_pb_line_break_holder] --><\/p>\n<td> <\/td>\n<p><!-- [et_pb_line_break_holder] --><\/p>\n<td> <\/td>\n<p><!-- [et_pb_line_break_holder] --><\/p>\n<td> <\/td>\n<p><!-- [et_pb_line_break_holder] --><\/p>\n<td> <\/td>\n<p><!-- [et_pb_line_break_holder] --><\/p>\n<td> <\/td>\n<p><!-- [et_pb_line_break_holder] --><\/tr>\n<p><!-- [et_pb_line_break_holder] --><\/tbody>\n<\/table>\n<p>[\/et_pb_code][\/et_pb_column][\/et_pb_row][\/et_pb_section]<\/p>","protected":false},"excerpt":{"rendered":"<p>Thermacheck Comparaison des produits<\/p>","protected":false},"author":1,"featured_media":0,"parent":0,"menu_order":0,"comment_status":"closed","ping_status":"closed","template":"","meta":{"_et_pb_use_builder":"on","_et_pb_old_content":"","_et_gb_content_width":"","footnotes":""},"class_list":["post-546","page","type-page","status-publish","hentry"],"_links":{"self":[{"href":"https:\/\/seehiddenproblems.com\/fr\/wp-json\/wp\/v2\/pages\/546","targetHints":{"allow":["GET"]}}],"collection":[{"href":"https:\/\/seehiddenproblems.com\/fr\/wp-json\/wp\/v2\/pages"}],"about":[{"href":"https:\/\/seehiddenproblems.com\/fr\/wp-json\/wp\/v2\/types\/page"}],"author":[{"embeddable":true,"href":"https:\/\/seehiddenproblems.com\/fr\/wp-json\/wp\/v2\/users\/1"}],"replies":[{"embeddable":true,"href":"https:\/\/seehiddenproblems.com\/fr\/wp-json\/wp\/v2\/comments?post=546"}],"version-history":[{"count":0,"href":"https:\/\/seehiddenproblems.com\/fr\/wp-json\/wp\/v2\/pages\/546\/revisions"}],"wp:attachment":[{"href":"https:\/\/seehiddenproblems.com\/fr\/wp-json\/wp\/v2\/media?parent=546"}],"curies":[{"name":"wp","href":"https:\/\/api.w.org\/{rel}","templated":true}]}}