{"id":28035,"date":"2024-07-15T17:58:21","date_gmt":"2024-07-15T09:58:21","guid":{"rendered":"https:\/\/ti.tioent.com\/?page_id=28035"},"modified":"2024-09-09T01:37:02","modified_gmt":"2024-09-08T17:37:02","slug":"cargo-fire-loss-prevention","status":"publish","type":"page","link":"https:\/\/seehiddenproblems.com\/fr\/prevention-des-pertes-dues-aux-incendies-de-cargaison\/","title":{"rendered":"Pr\u00e9vention des incendies et des pertes de cargaison"},"content":{"rendered":"<p>[et_pb_section fb_built=\"1\u2033 _builder_version=\"4.21.2\u2033 _module_preset=\"default\" custom_padding=\"0px||||false|false\" global_colors_info=\"{}\"][et_pb_row _builder_version=\"4.21.2\u2033 _module_preset=\"default\" background_color=\"#414141\u2033 max_width=\"100%\" custom_margin=\"||||false|false\" global_colors_info=\"{}\"][et_pb_column type=\"4_4\u2033 _builder_version=\"4.21.2\u2033 _module_preset=\"default\" global_colors_info=\"{}\"][et_pb_text _builder_version=\"4.21.2\u2033 _module_preset=\"default\" text_font=\"|600|||||||\" header_2_font=\"|600|||||||\" header_2_text_align=\"center\" header_2_text_color=\"#FFFFFF\" header_2_font_size=\"30px\" global_colors_info=\"{}\"]<\/p>\n<div id=\"bgLayers_comp-ln96kzkh8\" data-hook=\"bgLayers\" class=\"MW5IWV\">\n<div id=\"bgMedia_comp-ln96kzkh8\" class=\"VgO9Yg\"><\/div>\n<\/div>\n<div data-mesh-id=\"comp-ln96kzkh8inlineContent\" data-testid=\"inline-content\" class=\"\">\n<div data-mesh-id=\"comp-ln96kzkh8inlineContent-gridContainer\" data-testid=\"mesh-container-content\">\n<div id=\"comp-ln96kzkj\" class=\"KcpHeO tz5f0K comp-ln96kzkj wixui-rich-text\" data-testid=\"richTextElement\">\n<h2 class=\"font_2 wixui-rich-text__text\"><span class=\"wixui-rich-text__text\">Pr\u00e9vention des incendies et des pertes de cargaison<\/span><\/h2>\n<\/div>\n<\/div>\n<\/div>\n<p>[\/et_pb_text][\/et_pb_column][\/et_pb_row][\/et_pb_section][et_pb_section fb_built=&#8221;1&#8243; _builder_version=&#8221;4.21.2&#8243; _module_preset=&#8221;default&#8221; custom_margin=&#8221;||||false|false&#8221; custom_padding=&#8221;0px||0px||false|false&#8221; global_colors_info=&#8221;{}&#8221;][et_pb_row _builder_version=&#8221;4.21.2&#8243; _module_preset=&#8221;default&#8221; global_colors_info=&#8221;{}&#8221;][et_pb_column type=&#8221;4_4&#8243; _builder_version=&#8221;4.21.2&#8243; _module_preset=&#8221;default&#8221; global_colors_info=&#8221;{}&#8221;][et_pb_image src=&#8221;https:\/\/seehiddenproblems.com\/wp-content\/uploads\/2024\/07\/a59c45a6-744c-47ec-8bca-12a83cfd58d3.png&#8221; _builder_version=&#8221;4.21.2&#8243; _module_preset=&#8221;default&#8221; global_colors_info=&#8221;{}&#8221;][\/et_pb_image][et_pb_text _builder_version=&#8221;4.21.2&#8243; _module_preset=&#8221;default&#8221; header_2_font=&#8221;|800|||||||&#8221; header_2_text_align=&#8221;center&#8221; header_2_font_size=&#8221;50px&#8221; global_colors_info=&#8221;{}&#8221;]<\/p>\n<h2 class=\"font_2 wixui-rich-text__text\"><span class=\"wixui-rich-text__text\">Prot\u00e9ger contre les risques extr\u00eames<\/span><\/h2>\n<p>[\/et_pb_text][\/et_pb_column][\/et_pb_row][\/et_pb_section][et_pb_section fb_built=&#8221;1&#8243; _builder_version=&#8221;4.21.2&#8243; _module_preset=&#8221;default&#8221; background_color=&#8221;#f0f0f0&#8243; custom_margin=&#8221;||||false|false&#8221; custom_padding=&#8221;0px||0px||false|false&#8221; global_colors_info=&#8221;{}&#8221;][et_pb_row column_structure=&#8221;1_3,2_3&#8243; _builder_version=&#8221;4.21.2&#8243; _module_preset=&#8221;default&#8221; global_colors_info=&#8221;{}&#8221;][et_pb_column type=&#8221;1_3&#8243; _builder_version=&#8221;4.21.2&#8243; _module_preset=&#8221;default&#8221; global_colors_info=&#8221;{}&#8221;][et_pb_text _builder_version=&#8221;4.21.2&#8243; _module_preset=&#8221;default&#8221; header_2_font=&#8221;|700|||||||&#8221; header_2_font_size=&#8221;28px&#8221; global_colors_info=&#8221;{}&#8221;]<\/p>\n<h2 class=\"font_2 wixui-rich-text__text\"><span class=\"wixui-rich-text__text\">Solutions \u00e9volutives pour les navires de charge<\/span><\/h2>\n<p>[\/et_pb_text][et_pb_text _builder_version=&#8221;4.21.2&#8243; _module_preset=&#8221;default&#8221; text_font=&#8221;|600|||||||&#8221; text_font_size=&#8221;16px&#8221; global_colors_info=&#8221;{}&#8221;]<\/p>\n<p><span>Pour les cargos, Planck Vision Systems offre des solutions de protection in\u00e9gal\u00e9es en utilisant les cam\u00e9ras thermiques TRX600, TNC20 et TNC400PT. Con\u00e7u pour une surveillance sans rel\u00e2che et une analyse m\u00e9ticuleuse des donn\u00e9es, notre \u00e9quipement est votre sentinelle dans les conditions exigeantes du transport maritime. La surveillance permanente de nos syst\u00e8mes d\u00e9tecte les tendances et les irr\u00e9gularit\u00e9s cruciales, fournissant une couche de d\u00e9fense fortifi\u00e9e contre les menaces qui p\u00e8sent sur la s\u00e9curit\u00e9 et l'int\u00e9grit\u00e9 des cargaisons. Que vous naviguiez sur des mers tranquilles ou turbulentes, faites confiance \u00e0 Planck Vision Systems pour une protection in\u00e9branlable de votre cargaison, en att\u00e9nuant les pertes et en prot\u00e9geant vos actifs contre les impr\u00e9vus.<\/span><\/p>\n<p>[\/et_pb_text][\/et_pb_column][et_pb_column type=&#8221;2_3&#8243; _builder_version=&#8221;4.21.2&#8243; _module_preset=&#8221;default&#8221; global_colors_info=&#8221;{}&#8221;][et_pb_button button_url=&#8221;mailto:ti@tioent.com&#8221; button_text=&#8221;Book a Meeting&#8221; button_alignment=&#8221;center&#8221; _builder_version=&#8221;4.27.0&#8243; _module_preset=&#8221;default&#8221; custom_button=&#8221;on&#8221; button_text_color=&#8221;#FFFFFF&#8221; button_bg_color=&#8221;#000000&#8243; button_border_color=&#8221;#000000&#8243; button_use_icon=&#8221;off&#8221; hover_enabled=&#8221;0&#8243; button_bg_color_last_edited=&#8221;off|desktop&#8221; global_colors_info=&#8221;{}&#8221; button_text_color__hover_enabled=&#8221;on|hover&#8221; button_bg_color__hover_enabled=&#8221;on|desktop&#8221; button_text_color__hover=&#8221;#000000&#8243; button_bg_color__hover=&#8221;#FFFFFF&#8221; button_bg_enable_color__hover=&#8221;on&#8221; sticky_enabled=&#8221;0&#8243;][\/et_pb_button][et_pb_image src=&#8221;https:\/\/seehiddenproblems.com\/wp-content\/uploads\/2024\/07\/4db4dcb4-d62c-476f-ba3e-2c852b689486.png&#8221; title_text=&#8221;4db4dcb4-d62c-476f-ba3e-2c852b689486&#8243; _builder_version=&#8221;4.21.2&#8243; _module_preset=&#8221;default&#8221; width=&#8221;100%&#8221; global_colors_info=&#8221;{}&#8221;][\/et_pb_image][\/et_pb_column][\/et_pb_row][\/et_pb_section][et_pb_section fb_built=&#8221;1&#8243; _builder_version=&#8221;4.21.2&#8243; _module_preset=&#8221;default&#8221; custom_padding=&#8221;0px||||false|false&#8221; global_colors_info=&#8221;{}&#8221;][et_pb_row _builder_version=&#8221;4.21.2&#8243; _module_preset=&#8221;default&#8221; global_colors_info=&#8221;{}&#8221;][et_pb_column type=&#8221;4_4&#8243; _builder_version=&#8221;4.21.2&#8243; _module_preset=&#8221;default&#8221; global_colors_info=&#8221;{}&#8221;][et_pb_image src=&#8221;https:\/\/seehiddenproblems.com\/wp-content\/uploads\/2024\/07\/SharedS1creenshot.jpg&#8221; title_text=&#8221;SharedS1creenshot&#8221; _builder_version=&#8221;4.21.2&#8243; _module_preset=&#8221;default&#8221; global_colors_info=&#8221;{}&#8221;][\/et_pb_image][\/et_pb_column][\/et_pb_row][et_pb_row column_structure=&#8221;2_5,3_5&#8243; _builder_version=&#8221;4.21.2&#8243; _module_preset=&#8221;default&#8221; global_colors_info=&#8221;{}&#8221;][et_pb_column type=&#8221;2_5&#8243; _builder_version=&#8221;4.21.2&#8243; _module_preset=&#8221;default&#8221; global_colors_info=&#8221;{}&#8221;][et_pb_text _builder_version=&#8221;4.21.2&#8243; _module_preset=&#8221;default&#8221; text_font=&#8221;|700|||||||&#8221; text_font_size=&#8221;40px&#8221; text_line_height=&#8221;1.6em&#8221; text_orientation=&#8221;right&#8221; global_colors_info=&#8221;{}&#8221;]<\/p>\n<p><span>Pourquoi<\/span><br class=\"wixui-rich-text__text\" \/><span>Choisir<\/span><br class=\"wixui-rich-text__text\" \/><span>Planck ?<\/span><\/p>\n<p>[\/et_pb_text][et_pb_image src=&#8221;https:\/\/seehiddenproblems.com\/wp-content\/uploads\/2024\/07\/eed67104-8109-4b3d-a9c6-90a6867c4d2f.png&#8221; title_text=&#8221;eed67104-8109-4b3d-a9c6-90a6867c4d2f&#8221; _builder_version=&#8221;4.21.2&#8243; _module_preset=&#8221;default&#8221; global_colors_info=&#8221;{}&#8221;][\/et_pb_image][\/et_pb_column][et_pb_column type=&#8221;3_5&#8243; _builder_version=&#8221;4.21.2&#8243; _module_preset=&#8221;default&#8221; global_colors_info=&#8221;{}&#8221;][et_pb_text _builder_version=&#8221;4.21.2&#8243; _module_preset=&#8221;default&#8221; text_font=&#8221;|600|||||||&#8221; text_font_size=&#8221;20px&#8221; global_colors_info=&#8221;{}&#8221;]<\/p>\n<ul class=\"font_8 wixui-rich-text__text\">\n<li class=\"wixui-rich-text__text\">\n<p class=\"font_8 wixui-rich-text__text\"><span class=\"wixui-rich-text__text\">Choix \u00e9conomiques pour les inspections distribu\u00e9es \u00e0 grande \u00e9chelle<\/span><\/p>\n<\/li>\n<li class=\"wixui-rich-text__text\">\n<p class=\"font_8 wixui-rich-text__text\"><span class=\"wixui-rich-text__text\">Conception IP66 pour la protection contre l'exposition \u00e0 l'eau sous haute pression<\/span><\/p>\n<\/li>\n<li class=\"wixui-rich-text__text\">\n<p class=\"font_8 wixui-rich-text__text\"><span class=\"wixui-rich-text__text\">Compatibilit\u00e9 de la conception avec les conditions maritimes difficiles<\/span><\/p>\n<\/li>\n<li class=\"wixui-rich-text__text\">\n<p class=\"font_8 wixui-rich-text__text\"><span class=\"wixui-rich-text__text\">Les solutions les mieux adapt\u00e9es \u00e0 la surveillance des cales \u00e0 marchandises<\/span><\/p>\n<\/li>\n<li class=\"wixui-rich-text__text\">\n<p class=\"font_8 wixui-rich-text__text\"><span class=\"wixui-rich-text__text\">Des solutions compl\u00e9mentaires pour un syst\u00e8me int\u00e9gr\u00e9<\/span><\/p>\n<\/li>\n<\/ul>\n<p>[\/et_pb_text][et_pb_text _builder_version=&#8221;4.21.2&#8243; _module_preset=&#8221;default&#8221; text_font_size=&#8221;26px&#8221; text_line_height=&#8221;1.6em&#8221; header_font=&#8221;|700|||||||&#8221; header_text_align=&#8221;center&#8221; header_font_size=&#8221;35px&#8221; text_orientation=&#8221;center&#8221; global_colors_info=&#8221;{}&#8221;]<\/p>\n<h1 class=\"font_8 wixui-rich-text__text\"><span class=\"wixui-rich-text__text\">Voir au-del\u00e0 des limites<\/span><\/h1>\n<p class=\"font_8 wixui-rich-text__text\"><span class=\"wixui-rich-text__text\">Un contr\u00f4le ininterrompu<br class=\"wixui-rich-text__text\" \/>&amp; Int\u00e9gration transparente<\/span><\/p>\n<p>[\/et_pb_blurb][\/et_pb_column][\/et_pb_row][\/et_pb_section][et_pb_section fb_built=\"1\u2033 _builder_version=\"4.21.2\u2033 _module_preset=\"default\" background_color=\"#f0f0f0\u2033 custom_padding=\"||0%||false|false\" global_colors_info=\"{}\"][et_pb_row column_structure=\"1_2,1_2\u2033 _builder_version=\"4.21.2\u2033 _module_preset=\"default\" global_colors_info=\"{}\"][et_pb_column type=\"1_2\u2033 _builder_version=\"4.21.2\u2033 _module_preset=\"default\" global_colors_info=\"{}\"][et_pb_blurb _builder_version=\"4.21.2\u2033 _module_preset=\"default\" header_font=\"|600|||||||\" header_font_size=\"30px\" header_line_height=\"2em\" body_text_color=\"#000000\u2033 body_font_size=\"18px\" global_colors_info=\"{}\"]<\/p>\n<p class=\"font_8 wixui-rich-text__text\"><strong>Les cam\u00e9ras thermiques de Planck Vision Systems offrent une surveillance 24 heures sur 24 et 7 jours sur 7, recueillant et analysant constamment les donn\u00e9es \u00e0 l'aide d'un logiciel qui identifie les tendances et les anomalies. Que ce soit \u00e0 l'aide de cam\u00e9ras fixes, de cam\u00e9ras panoramiques ou de nos solutions robotiques avanc\u00e9es, nous garantissons une \u00e9tude compl\u00e8te des grandes zones de postes \u00e9lectriques avec des images thermiques claires. Faites confiance \u00e0 Planck Vision Systems pour \u00eatre au bon endroit au bon moment, afin de pr\u00e9venir les d\u00e9faillances co\u00fbteuses et inattendues des postes \u00e9lectriques.<\/strong><\/p>\n<p>[\/et_pb_blurb][et_pb_button button_url=\"mailto:ti@tioent.com\" button_text=\"Contactez-nous pour obtenir des informations\" button_alignment=\"center\" _builder_version=\"4.27.0\u2033 _module_preset=\"default\" custom_button=\"on\" button_text_color=\"#FFFFFF\" button_bg_color=\"#000000\u2033 button_border_color=\"#000000\u2033 button_use_icon=\"off\" hover_enabled=\"0\u2033 global_colors_info=\"{}\" button_text_color__hover_enabled=\"on|hover\" button_text_color__hover=\"#000000\u2033 button_bg_color__hover_enabled=\"on|desktop\" button_bg_color__hover=\"#FFFFFF\" button_bg_enable_color__hover=\"on\" button_border_color__hover_enabled=\"off|desktop\" sticky_enabled=\"0\u2033][\/et_p_button][et_p_button button_url=\"https :\/\/seehiddenproblems.com\/product\/\" button_text=\"D\u00e9tails du produit\" button_alignment=\"center\" _builder_version=\"4.27.0\u2033 _module_preset=\"default\" custom_button=\"on\" button_text_color=\"#FFFFFF\" button_bg_color=\"#000000\u2033 button_border_color=\"#000000\u2033 button_font=\"||||||||\" button_use_icon=\"off\" custom_padding=\"|73px||73px|false|false\" hover_enabled=\"0\u2033 global_colors_info=\"{}\" button_text_color__hover_enabled=\"on|hover\" button_text_color__hover=\"#000000\u2033 button_bg_color__hover_enabled=\"on|desktop\" button_bg_color__hover=\"#FFFFFF\" button_bg_enable_color__hover=\"on\" sticky_enabled=\"0\u2033][\/et_pb_button][\/et_pb_column][et_pb_column type=\"1_2\u2033 _builder_version=\"4.21.2\u2033 _module_preset=\"default\" global_colors_info=\"{}\"][et_pb_image src=\"https:\/\/seehiddenproblems.com\/wp-content\/uploads\/2024\/07\/1SharedScreenshot.jpg\" title_text=\"1SharedScreenshot\" _builder_version=\"4.21.2\u2033 _module_preset=\"default\" global_colors_info=\"{}\"][\/et_pb_image][et_pb_text _builder_version=\"4.21.2\u2033 _module_preset=\"default\" header_2_font=\"||||||||\" header_2_font_size=\"16px\" text_orientation=\"center\" global_colors_info=\"{}\"]<\/p>\n<h2 class=\"font_2 wixui-rich-text__text\"><span class=\"wixui-rich-text__text\">Famille de cam\u00e9ras thermiques industrielles de Planck Vision Systems<\/span><\/h2>\n<p>[\/et_pb_text][\/et_pb_column][\/et_pb_row][\/et_pb_section]<\/p>","protected":false},"excerpt":{"rendered":"<p>Cargo Fire &amp; Loss Prevention Guard Under Extreme RisksScalable Solutions for Cargo ShipsFor cargo ships, Planck Vision Systems offers unparalleled protection solutions utilizing the advanced TRX600, TNC20 fixed mount, and the TNC400PT thermal imaging cameras. Designed for relentless monitoring and meticulous data analysis, our equipment is your sentinel in the demanding conditions of maritime transport. Our systems\u2019 perpetual oversight detects crucial trends and irregularities, providing a fortified layer of defense against threats to cargo safety and integrity. Whether navigating tranquil or turbulent seas, rely on Planck Vision Systems for steadfast cargo protection, mitigating losses and shielding assets from the unforeseen.WhyChoosePlanck?\u200b Economical choices for large distributed inspections IP66 design for protection against high pressure water exposure Design compatibility with harsh maritime conditions Best suited solutions for challenging cargo hold monitoring Complimentary solutions for an integrated system See Beyond the Limits Uninterrupted Oversight&amp; Seamless IntegrationPlanck Vision Systems thermal imaging cameras offer 24\/7 monitoring, constantly gathering and analyzing data with software that pinpoints trends and anomalies. Whether using fixed mount, pan\/tilt drive cameras, or our advanced robotic solutions, we ensure a comprehensive survey of large substation areas with clear thermal images. Trust in Planck Vision Systems to be in the right place at [&hellip;]<\/p>","protected":false},"author":1,"featured_media":0,"parent":0,"menu_order":0,"comment_status":"closed","ping_status":"closed","template":"","meta":{"_et_pb_use_builder":"on","_et_pb_old_content":"","_et_gb_content_width":"","footnotes":""},"class_list":["post-28035","page","type-page","status-publish","hentry"],"_links":{"self":[{"href":"https:\/\/seehiddenproblems.com\/fr\/wp-json\/wp\/v2\/pages\/28035","targetHints":{"allow":["GET"]}}],"collection":[{"href":"https:\/\/seehiddenproblems.com\/fr\/wp-json\/wp\/v2\/pages"}],"about":[{"href":"https:\/\/seehiddenproblems.com\/fr\/wp-json\/wp\/v2\/types\/page"}],"author":[{"embeddable":true,"href":"https:\/\/seehiddenproblems.com\/fr\/wp-json\/wp\/v2\/users\/1"}],"replies":[{"embeddable":true,"href":"https:\/\/seehiddenproblems.com\/fr\/wp-json\/wp\/v2\/comments?post=28035"}],"version-history":[{"count":6,"href":"https:\/\/seehiddenproblems.com\/fr\/wp-json\/wp\/v2\/pages\/28035\/revisions"}],"predecessor-version":[{"id":29410,"href":"https:\/\/seehiddenproblems.com\/fr\/wp-json\/wp\/v2\/pages\/28035\/revisions\/29410"}],"wp:attachment":[{"href":"https:\/\/seehiddenproblems.com\/fr\/wp-json\/wp\/v2\/media?parent=28035"}],"curies":[{"name":"wp","href":"https:\/\/api.w.org\/{rel}","templated":true}]}}