{"id":28027,"date":"2024-07-15T17:34:37","date_gmt":"2024-07-15T09:34:37","guid":{"rendered":"https:\/\/ti.tioent.com\/?page_id=28027"},"modified":"2024-09-09T01:36:36","modified_gmt":"2024-09-08T17:36:36","slug":"alternative-power","status":"publish","type":"page","link":"https:\/\/seehiddenproblems.com\/fr\/energie-alternative\/","title":{"rendered":"L'\u00e9nergie alternative"},"content":{"rendered":"<p>[et_pb_section fb_built=\"1\u2033 _builder_version=\"4.21.2\u2033 _module_preset=\"default\" custom_padding=\"0px||||false|false\" global_colors_info=\"{}\"][et_pb_row _builder_version=\"4.21.2\u2033 _module_preset=\"default\" background_color=\"#414141\u2033 max_width=\"100%\" custom_margin=\"||||false|false\" global_colors_info=\"{}\"][et_pb_column type=\"4_4\u2033 _builder_version=\"4.21.2\u2033 _module_preset=\"default\" global_colors_info=\"{}\"][et_pb_text _builder_version=\"4.21.2\u2033 _module_preset=\"default\" text_font=\"|600|||||||\" header_2_font=\"|600|||||||\" header_2_text_align=\"center\" header_2_text_color=\"#FFFFFF\" header_2_font_size=\"30px\" global_colors_info=\"{}\"]<\/p>\n<h2 class=\"font_2 wixui-rich-text__text\"><span class=\"wixui-rich-text__text\">L'\u00e9nergie alternative<\/span><\/h2>\n<p>[\/et_pb_text][\/et_pb_column][\/et_pb_row][\/et_pb_section][et_pb_section fb_built=\u201d1\u2033 _builder_version=\u201d4.21.2\u2033 _module_preset=\u201ddefault\u201d global_colors_info=\u201d{}\u201d][et_pb_row _builder_version=\u201d4.21.2\u2033 _module_preset=\u201ddefault\u201d global_colors_info=\u201d{}\u201d][et_pb_column type=\u201d4_4\u2033 _builder_version=\u201d4.21.2\u2033 _module_preset=\u201ddefault\u201d global_colors_info=\u201d{}\u201d][et_pb_image src=\u201dhttps:\/\/seehiddenproblems.com\/wp-content\/uploads\/2024\/07\/ceeea77f-be40-404c-9725-e715881e87d7.png\u201d title_text=\u201dceeea77f-be40-404c-9725-e715881e87d7\u2033 _builder_version=\u201d4.21.2\u2033 _module_preset=\u201ddefault\u201d global_colors_info=\u201d{}\u201d][\/et_pb_image][et_pb_text _builder_version=\u201d4.21.2\u2033 _module_preset=\u201ddefault\u201d header_2_font=\u201d|700|||||||\u201d header_2_font_size=\u201d51px\u201d global_colors_info=\u201d{}\u201d]<\/p>\n<h2 class=\"font_2 wixui-rich-text__text\"><span class=\"wixui-rich-text__text\">Surveillance dans des conditions difficiles<\/span><\/h2>\n<p>[\/et_pb_text][et_pb_text _builder_version=\u201d4.21.2\u2033 _module_preset=\u201ddefault\u201d text_font=\u201d||||||||\u201d text_font_size=\u201d18px\u201d header_2_font_size=\u201d30px\u201d global_colors_info=\u201d{}\u201d]<\/p>\n<p><strong><span class=\"wixui-rich-text__text\">S\u00e9curit\u00e9 maximale<\/span><span class=\"wixui-rich-text__text\">et efficacit\u00e9<\/span><\/strong><br class=\"wixui-rich-text__text\" \/><span class=\"wixui-rich-text__text\">Exploitez la puissance de Planck Vision Systems avec le syst\u00e8me robotique TRX600 et notre suite compl\u00e8te de solutions, offrant un soutien in\u00e9gal\u00e9 pour les \u00e9oliennes, tant dans les nouvelles constructions que dans les projets de modernisation. Notre imagerie thermique sp\u00e9cialis\u00e9e permet de naviguer dans les espaces restreints des \u00e9oliennes avec une pr\u00e9cision in\u00e9gal\u00e9e. Contournant les contraintes des contr\u00f4les manuels p\u00e9riodiques, notre surveillance continue d\u00e9tecte chaque anomalie. Cette approche garantit des interventions opportunes, une r\u00e9duction des risques et une base solide pour la s\u00e9curit\u00e9 \u00e0 long terme dans l'exploitation des turbines.<\/span><\/p>\n<p>[\/et_pb_text][et_pb_button button_url=\u201dmailto:ti@tioent.com\u201d button_text=\u201dR\u00e9servez une r\u00e9union\u201d button_alignment=\u201dcenter\u201d _builder_version=\u201d4.27.0\u2033 _module_preset=\u201ddefault\u201d custom_button=\u201don\u201d button_text_color=\u201d#FFFFFF\u201d button_bg_color=\u201d#000000\u2033 button_border_color=\u201d#000000\u2033 button_use_icon=\u201doff\u201d hover_enabled=\u201d0\u2033 global_colors_info=\u201d{}\u201d button_text_color__hover_enabled=\u201don|hover\u201d button_bg_color__hover_enabled=\u201don|desktop\u201d button_text_color__hover=\u201d#000000\u2033 button_bg_color__hover=\u201d#FFFFFF\u201d button_bg_enable_color__hover=\u201don\u201d sticky_enabled=\u201d0\u2033][\/et_pb_button][\/et_pb_column][\/et_pb_row][\/et_pb_section][et_pb_section fb_built=\u201d1\u2033 _builder_version=\u201d4.21.2\u2033 _module_preset=\u201ddefault\u201d background_color=\u201d#f0f0f0\u2033 custom_margin=\u201d||-3%||false|false\u201d global_colors_info=\u201d{}\u201d][et_pb_row column_structure=\u201d3_5,2_5\u2033 use_custom_gutter=\u201don\u201d gutter_width=\u201d4\u2033 _builder_version=\u201d4.21.2\u2033 _module_preset=\u201ddefault\u201d global_colors_info=\u201d{}\u201d][et_pb_column type=\u201d3_5\u2033 _builder_version=\u201d4.21.2\u2033 _module_preset=\u201ddefault\u201d global_colors_info=\u201d{}\u201d][et_pb_video src=\u201dhttps:\/\/www.youtube.com\/watch?v=Ada1H9PLRAU\u201d _builder_version=\u201d4.21.2\u2033 _module_preset=\u201ddefault\u201d global_colors_info=\u201d{}\u201d][\/et_pb_video][et_pb_text _builder_version=\u201d4.21.2\u2033 _module_preset=\u201ddefault\u201d text_font=\u201d||||||||\u201d header_font=\u201d||||||||\u201d header_5_font=\u201d||on||||||\u201d header_5_font_size=\u201d17px\u201d text_orientation=\u201dcenter\u201d global_colors_info=\u201d{}\u201d]<\/p>\n<h5 class=\"font_5 wixui-rich-text__text\"><span class=\"color_14 wixui-rich-text__text\"><span class=\"wixui-rich-text__text\">Voir le TRX600 install\u00e9 dans une \u00e9olienne<\/span><\/span><\/h5>\n<p>[\/et_pb_text][\/et_pb_column][et_pb_column type=\u201d2_5\u2033 _builder_version=\u201d4.21.2\u2033 _module_preset=\u201ddefault\u201d global_colors_info=\u201d{}\u201d][et_pb_image src=\u201dhttps:\/\/seehiddenproblems.com\/wp-content\/uploads\/2024\/07\/e8829541-2c72-43c4-be3a-9234f8fbf7e1.png\u201d title_text=\u201de8829541-2c72-43c4-be3a-9234f8fbf7e1\u2033 _builder_version=\u201d4.21.2\u2033 _module_preset=\u201ddefault\u201d global_colors_info=\u201d{}\u201d][\/et_pb_image][\/et_pb_column][\/et_pb_row][\/et_pb_section][et_pb_section fb_built=\u201d1\u2033 _builder_version=\u201d4.21.2\u2033 _module_preset=\u201ddefault\u201d global_colors_info=\u201d{}\u201d][et_pb_row _builder_version=\u201d4.21.2\u2033 _module_preset=\u201ddefault\u201d global_colors_info=\u201d{}\u201d][et_pb_column type=\u201d4_4\u2033 _builder_version=\u201d4.21.2\u2033 _module_preset=\u201ddefault\u201d global_colors_info=\u201d{}\u201d][et_pb_image src=\u201dhttps:\/\/seehiddenproblems.com\/wp-content\/uploads\/2024\/07\/SharedScre1enshot.jpg\u201d title_text=\u201dSharedScre1enshot\u201d _builder_version=\u201d4.21.2\u2033 _module_preset=\u201ddefault\u201d global_colors_info=\u201d{}\u201d][\/et_pb_image][\/et_pb_column][\/et_pb_row][et_pb_row column_structure=\u201d1_2,1_2\u2033 _builder_version=\u201d4.21.2\u2033 _module_preset=\u201ddefault\u201d global_colors_info=\u201d{}\u201d][et_pb_column type=\u201d1_2\u2033 _builder_version=\u201d4.21.2\u2033 _module_preset=\u201ddefault\u201d global_colors_info=\u201d{}\u201d][et_pb_text _builder_version=\u201d4.21.2\u2033 _module_preset=\u201ddefault\u201d text_font=\u201d|700|||||||\u201d text_font_size=\u201d40px\u201d text_line_height=\u201d1.6em\u201d text_orientation=\u201dright\u201d global_colors_info=\u201d{}\u201d]<\/p>\n<p><span>Pourquoi<\/span><br class=\"wixui-rich-text__text\" \/><span>Choisir<\/span><br class=\"wixui-rich-text__text\" \/><span>Planck ?<\/span><\/p>\n<p>[\/et_pb_text][et_pb_blurb title=\u201dPlanckView - Advanced Software\u201d image=\u201dhttps:\/\/seehiddenproblems.com\/wp-content\/uploads\/2024\/07\/e722b9f2-f3b2-43c2-98d8-44a9593e7bc2.png\u201d _builder_version=\u201d4.21.2\u2033 _module_preset=\u201ddefault\u201d header_text_align=\u201dcenter\u201d global_colors_info=\u201d{}\u201d][\/et_pb_blurb][\/et_pb_column][et_pb_column type=\u201d1_2\u2033 _builder_version=\u201d4.21.2\u2033 _module_preset=\u201ddefault\u201d global_colors_info=\u201d{}\u201d][et_pb_text _builder_version=\u201d4.21.2\u2033 _module_preset=\u201ddefault\u201d text_font=\u201d|600|||||||\u201d text_font_size=\u201d17px\u201d global_colors_info=\u201d{}\u201d]<\/p>\n<section id=\"comp-low17p8z\" class=\"Oqnisf comp-low17p8z wixui-section\" data-block-level-container=\"ClassicSection\" tabindex=\"-1\">\n<div data-mesh-id=\"comp-low17p8zinlineContent\" data-testid=\"inline-content\" class=\"\">\n<div data-mesh-id=\"comp-low17p8zinlineContent-gridContainer\" data-testid=\"mesh-container-content\">\n<section id=\"comp-lmuypzqp13\" class=\"comp-lmuypzqp13 CohWsy wixui-column-strip\">\n<div data-testid=\"columns\" class=\"V5AUxf\">\n<div id=\"comp-lmuypzqs4\" class=\"comp-lmuypzqs4 YzqVVZ wixui-column-strip__column\">\n<div data-mesh-id=\"comp-lmuypzqs4inlineContent\" data-testid=\"inline-content\" class=\"\">\n<div data-mesh-id=\"comp-lmuypzqs4inlineContent-gridContainer\" data-testid=\"mesh-container-content\">\n<div id=\"comp-lmuypzqu14\" class=\"KcpHeO tz5f0K comp-lmuypzqu14 wixui-rich-text\" data-testid=\"richTextElement\">\n<ul class=\"font_8 wixui-rich-text__text\">\n<li class=\"wixui-rich-text__text\">\n<p class=\"font_8 wixui-rich-text__text\"><span class=\"wixui-rich-text__text\">Pr\u00e9cision dans les espaces restreints : Surveillez les espaces complexes avec confiance et minutie.<\/span><\/p>\n<\/li>\n<li class=\"wixui-rich-text__text\">\n<p class=\"font_8 wixui-rich-text__text\"><span class=\"wixui-rich-text__text\">Maintenance rentable : la surveillance 24 heures sur 24 et 7 jours sur 7 permet de d\u00e9tecter les probl\u00e8mes \u00e0 un stade pr\u00e9coce, ce qui r\u00e9duit les contr\u00f4les manuels et les co\u00fbts de r\u00e9paration.<\/span><\/p>\n<\/li>\n<li class=\"wixui-rich-text__text\">\n<p class=\"font_8 wixui-rich-text__text\"><span class=\"wixui-rich-text__text\">Assurance de la s\u00e9curit\u00e9 : Planck d\u00e9tecte rapidement les anomalies, prot\u00e9geant ainsi les \u00e9quipages et l'environnement<\/span><\/p>\n<\/li>\n<li class=\"wixui-rich-text__text\">\n<p class=\"font_8 wixui-rich-text__text\"><span class=\"wixui-rich-text__text\">Polyvalence dans l'application : Pour les nouvelles constructions ou les r\u00e9novations, notre technologie augmente les performances et prolonge la dur\u00e9e de vie des \u00e9quipements.<\/span><\/p>\n<\/li>\n<\/ul>\n<\/div>\n<\/div>\n<\/div>\n<\/div>\n<\/div>\n<\/section>\n<\/div>\n<\/div>\n<\/section>\n<section id=\"comp-low17p91\" class=\"Oqnisf comp-low17p91 wixui-section\" data-block-level-container=\"ClassicSection\" tabindex=\"-1\">\n<div id=\"bgLayers_comp-low17p91\" data-hook=\"bgLayers\" class=\"MW5IWV\"><\/div>\n<\/section>\n<p>[\/et_pb_text][et_pb_text _builder_version=\u201d4.21.2\u2033 _module_preset=\u201ddefault\u201d text_font_size=\u201d26px\u201d text_line_height=\u201d1.6em\u201d header_font=\u201d|700|||||||\u201d header_font_size=\u201d35px\u201d text_orientation=\u201dcenter\u201d global_colors_info=\u201d{}\u201d]<\/p>\n<div id=\"bgLayers_comp-low17p91\" data-hook=\"bgLayers\" class=\"MW5IWV\">\n<h1 id=\"bgMedia_comp-low17p91\" class=\"VgO9Yg\"><span class=\"wixui-rich-text__text\">Voir au-del\u00e0 des limites<\/span><\/h1>\n<\/div>\n<div data-mesh-id=\"comp-low17p91inlineContent\" data-testid=\"inline-content\" class=\"\">\n<div data-mesh-id=\"comp-low17p91inlineContent-gridContainer\" data-testid=\"mesh-container-content\">\n<div id=\"comp-lmv1fbr3\" class=\"KcpHeO tz5f0K comp-lmv1fbr3 wixui-rich-text\" data-testid=\"richTextElement\">\n<p class=\"font_8 wixui-rich-text__text\"><span class=\"wixui-rich-text__text\">Un contr\u00f4le ininterrompu<br class=\"wixui-rich-text__text\" \/>&amp; Int\u00e9gration transparente<\/span><\/p>\n<\/div>\n<\/div>\n<\/div>\n<p>[\/et_pb_blurb][\/et_pb_column][\/et_pb_row][\/et_pb_section][et_pb_section fb_built=\"1\u2033 _builder_version=\"4.21.2\u2033 _module_preset=\"default\" background_color=\"#f0f0f0\u2033 custom_padding=\"||0%||false|false\" global_colors_info=\"{}\"][et_pb_row column_structure=\"1_2,1_2\u2033 _builder_version=\"4.21.2\u2033 _module_preset=\"default\" global_colors_info=\"{}\"][et_pb_column type=\"1_2\u2033 _builder_version=\"4.21.2\u2033 _module_preset=\"default\" global_colors_info=\"{}\"][et_pb_blurb _builder_version=\"4.21.2\u2033 _module_preset=\"default\" header_font=\"|600|||||||\" header_font_size=\"30px\" header_line_height=\"2em\" body_text_color=\"#000000\u2033 body_font_size=\"18px\" global_colors_info=\"{}\"]<\/p>\n<p class=\"font_8 wixui-rich-text__text\"><strong>Les cam\u00e9ras thermiques de Planck Vision Systems offrent une surveillance 24 heures sur 24 et 7 jours sur 7, recueillant et analysant constamment les donn\u00e9es \u00e0 l'aide d'un logiciel qui identifie les tendances et les anomalies. Que ce soit \u00e0 l'aide de cam\u00e9ras fixes, de cam\u00e9ras panoramiques ou de nos solutions robotiques avanc\u00e9es, nous garantissons une \u00e9tude compl\u00e8te des grandes zones de postes \u00e9lectriques avec des images thermiques claires. Faites confiance \u00e0 Planck Vision Systems pour \u00eatre au bon endroit au bon moment, afin de pr\u00e9venir les d\u00e9faillances co\u00fbteuses et inattendues des postes \u00e9lectriques.<\/strong><\/p>\n<p>[\/et_pb_blurb][et_pb_button button_url=\"mailto:ti@tioent.com\" button_text=\"Contactez-nous pour obtenir des informations\" button_alignment=\"center\" _builder_version=\"4.27.0\u2033 _module_preset=\"default\" custom_button=\"on\" button_text_color=\"#FFFFFF\" button_bg_color=\"#000000\u2033 button_border_color=\"#000000\u2033 button_use_icon=\"off\" hover_enabled=\"0\u2033 global_colors_info=\"{}\" button_text_color__hover_enabled=\"on|hover\" button_text_color__hover=\"#000000\u2033 button_bg_color__hover_enabled=\"on|desktop\" button_bg_color__hover=\"#FFFFFF\" button_bg_enable_color__hover=\"on\" button_border_color__hover_enabled=\"off|desktop\" sticky_enabled=\"0\u2033][\/et_p_button][et_p_button button_url=\"https :\/\/seehiddenproblems.com\/product\/\" button_text=\"D\u00e9tails du produit\" button_alignment=\"center\" _builder_version=\"4.27.0\u2033 _module_preset=\"default\" custom_button=\"on\" button_text_color=\"#FFFFFF\" button_bg_color=\"#000000\u2033 button_border_color=\"#000000\u2033 button_font=\"||||||||\" button_use_icon=\"off\" custom_padding=\"|73px||73px|false|false\" hover_enabled=\"0\u2033 global_colors_info=\"{}\" button_text_color__hover_enabled=\"on|hover\" button_text_color__hover=\"#000000\u2033 button_bg_color__hover_enabled=\"on|desktop\" button_bg_color__hover=\"#FFFFFF\" button_bg_enable_color__hover=\"on\" sticky_enabled=\"0\u2033][\/et_pb_button][\/et_pb_column][et_pb_column type=\"1_2\u2033 _builder_version=\"4.21.2\u2033 _module_preset=\"default\" global_colors_info=\"{}\"][et_pb_image src=\"https:\/\/seehiddenproblems.com\/wp-content\/uploads\/2024\/07\/1SharedScreenshot.jpg\" title_text=\"1SharedScreenshot\" _builder_version=\"4.21.2\u2033 _module_preset=\"default\" global_colors_info=\"{}\"][\/et_pb_image][et_pb_text _builder_version=\"4.21.2\u2033 _module_preset=\"default\" header_2_font=\"||||||||\" header_2_font_size=\"16px\" text_orientation=\"center\" global_colors_info=\"{}\"]<\/p>\n<h2 class=\"font_2 wixui-rich-text__text\"><span class=\"wixui-rich-text__text\">Famille de cam\u00e9ras thermiques industrielles de Planck Vision Systems<\/span><\/h2>\n<p>[\/et_pb_text][\/et_pb_column][\/et_pb_row][\/et_pb_section]<\/p>","protected":false},"excerpt":{"rendered":"<p>\u00c9nergie alternativeSurveillance dans des conditions difficilesS\u00e9curit\u00e9 et efficacit\u00e9 maximis\u00e9esMettez \u00e0 profit la puissance de Planck Vision Systems avec le syst\u00e8me robotique TRX600 et notre suite compl\u00e8te de solutions, offrant un soutien in\u00e9gal\u00e9 pour les \u00e9oliennes, tant dans les nouvelles constructions que dans les projets de modernisation. Notre imagerie thermique sp\u00e9cialis\u00e9e permet de naviguer dans les espaces restreints des \u00e9oliennes avec une pr\u00e9cision in\u00e9gal\u00e9e. Contournant les contraintes des contr\u00f4les manuels p\u00e9riodiques, notre surveillance continue d\u00e9tecte chaque anomalie. Cette approche garantit des interventions opportunes, une r\u00e9duction des risques et une base solide pour la s\u00e9curit\u00e9 \u00e0 long terme des op\u00e9rations des turbines.Voir le TRX600 install\u00e9 dans une turbine \u00e9oliennePourquoi choisir Planck ? Pr\u00e9cision dans les espaces restreints : Surveillez les espaces complexes avec confiance et rigueur. Maintenance rentable : la surveillance 24\/7 d\u00e9tecte les probl\u00e8mes \u00e0 un stade pr\u00e9coce, r\u00e9duisant ainsi les v\u00e9rifications manuelles et les co\u00fbts de r\u00e9paration. Assurance de la s\u00e9curit\u00e9 : Planck d\u00e9tecte rapidement les anomalies, prot\u00e9geant ainsi les \u00e9quipes et l'environnement. Polyvalence dans l'application : Pour les nouvelles constructions ou les r\u00e9novations, notre technologie augmente la performance et prolonge la dur\u00e9e de vie de l'\u00e9quipement Voir au-del\u00e0 des limites Surveillance ininterrompue&amp; Int\u00e9gration transparente Les cam\u00e9ras thermiques de Planck Vision Systems offrent une surveillance 24\/7, recueillant et analysant constamment les donn\u00e9es avec un logiciel qui identifie les tendances et les anomalies. Que ce soit \u00e0 l'aide de cam\u00e9ras fixes, de cam\u00e9ras \u00e0 entra\u00eenement pan\/tilt ou de nos solutions robotiques avanc\u00e9es, nous assurons une \u00e9tude compl\u00e8te des grandes zones de postes \u00e9lectriques avec des images thermiques claires. Faites confiance \u00e0 Planck Vision Systems pour \u00eatre dans la bonne [...]<\/p>","protected":false},"author":1,"featured_media":0,"parent":0,"menu_order":0,"comment_status":"closed","ping_status":"closed","template":"","meta":{"_et_pb_use_builder":"on","_et_pb_old_content":"","_et_gb_content_width":"","footnotes":""},"class_list":["post-28027","page","type-page","status-publish","hentry"],"_links":{"self":[{"href":"https:\/\/seehiddenproblems.com\/fr\/wp-json\/wp\/v2\/pages\/28027","targetHints":{"allow":["GET"]}}],"collection":[{"href":"https:\/\/seehiddenproblems.com\/fr\/wp-json\/wp\/v2\/pages"}],"about":[{"href":"https:\/\/seehiddenproblems.com\/fr\/wp-json\/wp\/v2\/types\/page"}],"author":[{"embeddable":true,"href":"https:\/\/seehiddenproblems.com\/fr\/wp-json\/wp\/v2\/users\/1"}],"replies":[{"embeddable":true,"href":"https:\/\/seehiddenproblems.com\/fr\/wp-json\/wp\/v2\/comments?post=28027"}],"version-history":[{"count":7,"href":"https:\/\/seehiddenproblems.com\/fr\/wp-json\/wp\/v2\/pages\/28027\/revisions"}],"predecessor-version":[{"id":29409,"href":"https:\/\/seehiddenproblems.com\/fr\/wp-json\/wp\/v2\/pages\/28027\/revisions\/29409"}],"wp:attachment":[{"href":"https:\/\/seehiddenproblems.com\/fr\/wp-json\/wp\/v2\/media?parent=28027"}],"curies":[{"name":"wp","href":"https:\/\/api.w.org\/{rel}","templated":true}]}}