{"id":27961,"date":"2024-07-12T01:58:42","date_gmt":"2024-07-11T17:58:42","guid":{"rendered":"https:\/\/ti.tioent.com\/?page_id=27961"},"modified":"2024-09-02T14:08:58","modified_gmt":"2024-09-02T06:08:58","slug":"solutions","status":"publish","type":"page","link":"https:\/\/seehiddenproblems.com\/fr\/solutions\/","title":{"rendered":"Solutions"},"content":{"rendered":"<p>[et_pb_section fb_built=\"1\u2033 _builder_version=\"4.21.2\u2033 _module_preset=\"default\" custom_padding=\"0px||||false|false\" global_colors_info=\"{}\"][et_pb_row _builder_version=\"4.21.2\u2033 _module_preset=\"default\" global_colors_info=\"{}\"][et_pb_column type=\"4_4\u2033 _builder_version=\"4.21.2\u2033 _module_preset=\"default\" global_colors_info=\"{}\"][et_pb_blurb title=\"Vos d\u00e9fis, nos solutions\" content_max_width=\"100%\" _builder_version=\"4.21.2\u2033 _module_preset=\"default\" header_font=\"|700|||||||\" header_font_size=\"24px\" body_font_size=\"15px\" text_orientation=\"center\" width=\"100%\" global_colors_info=\"{}\"]<\/p>\n<div id=\"comp-lmsm57gi4\" class=\"KcpHeO tz5f0K comp-lmsm57gi4 wixui-rich-text\" data-testid=\"richTextElement\"><\/div>\n<div id=\"comp-lmsm57gj4\" class=\"KcpHeO tz5f0K comp-lmsm57gj4 wixui-rich-text\" data-testid=\"richTextElement\">\n<p class=\"font_8 wixui-rich-text__text\">Au<span>\u00a0<\/span><strong><span class=\"wixui-rich-text__text\">Syst\u00e8mes de vision Planck<\/span><\/strong>Nous transformons les d\u00e9fis complexes de l'imagerie thermique en solutions rationalis\u00e9es.<br class=\"wixui-rich-text__text\" \/>D\u00e9couvrez comment nous pouvons am\u00e9liorer votre efficacit\u00e9 et votre s\u00e9curit\u00e9 dans toutes les applications industrielles.<\/p>\n<\/div>\n<p>[\/et_pb_blurb][\/et_pb_column][\/et_pb_row][\/et_pb_section][et_pb_section fb_built=\"1\u2033 _builder_version=\"4.21.2\u2033 _module_preset=\"default\" custom_margin=\"-5%||||false|false\" global_colors_info=\"{}\"][et_pb_row column_structure=\"1_6,1_6,1_6,1_6,1_6,1_6\u2033 use_custom_gutter=\"on\" gutter_width=\"2\u2033 _builder_version=\"4.21.2\u2033 _module_preset=\"default\" width=\"99%\" max_width=\"100%\" custom_margin_last_edited=\"off|desktop\" global_colors_info=\"{}\"][et_pb_column type=\"1_6\u2033 _builder_version=\"4.21.2\u2033 _module_preset=\"default\" global_colors_info=\"{}\"][et_pb_slider _builder_version=\"4.25.1\u2033 _module_preset=\"default\" height=\"499px\" max_height=\"1000px\" global_colors_info=\"{}\"][et_pb_slide heading=\"Substation Monitoring\" button_text=\"Learn More\" button_link=\"https:\/\/seehiddenproblems.com\/substation-monitoring\/\" _builder_version=\"4.25.1\u2033 _module_preset=\"default\" header_level=\"h2\u2033 header_font=\"|700|||||||\" background_enable_color=\"off\" background_image=\"https:\/\/seehiddenproblems.com\/wp-content\/uploads\/2024\/07\/f0a909_5277ca1e75d643b3a9488a18a6a168bamv2.webp\" background_enable_image=\"on\" custom_button=\"on\" button_text_color=\"#FFFFFF\" button_bg_color=\"#000000\u2033 button_border_color=\"#FFFFFF\" button_use_icon=\"off\" button_alignment=\"center\" global_colors_info=\"{}\" button_text_color__hover_enabled=\"on|hover\" button_bg_color__hover_enabled=\"on|hover\" button_border_color__hover_enabled=\"off|desktop\" button_border_color__hover=\"#000000\u2033 button_bg_color__hover=\"#FFFF\" button_bg_enable_color__hover=\"on\" button_text_color__hover=\"#000000\u2033 sticky_transition=\"on\"]<\/p>\n<p>&nbsp;<\/p>\n<p>&nbsp;<\/p>\n<p>&nbsp;<\/p>\n<p>&nbsp;<\/p>\n<p>&nbsp;<\/p>\n<p>&nbsp;<\/p>\n<p>&nbsp;<\/p>\n<p>[\/et_pb_slide][\/et_pb_slider][\/et_pb_column][et_pb_column type=\"1_6\u2033 _builder_version=\"4.21.2\u2033 _module_preset=\"default\" global_colors_info=\"{}\"][et_pb_slider _builder_version=\"4.25.1\u2033 _module_preset=\"default\" background_enable_image=\"off\" height=\"499px\" max_height=\"1000px\" global_colors_info=\"{}\"][et_pb_slide heading=\"Industrie lourde\" button_text=\"En savoir plus\" button_link=\"https:\/\/seehiddenproblems.com\/heavy-industry\/\" _builder_version=\"4.25.1\u2033 _module_preset=\"default\" header_level=\"h2\u2033 header_font=\"|700|||||||\" background_enable_color=\"off\" background_image=\"https:\/\/seehiddenproblems.com\/wp-content\/uploads\/2024\/07\/f0a909_2a39efd2306f46b6987bf3ab5bb3b638mv2.webp\" background_enable_image=\"on\" custom_button=\"on\" button_text_color=\"#FFFFFF\" button_bg_color=\"#000000\u2033 button_border_color=\"#FFFFFF\" button_use_icon=\"off\" button_alignment=\"center\" global_colors_info=\"{}\" button_text_color__hover_enabled=\"on|hover\" button_bg_color__hover_enabled=\"on|hover\" button_border_color__hover_enabled=\"off|desktop\" button_border_color__hover=\"#000000\u2033 button_bg_color__hover=\"#FFFF\" button_bg_enable_color__hover=\"on\" button_text_color__hover=\"#000000\u2033 sticky_transition=\"on\"]<\/p>\n<p>&nbsp;<\/p>\n<p>&nbsp;<\/p>\n<p>&nbsp;<\/p>\n<p>&nbsp;<\/p>\n<p>&nbsp;<\/p>\n<p>&nbsp;<\/p>\n<p>&nbsp;<\/p>\n<p>[\/et_pb_slide][\/et_pb_slider][\/et_pb_column][et_pb_column type=\"1_6\u2033 _builder_version=\"4.21.2\u2033 _module_preset=\"default\" global_colors_info=\"{}\"][et_pb_slider _builder_version=\"4.25.1\u2033 _module_preset=\"default\" background_enable_image=\"off\" height=\"499px\" max_height=\"1000px\" global_colors_info=\"{}\"][et_pb_slide heading=\"Alternitive Power\" button_text=\"Learn More\" button_link=\"https:\/\/seehiddenproblems.com\/alternative-power\/\" _builder_version=\"4.25.1\u2033 _module_preset=\"default\" header_level=\"h2\u2033 header_font=\"|700|||||||\" background_enable_color=\"off\" background_image=\"https:\/\/seehiddenproblems.com\/wp-content\/uploads\/2024\/07\/f0a909_a645a20f88504a8b8378fa27aae3daacmv2.webp\" background_enable_image=\"on\" custom_button=\"on\" button_text_color=\"#FFFFFF\" button_bg_color=\"#000000\u2033 button_border_color=\"#FFFFFF\" button_use_icon=\"off\" button_alignment=\"center\" global_colors_info=\"{}\" button_text_color__hover_enabled=\"on|hover\" button_bg_color__hover_enabled=\"on|hover\" button_border_color__hover_enabled=\"off|desktop\" button_border_color__hover=\"#000000\u2033 button_bg_color__hover=\"#FFFF\" button_bg_enable_color__hover=\"on\" button_text_color__hover=\"#000000\u2033 sticky_transition=\"on\"]<\/p>\n<p>&nbsp;<\/p>\n<p>&nbsp;<\/p>\n<p>&nbsp;<\/p>\n<p>&nbsp;<\/p>\n<p>&nbsp;<\/p>\n<p>&nbsp;<\/p>\n<p>&nbsp;<\/p>\n<p>[\/et_pb_slide][\/et_pb_slider][\/et_pb_column][et_pb_column type=\"1_6\u2033 _builder_version=\"4.21.2\u2033 _module_preset=\"default\" global_colors_info=\"{}\"][et_pb_slider _builder_version=\"4.27.0\u2033 _module_preset=\"default\" height=\"499px\" max_height=\"1000px\" hover_enabled=\"0\u2033 global_colors_info=\"{}\" sticky_enabled=\"0\u2033][et_pb_slide heading=\"D\u00e9tection pr\u00e9coce des incendies\" button_text=\"En savoir plus\" button_link=\"https:\/\/seehiddenproblems.com\/early-fire-detection\/\" _builder_version=\"4.27.0\u2033 _module_preset=\"default\" header_level=\"h2\u2033 header_font=\"|700|||||||\" background_enable_color=\"off\" background_image=\"https:\/\/seehiddenproblems.com\/wp-content\/uploads\/2024\/07\/f0a909_618b998c30da49ecbe97458ba8dd14b4mv2.webp\" background_enable_image=\"on\" custom_button=\"on\" button_text_color=\"#FFFFFF\" button_bg_color=\"#000000\u2033 button_border_color=\"#FFFFFF\" button_use_icon=\"off\" button_alignment=\"center\" hover_enabled=\"0\u2033 global_colors_info=\"{}\" button_text_color__hover_enabled=\"on|hover\" button_bg_color__hover_enabled=\"on|hover\" button_border_color__hover_enabled=\"off|desktop\" button_border_color__hover=\"#000000\u2033 button_bg_color__hover=\"#FFFFFF\" button_bg_enable_color__hover=\"on\" button_text_color__hover=\"#000000\u2033 sticky_transition=\"on\" sticky_enabled=\"0\u2033]<\/p>\n<p>&nbsp;<\/p>\n<p>&nbsp;<\/p>\n<p>&nbsp;<\/p>\n<p>&nbsp;<\/p>\n<p>&nbsp;<\/p>\n<p>&nbsp;<\/p>\n<p>&nbsp;<\/p>\n<p>[\/et_pb_slide][\/et_pb_slider][\/et_pb_column][et_pb_column type=\"1_6\u2033 _builder_version=\"4.21.2\u2033 _module_preset=\"default\" global_colors_info=\"{}\"][et_pb_slider _builder_version=\"4.25.1\u2033 _module_preset=\"default\" height=\"499px\" max_height=\"1000px\" global_colors_info=\"{}\"][et_pb_slide heading=\"Cargo Fire &amp; Loss Prevention\" button_text=\"Learn More\" button_link=\"https:\/\/seehiddenproblems.com\/early-fire-detection\/\" _builder_version=\"4.25.1\u2033 _module_preset=\"default\" header_level=\"h2\u2033 header_font=\"|700|||||||\" background_enable_color=\"off\" background_image=\"https:\/\/seehiddenproblems.com\/wp-content\/uploads\/2024\/07\/f0a909_7d8af299392f46d08ec8f1ca53b2c139mv2.webp\" background_enable_image=\"on\" custom_button=\"on\" button_text_color=\"#FFFFFF\" button_bg_color=\"#000000\u2033 button_border_color=\"#FFFFFF\" button_use_icon=\"off\" button_alignment=\"center\" global_colors_info=\"{}\" button_text_color__hover_enabled=\"on|hover\" button_bg_color__hover_enabled=\"on|hover\" button_border_color__hover_enabled=\"off|desktop\" button_border_color__hover=\"#000000\u2033 button_bg_color__hover=\"#FFFF\" button_bg_enable_color__hover=\"on\" button_text_color__hover=\"#000000\u2033 sticky_transition=\"on\"]<\/p>\n<p>&nbsp;<\/p>\n<p>&nbsp;<\/p>\n<p>&nbsp;<\/p>\n<p>&nbsp;<\/p>\n<p>&nbsp;<\/p>\n<p>&nbsp;<\/p>\n<p>&nbsp;<\/p>\n<p>[\/et_pb_slide][\/et_pb_slider][\/et_pb_column][et_pb_column type=\"1_6\u2033 _builder_version=\"4.21.2\u2033 _module_preset=\"default\" global_colors_info=\"{}\"][et_pb_slider _builder_version=\"4.25.1\u2033 _module_preset=\"default\" height=\"499px\" max_height=\"1000px\" global_colors_info=\"{}\"][et_pb_slide heading=\"Temp\u00e9rature corporelle \u00e9lev\u00e9e\" button_text=\"En savoir plus\" button_link=\"https:\/\/seehiddenproblems.com\/how-thermacheck-screening-works\/\" _builder_version=\"4.25.1\u2033 _module_preset=\"default\" header_level=\"h2\u2033 header_font=\"|700|||||||\" background_enable_color=\"off\" background_image=\"https:\/\/seehiddenproblems.com\/wp-content\/uploads\/2024\/07\/f0a909_b5c647dade174089912647855a058f3fmv2.webp\" background_enable_image=\"on\" custom_button=\"on\" button_text_color=\"#FFFFFF\" button_bg_color=\"#000000\u2033 button_border_color=\"#FFFFFF\" button_use_icon=\"off\" button_alignment=\"center\" global_colors_info=\"{}\" button_text_color__hover_enabled=\"on|hover\" button_bg_color__hover_enabled=\"on|hover\" button_border_color__hover_enabled=\"off|desktop\" button_border_color__hover=\"#000000\u2033 button_bg_color__hover=\"#FFFF\" button_bg_enable_color__hover=\"on\" button_text_color__hover=\"#000000\u2033 sticky_transition=\"on\"]<\/p>\n<p>&nbsp;<\/p>\n<p>&nbsp;<\/p>\n<p>&nbsp;<\/p>\n<p>&nbsp;<\/p>\n<p>&nbsp;<\/p>\n<p>&nbsp;<\/p>\n<p>&nbsp;<\/p>\n<p>[\/et_pb_slide][\/et_pb_slider][\/et_pb_column][\/et_pb_row][\/et_pb_section]<\/p>","protected":false},"excerpt":{"rendered":"<p>Chez Planck Vision Systems, nous transformons les d\u00e9fis complexes de l'imagerie thermique en solutions rationalis\u00e9es. D\u00e9couvrez comment nous pouvons am\u00e9liorer votre efficacit\u00e9 et votre s\u00e9curit\u00e9 dans toutes les applications industrielles. &nbsp; &nbsp; &nbsp; &nbsp; &nbsp; &nbsp; &nbsp;&nbsp; &nbsp; &nbsp; &nbsp; &nbsp; &nbsp; &nbsp;&nbsp; &nbsp; &nbsp; &nbsp; &nbsp; &nbsp; &nbsp;&nbsp; &nbsp; &nbsp; &nbsp; &nbsp; &nbsp; &nbsp;&nbsp; &nbsp; &nbsp; &nbsp; &nbsp; &nbsp; &nbsp;&nbsp; &nbsp; &nbsp; &nbsp; &nbsp; &nbsp; &nbsp;<\/p>","protected":false},"author":1,"featured_media":0,"parent":0,"menu_order":0,"comment_status":"closed","ping_status":"closed","template":"","meta":{"_et_pb_use_builder":"on","_et_pb_old_content":"<!-- wp:divi\/placeholder \/-->","_et_gb_content_width":"","footnotes":""},"class_list":["post-27961","page","type-page","status-publish","hentry"],"_links":{"self":[{"href":"https:\/\/seehiddenproblems.com\/fr\/wp-json\/wp\/v2\/pages\/27961","targetHints":{"allow":["GET"]}}],"collection":[{"href":"https:\/\/seehiddenproblems.com\/fr\/wp-json\/wp\/v2\/pages"}],"about":[{"href":"https:\/\/seehiddenproblems.com\/fr\/wp-json\/wp\/v2\/types\/page"}],"author":[{"embeddable":true,"href":"https:\/\/seehiddenproblems.com\/fr\/wp-json\/wp\/v2\/users\/1"}],"replies":[{"embeddable":true,"href":"https:\/\/seehiddenproblems.com\/fr\/wp-json\/wp\/v2\/comments?post=27961"}],"version-history":[{"count":4,"href":"https:\/\/seehiddenproblems.com\/fr\/wp-json\/wp\/v2\/pages\/27961\/revisions"}],"predecessor-version":[{"id":29262,"href":"https:\/\/seehiddenproblems.com\/fr\/wp-json\/wp\/v2\/pages\/27961\/revisions\/29262"}],"wp:attachment":[{"href":"https:\/\/seehiddenproblems.com\/fr\/wp-json\/wp\/v2\/media?parent=27961"}],"curies":[{"name":"wp","href":"https:\/\/api.w.org\/{rel}","templated":true}]}}