{"id":7973,"date":"2022-11-21T13:57:14","date_gmt":"2022-11-21T05:57:14","guid":{"rendered":"https:\/\/ti.tioent.com\/?post_type=product&#038;p=7973"},"modified":"2024-10-04T18:46:23","modified_gmt":"2024-10-04T10:46:23","slug":"tnc30f","status":"publish","type":"product","link":"https:\/\/seehiddenproblems.com\/es\/producto\/tnc30f\/","title":{"rendered":"TNC30F"},"content":{"rendered":"<p>Una c\u00e1mara de protecci\u00f3n contra incendios pionera que utiliza im\u00e1genes de espectro dual de infrarrojos de longitud de onda larga, para el control de la temperatura, e infrarrojos de longitud de onda corta, para la detecci\u00f3n de llamas. Proporciona una localizaci\u00f3n espacial precisa de los incendios para los sistemas de supresi\u00f3n de llamas. Potente an\u00e1lisis antiinterferencias para un rendimiento seguro y fiable.<\/p>\n<p>&nbsp;<\/p>\n<ul class=\"_3adjr\" data-hook=\"stacked-info-section\">\n<li class=\"_1YFmr _7UGlX\" data-hook=\"stacked-info-item\">\n<div class=\"_6s2bg fggS- cell\">\n<h2 class=\"Text3304097298__root Text3304097298---typography-11-runningText Text3304097298---priority-7-primary s8gg2 _149OH InfoSectionTitle3095652555__root\" aria-hidden=\"false\" data-hook=\"info-section-title\">Especificaciones<\/h2>\n<div class=\"WncCi\" data-hook=\"info-section-description\">\n<ul>\n<li>La tecnolog\u00eda de pantalla de s\u00faper resoluci\u00f3n proporciona im\u00e1genes t\u00e9rmicas con una calidad comparable a 640\u00d7480<\/li>\n<li>Precisi\u00f3n radiom\u00e9trica de \u00b15\u00b0C o \u00b15%, la que sea mayor<\/li>\n<li>Admite numerosos protocolos de red, como ICMP, TCP, UDP, RTP, RTSP, DHCP, PPPOE, UPNP, DDNS, ONVIF, etc.<\/li>\n<li>Ficha t\u00e9cnica y manuales de usuario.<\/li>\n<li>Kits de desarrollo de software disponibles, env\u00ede sus consultas aqu\u00ed.<\/li>\n<\/ul>\n<\/div>\n<\/div>\n<\/li>\n<\/ul>","protected":false},"excerpt":{"rendered":"<div class=\"_6s2bg fggS- cell\">\n<h2 class=\"Text3304097298__root Text3304097298---typography-11-runningText Text3304097298---priority-7-primary s8gg2 _149OH InfoSectionTitle3095652555__root\" aria-hidden=\"false\" data-hook=\"info-section-title\">Caracter\u00edsticas<\/h2>\n<div class=\"WncCi\" data-hook=\"info-section-description\">\n<ul>\n<li>El control de la temperatura se utiliza para la prevenci\u00f3n de incendios<\/li>\n<li>Detecci\u00f3n de llamas para iniciar la respuesta al incendio<\/li>\n<li>Localizaci\u00f3n espacial precisa del fuego para el sistema de supresi\u00f3n de llamas<\/li>\n<li>Control de la temperatura en toda la escena con hasta 12 regiones locales definidas por el usuario<\/li>\n<li>Anal\u00edtica antiinterferencias, puede eliminar eficazmente los reflejos de la luz solar, las interferencias de la iluminaci\u00f3n y algunas soldaduras el\u00e9ctricas.<\/li>\n<\/ul>\n<\/div>\n<\/div>","protected":false},"featured_media":22453,"template":"","meta":{"_et_pb_use_builder":"","_et_pb_old_content":"","_et_gb_content_width":""},"product_brand":[],"product_cat":[15,680,686],"product_tag":[],"class_list":{"0":"post-7973","1":"product","2":"type-product","3":"status-publish","4":"has-post-thumbnail","6":"product_cat-uncategorized","7":"product_cat-fix-mount","8":"product_cat-medical","10":"first","11":"instock","12":"shipping-taxable","13":"product-type-simple"},"_links":{"self":[{"href":"https:\/\/seehiddenproblems.com\/es\/wp-json\/wp\/v2\/product\/7973","targetHints":{"allow":["GET"]}}],"collection":[{"href":"https:\/\/seehiddenproblems.com\/es\/wp-json\/wp\/v2\/product"}],"about":[{"href":"https:\/\/seehiddenproblems.com\/es\/wp-json\/wp\/v2\/types\/product"}],"wp:featuredmedia":[{"embeddable":true,"href":"https:\/\/seehiddenproblems.com\/es\/wp-json\/wp\/v2\/media\/22453"}],"wp:attachment":[{"href":"https:\/\/seehiddenproblems.com\/es\/wp-json\/wp\/v2\/media?parent=7973"}],"wp:term":[{"taxonomy":"product_brand","embeddable":true,"href":"https:\/\/seehiddenproblems.com\/es\/wp-json\/wp\/v2\/product_brand?post=7973"},{"taxonomy":"product_cat","embeddable":true,"href":"https:\/\/seehiddenproblems.com\/es\/wp-json\/wp\/v2\/product_cat?post=7973"},{"taxonomy":"product_tag","embeddable":true,"href":"https:\/\/seehiddenproblems.com\/es\/wp-json\/wp\/v2\/product_tag?post=7973"}],"curies":[{"name":"wp","href":"https:\/\/api.w.org\/{rel}","templated":true}]}}