{"id":7972,"date":"2022-11-21T13:55:16","date_gmt":"2022-11-21T05:55:16","guid":{"rendered":"https:\/\/ti.tioent.com\/?post_type=product&#038;p=7972"},"modified":"2024-10-07T15:26:59","modified_gmt":"2024-10-07T07:26:59","slug":"thh960","status":"publish","type":"product","link":"https:\/\/seehiddenproblems.com\/es\/producto\/thh960\/","title":{"rendered":"THH960"},"content":{"rendered":"<section class=\"_2h_HC\">\n<div class=\"_1FTz3 fggS- cell\">\n<section class=\"_2RbVQ\" data-hook=\"description-wrapper\">\n<div class=\"_3nbVj\">\n<div class=\"_3cRjW\" data-hook=\"content-wrapper\">\n<p>Dise\u00f1ada para mediciones de largo alcance y alta sensibilidad, la c\u00e1mara t\u00e9rmica THH960 ofrece un rendimiento inigualable en su clase. Su dise\u00f1o ergon\u00f3mico le permite mantener la pantalla t\u00e1ctil superbrillante de 5,5\" en un \u00e1ngulo de visi\u00f3n c\u00f3modo mientras ajusta f\u00e1cilmente el ca\u00f1\u00f3n \u00f3ptico giratorio para capturar objetivos por encima de la cabeza o en cualquier \u00e1ngulo dif\u00edcil. La combinaci\u00f3n de la s\u00faper resoluci\u00f3n y la sensibilidad t\u00e9rmica &lt;40mK le proporciona la imagen t\u00e9rmica radiom\u00e9trica n\u00edtida que necesita para todas sus mediciones cr\u00edticas.<\/p>\n<\/div>\n<\/div>\n<\/section>\n<\/div>\n<\/section>\n<div class=\"fggS- cell\"><\/div>\n<div>\n<div class=\"_6s2bg fggS- cell\">\n<h2 class=\"Text3304097298__root Text3304097298---typography-11-runningText Text3304097298---priority-7-primary s8gg2 _149OH InfoSectionTitle3095652555__root\" aria-hidden=\"false\" data-hook=\"info-section-title\">Especificaciones<\/h2>\n<div class=\"WncCi\" data-hook=\"info-section-description\">\n<ul>\n<li>640&#215;480 thermal\u00a0uncooled FPA<\/li>\n<li>Lente de campo reemplazable con reconocimiento autom\u00e1tico<\/li>\n<li>Lentes HFOV disponibles de 7\u00b0, 12\u00b0, 25\u00b0 y 46<\/li>\n<li>C\u00e1mara de luz visible de 13 MP<\/li>\n<li>Bater\u00eda recargable de iones de litio (\u2265 4 horas)<\/li>\n<li>Interfaces Micro HDMI, tarjeta SD y USB-C<\/li>\n<li>WIFI y Bluetooth<\/li>\n<li>Ficha t\u00e9cnica y manuales de usuario.<\/li>\n<\/ul>\n<\/div>\n<\/div>\n<\/div>","protected":false},"excerpt":{"rendered":"<div class=\"_6s2bg fggS- cell\">\n<h2 class=\"Text3304097298__root Text3304097298---typography-11-runningText Text3304097298---priority-7-primary s8gg2 _149OH InfoSectionTitle3095652555__root\" aria-hidden=\"false\" data-hook=\"info-section-title\">Caracter\u00edsticas<\/h2>\n<div class=\"WncCi\" data-hook=\"info-section-description\">\n<ul>\n<li>Lente t\u00e9rmica autofocus<\/li>\n<li>Ca\u00f1\u00f3n \u00f3ptico inclinable 120<\/li>\n<li>5.5&#8243; Vibrant display<\/li>\n<li>Navegaci\u00f3n por men\u00fas con pantalla t\u00e1ctil y joystick<\/li>\n<li>Fijaci\u00f3n del visor<\/li>\n<li>Funciones de alarma ac\u00fastica y visual<\/li>\n<li>Admite anotaciones de texto e im\u00e1genes de voz<\/li>\n<li>Admite formatos de imagen y v\u00eddeo radiom\u00e9tricos y no radiom\u00e9tricos<\/li>\n<li>Puntero l\u00e1ser y linterna<\/li>\n<\/ul>\n<\/div>\n<\/div>","protected":false},"featured_media":29270,"template":"","meta":{"_et_pb_use_builder":"","_et_pb_old_content":"","_et_gb_content_width":""},"product_brand":[],"product_cat":[15,686,683],"product_tag":[],"class_list":{"0":"post-7972","1":"product","2":"type-product","3":"status-publish","4":"has-post-thumbnail","6":"product_cat-uncategorized","7":"product_cat-medical","8":"product_cat-portable-inspections","10":"first","11":"instock","12":"shipping-taxable","13":"product-type-simple"},"_links":{"self":[{"href":"https:\/\/seehiddenproblems.com\/es\/wp-json\/wp\/v2\/product\/7972","targetHints":{"allow":["GET"]}}],"collection":[{"href":"https:\/\/seehiddenproblems.com\/es\/wp-json\/wp\/v2\/product"}],"about":[{"href":"https:\/\/seehiddenproblems.com\/es\/wp-json\/wp\/v2\/types\/product"}],"wp:featuredmedia":[{"embeddable":true,"href":"https:\/\/seehiddenproblems.com\/es\/wp-json\/wp\/v2\/media\/29270"}],"wp:attachment":[{"href":"https:\/\/seehiddenproblems.com\/es\/wp-json\/wp\/v2\/media?parent=7972"}],"wp:term":[{"taxonomy":"product_brand","embeddable":true,"href":"https:\/\/seehiddenproblems.com\/es\/wp-json\/wp\/v2\/product_brand?post=7972"},{"taxonomy":"product_cat","embeddable":true,"href":"https:\/\/seehiddenproblems.com\/es\/wp-json\/wp\/v2\/product_cat?post=7972"},{"taxonomy":"product_tag","embeddable":true,"href":"https:\/\/seehiddenproblems.com\/es\/wp-json\/wp\/v2\/product_tag?post=7972"}],"curies":[{"name":"wp","href":"https:\/\/api.w.org\/{rel}","templated":true}]}}