{"id":7968,"date":"2022-11-21T13:51:46","date_gmt":"2022-11-21T05:51:46","guid":{"rendered":"https:\/\/ti.tioent.com\/?post_type=product&#038;p=7968"},"modified":"2025-01-15T03:15:24","modified_gmt":"2025-01-14T19:15:24","slug":"tnc400pt","status":"publish","type":"product","link":"https:\/\/seehiddenproblems.com\/es\/producto\/tnc400pt\/","title":{"rendered":"TNC400PT"},"content":{"rendered":"<section class=\"_2h_HC\">\n<div class=\"_1FTz3 fggS- cell\">\n<section class=\"_2RbVQ\" data-hook=\"description-wrapper\">\n<div class=\"_3nbVj\">\n<div class=\"_3cRjW\" data-hook=\"content-wrapper\">\n<p>C\u00e1mara con movimiento horizontal y vertical equipada con c\u00e1mara de imagen visible y t\u00e9rmica de alta resoluci\u00f3n. La c\u00e1mara t\u00e9rmica proporciona im\u00e1genes radiom\u00e9tricas n\u00edtidas.  Dise\u00f1adas para supervisar activos cr\u00edticos, las c\u00e1maras TNC400PT detectar\u00e1n los problemas antes de que se conviertan en costosas aver\u00edas, evitando tiempos de inactividad y mejorando la seguridad de los trabajadores.<\/p>\n<\/div>\n<\/div>\n<\/section>\n<\/div>\n<\/section>\n<div class=\"fggS- cell\"><\/div>\n<div>\n<div class=\"_6s2bg fggS- cell\">\n<h2 class=\"Text3304097298__root Text3304097298---typography-11-runningText Text3304097298---priority-7-primary s8gg2 _149OH InfoSectionTitle3095652555__root\" aria-hidden=\"false\" data-hook=\"info-section-title\">Especificaciones<\/h2>\n<div class=\"WncCi\" data-hook=\"info-section-description\">\n<ul>\n<li>Resoluci\u00f3n t\u00e9rmica disponible: 640 x 512 o 336 x 256<\/li>\n<li>Varios objetivos de distancia focal est\u00e1ndar disponibles<\/li>\n<li>Zoom \u00f3ptico 30x<\/li>\n<li>360\u00b0 de giro continuo; -90\u00b0 a +90\u00b0 de inclinaci\u00f3n<\/li>\n<li>Compatible con numerosos protocolos de red<\/li>\n<li>Ficha t\u00e9cnica y manuales de usuario.<\/li>\n<li>Kits de desarrollo de software disponibles, env\u00ede sus consultas aqu\u00ed.<\/li>\n<\/ul>\n<\/div>\n<\/div>\n<\/div>","protected":false},"excerpt":{"rendered":"<h2 class=\"Text3304097298__root Text3304097298---typography-11-runningText Text3304097298---priority-7-primary s8gg2 _149OH InfoSectionTitle3095652555__root\" aria-hidden=\"false\" data-hook=\"info-section-title\">Caracter\u00edsticas<\/h2>\n<div class=\"WncCi\" data-hook=\"info-section-description\">\n<ul>\n<li>Inclinaci\u00f3n panor\u00e1mica giratoria de 360\u00b0 para ampliar el \u00e1rea de vigilancia<\/li>\n<li>Precisi\u00f3n de temperatura de \u00b12\u00b0C<\/li>\n<li>Seguimiento inteligente de temperaturas altas\/bajas, mediciones comparativas y detecci\u00f3n de incendios<\/li>\n<li>Funciones de detecci\u00f3n de estados de alarma, control de rel\u00e9s y difusi\u00f3n en red<\/li>\n<li>Compatible con protocolos IIoT ampliamente adoptados<\/li>\n<li>Software de gesti\u00f3n de c\u00e1maras PlanckView y SDK de funciones completas disponibles<\/li>\n<\/ul>\n<\/div>","protected":false},"featured_media":31044,"template":"","meta":{"_et_pb_use_builder":"","_et_pb_old_content":"","_et_gb_content_width":""},"product_brand":[],"product_cat":[15,686,682],"product_tag":[],"class_list":{"0":"post-7968","1":"product","2":"type-product","3":"status-publish","4":"has-post-thumbnail","6":"product_cat-uncategorized","7":"product_cat-medical","8":"product_cat-ptz-pan-tillt-zoom","10":"first","11":"instock","12":"shipping-taxable","13":"product-type-simple"},"_links":{"self":[{"href":"https:\/\/seehiddenproblems.com\/es\/wp-json\/wp\/v2\/product\/7968","targetHints":{"allow":["GET"]}}],"collection":[{"href":"https:\/\/seehiddenproblems.com\/es\/wp-json\/wp\/v2\/product"}],"about":[{"href":"https:\/\/seehiddenproblems.com\/es\/wp-json\/wp\/v2\/types\/product"}],"wp:featuredmedia":[{"embeddable":true,"href":"https:\/\/seehiddenproblems.com\/es\/wp-json\/wp\/v2\/media\/31044"}],"wp:attachment":[{"href":"https:\/\/seehiddenproblems.com\/es\/wp-json\/wp\/v2\/media?parent=7968"}],"wp:term":[{"taxonomy":"product_brand","embeddable":true,"href":"https:\/\/seehiddenproblems.com\/es\/wp-json\/wp\/v2\/product_brand?post=7968"},{"taxonomy":"product_cat","embeddable":true,"href":"https:\/\/seehiddenproblems.com\/es\/wp-json\/wp\/v2\/product_cat?post=7968"},{"taxonomy":"product_tag","embeddable":true,"href":"https:\/\/seehiddenproblems.com\/es\/wp-json\/wp\/v2\/product_tag?post=7968"}],"curies":[{"name":"wp","href":"https:\/\/api.w.org\/{rel}","templated":true}]}}