{"id":546,"date":"2020-09-11T08:40:48","date_gmt":"2020-09-11T08:40:48","guid":{"rendered":"https:\/\/ti.tioent.com\/?page_id=546"},"modified":"2021-04-07T10:32:46","modified_gmt":"2021-04-07T10:32:46","slug":"product-comparison-en","status":"publish","type":"page","link":"https:\/\/seehiddenproblems.com\/es\/comparacion-de-productos-es\/","title":{"rendered":"Comparaci\u00f3n de productos ES"},"content":{"rendered":"<p>[et_pb_section fb_built=&#8221;1&#8243; _builder_version=&#8221;4.4.8&#8243; custom_padding=&#8221;|200px|||false|false&#8221; hover_enabled=&#8221;0&#8243;][et_pb_row _builder_version=&#8221;4.4.8&#8243; custom_padding=&#8221;|0px||0px|false|false&#8221;][et_pb_column type=&#8221;4_4&#8243; _builder_version=&#8221;4.4.8&#8243;][et_pb_text _builder_version=&#8221;4.4.8&#8243; custom_margin=&#8221;||-3px|||&#8221;]<\/p>\n<h1>Thermacheck<\/h1>\n<h3>Comparaci\u00f3n de productos<\/h3>\n<p>[\/et_pb_text][et_pb_code _builder_version=&#8221;4.4.8&#8243; custom_padding=&#8221;20px||||false|false&#8221; hover_enabled=&#8221;0&#8243;]<\/p>\n<table class=\"table table-bordered table-hover table-condensed\" <!--no numeric noise key 1232-->\n<thead>\n<tr bgcolor=\"LightGrey\">\n<th title=\"Campo #1\"  width=\"200px\">ThermaCheck<\/th>\n<p><!-- [et_pb_line_break_holder] --><\/p>\n<th title=\"Campo #2\"  width=\"200px\" >Nombre del producto<\/th>\n<p><!-- [et_pb_line_break_holder] --><\/p>\n<th title=\"Campo #3\"  width=\"200px\"><a href=\"https:\/\/seehiddenproblems.com\/es\/producto\/thermacheck-lt\/\"><center><img decoding=\"async\" src=\"https:\/\/seehiddenproblems.com\/wp-content\/uploads\/2020\/08\/LT600600.jpg\"width=\"100px\" height=\"100px\"><center><pee>TC-160 LT<\/th>\n<p><!-- [et_pb_line_break_holder] --><\/p>\n<th title=\"Campo #4\" width=\"200px\"><a href=\"https:\/\/seehiddenproblems.com\/es\/producto\/thermacheck\/\"><center><img decoding=\"async\" src=\"https:\/\/seehiddenproblems.com\/wp-content\/uploads\/2020\/08\/ThermaCheck600600.jpg\"width=\"100px\" height=\"100px\"><pee>TC-160<\/th>\n<p><!-- [et_pb_line_break_holder] --><\/p>\n<th title=\"Campo #5\" width=\"200px\"><a href=\"https:\/\/seehiddenproblems.com\/es\/producto\/thermacheck-pro\/\"><center><img decoding=\"async\" src=\"https:\/\/seehiddenproblems.com\/wp-content\/uploads\/2020\/08\/pro600600.jpg\"width=\"100px\" height=\"100px\"><pee>TC-320 PRO<\/th>\n<p><!-- [et_pb_line_break_holder] --><\/p>\n<th title=\"Campo #6\"  width=\"200px\"><a href=\"https:\/\/seehiddenproblems.com\/es\/producto\/thermacheck-m1\/\"><center><img decoding=\"async\" src=\"https:\/\/seehiddenproblems.com\/wp-content\/uploads\/2021\/03\/Picture1-e1617780384890.png\"width=\"100px\" height=\"100px\"><pee>TC-160 M1<\/th>\n<p><!-- [et_pb_line_break_holder] --><\/tr>\n<\/thead>\n<p><!-- [et_pb_line_break_holder] --><\/p>\n<tbody>\n<tr><!-- [et_pb_line_break_holder] --><\/tr>\n<p><!-- [et_pb_line_break_holder] --><\/p>\n<tr bgcolor=\"Seashell\"><!-- [et_pb_line_break_holder] --> <\/p>\n<td width=\"200px\" bgcolor=\"Seashell\"><b>Especificaciones del producto<\/td>\n<p><!-- [et_pb_line_break_holder] --><\/p>\n<td width=\"200px\" bgcolor=\"Seashell\"><b>Caracter\u00edsticas del producto <\/td>\n<p><!-- [et_pb_line_break_holder] --><\/p>\n<td width=\"200px\">Handheld &#038; Self-contained monitor<\/td>\n<p><!-- [et_pb_line_break_holder] --><\/p>\n<td width=\"200px\">Supporting network &#038; multi-target <\/td>\n<p><!-- [et_pb_line_break_holder] --><\/p>\n<td width=\"200px\">Supporting network &#038; multi-target <\/td>\n<p><!-- [et_pb_line_break_holder] --><\/p>\n<td>Mask Alert &#038; no PC needed<\/td>\n<p><!-- [et_pb_line_break_holder] --><\/tr>\n<p><!-- [et_pb_line_break_holder] --><\/p>\n<tr bgcolor=\"Seashell\"><!-- [et_pb_line_break_holder] --><\/p>\n<td> <\/td>\n<p><!-- [et_pb_line_break_holder] --><\/p>\n<td bgcolor=\"Seashell\"><b>Temperatura<\/td>\n<p><!-- [et_pb_line_break_holder] --><\/p>\n<td>34-42\u00b0C( 93 &#8211; 108\u02daF )<\/td>\n<p><!-- [et_pb_line_break_holder] --><\/p>\n<td>Optimal::33-40\u00b0C( 91 &#8211; 104\u02daF )  Max: 28-45\u00b0C ( 82 &#8211; 113\u02daF )<\/td>\n<p><!-- [et_pb_line_break_holder] --><\/p>\n<td>Optimal::33-40\u00b0C( 91 &#8211; 104\u02daF )  Max: 28-45\u00b0C ( 82 &#8211; 113\u02daF )<\/td>\n<p><!-- [et_pb_line_break_holder] --><\/p>\n<td>28-45\u00b0C ( 82-113\u02daF )<\/td>\n<p><!-- [et_pb_line_break_holder] --><\/tr>\n<p><!-- [et_pb_line_break_holder] --><\/p>\n<tr bgcolor=\"Seashell\"><!-- [et_pb_line_break_holder] --><\/p>\n<td> <\/td>\n<p><!-- [et_pb_line_break_holder] --><\/p>\n<td bgcolor=\"Seashell\"><b>Precisi\u00f3n de temperatura<\/td>\n<p><!-- [et_pb_line_break_holder] --><\/p>\n<td>\u2264\u00b10.5\u00b0C<\/td>\n<p><!-- [et_pb_line_break_holder] --><\/p>\n<td>Sin cuerpo negro:\u2264 \u00b10,3\u00b0C<\/td>\n<p><!-- [et_pb_line_break_holder] --><\/p>\n<td>Sin cuerpo negro:\u2264 \u00b10,3\u00b0C<\/td>\n<p><!-- [et_pb_line_break_holder] --><\/p>\n<td>\u00b10,3\u00b0C(\u00b10,5\u02daF )<\/td>\n<p><!-- [et_pb_line_break_holder] --><\/tr>\n<p><!-- [et_pb_line_break_holder] --><\/p>\n<tr bgcolor=\"Seashell\"><!-- [et_pb_line_break_holder] --><\/p>\n<td> <\/td>\n<p><!-- [et_pb_line_break_holder] --><\/p>\n<td bgcolor=\"Seashell\"><b>Distancia de medici\u00f3n<\/td>\n<p><!-- [et_pb_line_break_holder] --><\/p>\n<td>0.6-1.8m<\/td>\n<p><!-- [et_pb_line_break_holder] --><\/p>\n<td>1-4m<\/td>\n<p><!-- [et_pb_line_break_holder] --><\/p>\n<td>1.8-6m<\/td>\n<p><!-- [et_pb_line_break_holder] --><\/p>\n<td>1-4m<\/td>\n<p><!-- [et_pb_line_break_holder] --><\/tr>\n<p><!-- [et_pb_line_break_holder] --><\/p>\n<tr bgcolor=\"Seashell\"><!-- [et_pb_line_break_holder] --><\/p>\n<td> <\/td>\n<p><!-- [et_pb_line_break_holder] --><\/p>\n<td bgcolor=\"Seashell\"><b>Calibraci\u00f3n <\/td>\n<p><!-- [et_pb_line_break_holder] --><\/p>\n<td>Sujeto humano<\/td>\n<p><!-- [et_pb_line_break_holder] --><\/p>\n<td>Sujeto humano o cuerpo negro<\/td>\n<p><!-- [et_pb_line_break_holder] --><\/p>\n<td>Sujeto humano o cuerpo negro<\/td>\n<p><!-- [et_pb_line_break_holder] --><\/p>\n<td>Sujeto humano o cuerpo negro<\/td>\n<p><!-- [et_pb_line_break_holder] --><\/tr>\n<p><!-- [et_pb_line_break_holder] --><\/p>\n<tr bgcolor=\"Seashell\"><!-- [et_pb_line_break_holder] --><\/p>\n<td> <\/td>\n<p><!-- [et_pb_line_break_holder] --><\/p>\n<td bgcolor=\"Seashell\"><b>Modo Objetivo<\/td>\n<p><!-- [et_pb_line_break_holder] --><\/p>\n<td>\u00danico<\/td>\n<p><!-- [et_pb_line_break_holder] --><\/p>\n<td>Una o varias personas (~10 personas como m\u00e1ximo)<\/td>\n<p><!-- [et_pb_line_break_holder] --><\/p>\n<td>Una o varias personas<\/td>\n<p><!-- [et_pb_line_break_holder] --><\/p>\n<td>Una o varias personas (~10 personas como m\u00e1ximo)<\/td>\n<p><!-- [et_pb_line_break_holder] --><\/tr>\n<p><!-- [et_pb_line_break_holder] --><\/p>\n<tr bgcolor=\"Seashell\"><!-- [et_pb_line_break_holder] --><\/p>\n<td> <\/td>\n<p><!-- [et_pb_line_break_holder] --><\/p>\n<td bgcolor=\"Seashell\"><b>Seguimiento inteligente <\/td>\n<p><!-- [et_pb_line_break_holder] --><\/p>\n<td>Seguimiento autom\u00e1tico y lectura de la temperatura m\u00e1s alta <\/td>\n<p><!-- [et_pb_line_break_holder] --><\/p>\n<td>Seguimiento autom\u00e1tico y lectura de la temperatura m\u00e1s alta <\/td>\n<p><!-- [et_pb_line_break_holder] --><\/p>\n<td>Seguimiento autom\u00e1tico y lectura de la temperatura m\u00e1s alta <\/td>\n<p><!-- [et_pb_line_break_holder] --><\/p>\n<td>Seguimiento autom\u00e1tico , lectura de la temperatura m\u00e1s alta y alerta de m\u00e1scara <\/td>\n<p><!-- [et_pb_line_break_holder] --><\/tr>\n<p><!-- [et_pb_line_break_holder] --><\/p>\n<tr bgcolor=\"Seashell\"><!-- [et_pb_line_break_holder] --><\/p>\n<td> <\/td>\n<p><!-- [et_pb_line_break_holder] --><\/p>\n<td bgcolor=\"Seashell\"><b>Alerta de temperatura <\/td>\n<p><!-- [et_pb_line_break_holder] --><\/p>\n<td>Valor umbral definido por el usuario <\/td>\n<p><!-- [et_pb_line_break_holder] --><\/p>\n<td>Valor umbral definido por el usuario <\/td>\n<p><!-- [et_pb_line_break_holder] --><\/p>\n<td>Valor umbral definido por el usuario <\/td>\n<p><!-- [et_pb_line_break_holder] --><\/p>\n<td>Valor umbral definido por el usuario <\/td>\n<\/tr>\n<p><!-- [et_pb_line_break_holder] --><\/p>\n<tr  bgcolor=\"Lavender\"><!-- [et_pb_line_break_holder] --><\/p>\n<td><b>C\u00e1mara t\u00e9rmica<\/td>\n<p> <!-- [et_pb_line_break_holder] --><\/p>\n<td><b>Tecnolog\u00eda de sensores <\/td>\n<p><!-- [et_pb_line_break_holder] --><\/p>\n<td>Microbol\u00f3metro Vox no refrigerado<\/td>\n<p><!-- [et_pb_line_break_holder] --><\/p>\n<td>Microbol\u00f3metro Vox no refrigerado<\/td>\n<p><!-- [et_pb_line_break_holder] --><\/p>\n<td>Microbol\u00f3metro Vox no refrigerado<\/td>\n<p><!-- [et_pb_line_break_holder] --><\/p>\n<td>Microbol\u00f3metro<\/td>\n<p><!-- [et_pb_line_break_holder] --><\/tr>\n<p><!-- [et_pb_line_break_holder] --><\/p>\n<tr  bgcolor=\"Lavender\"><!-- [et_pb_line_break_holder] --><\/p>\n<td> <\/td>\n<p><!-- [et_pb_line_break_holder] --><\/p>\n<td><b>Resoluci\u00f3n<\/td>\n<p><!-- [et_pb_line_break_holder] --><\/p>\n<td>160 x 120<\/td>\n<p><!-- [et_pb_line_break_holder] --><\/p>\n<td>160 x 120<\/td>\n<p><!-- [et_pb_line_break_holder] --><\/p>\n<td>336 x 256<\/td>\n<p><!-- [et_pb_line_break_holder] --><\/p>\n<td>160 x 120<\/td>\n<p><!-- [et_pb_line_break_holder] --><\/tr>\n<p><!-- [et_pb_line_break_holder] --><\/p>\n<tr  bgcolor=\"Lavender\"><!-- [et_pb_line_break_holder] --><\/p>\n<td> <\/td>\n<p><!-- [et_pb_line_break_holder] --><\/p>\n<td><b>NETD<\/td>\n<p><!-- [et_pb_line_break_holder] --><\/p>\n<td><50 mK\uff080.050\u00b0C\uff09<\/td>\n<p><!-- [et_pb_line_break_holder] --><\/p>\n<td><50 mK\uff080.050\u00b0C\uff09<\/td>\n<p><!-- [et_pb_line_break_holder] --><\/p>\n<td><50 mK\uff080.050\u00b0C\uff09<\/td>\n<p><!-- [et_pb_line_break_holder] --><\/p>\n<td><50 mK\uff080.050\u00b0C\uff09<\/td>\n<p><!-- [et_pb_line_break_holder] --><\/tr>\n<p><!-- [et_pb_line_break_holder] --><\/p>\n<tr  bgcolor=\"Lavender\"><!-- [et_pb_line_break_holder] --><\/p>\n<td> <\/td>\n<p><!-- [et_pb_line_break_holder] --><\/p>\n<td><b>FOV<\/td>\n<p><!-- [et_pb_line_break_holder] --><\/p>\n<td>57\u00b0X44\u02da<\/td>\n<p><!-- [et_pb_line_break_holder] --><\/p>\n<td>57\u00b0X44\u02da<\/td>\n<p><!-- [et_pb_line_break_holder] --><\/p>\n<td>25\u00b0X19\u00b0(13mm))<\/td>\n<p><!-- [et_pb_line_break_holder] --><\/p>\n<td>57\u00b0X44.3\u00b0<\/td>\n<p><!-- [et_pb_line_break_holder] --><\/tr>\n<p><!-- [et_pb_line_break_holder] --><\/p>\n<tr bgcolor=\"Lavender\"><!-- [et_pb_line_break_holder] --><\/p>\n<td> <\/td>\n<p><!-- [et_pb_line_break_holder] --><\/p>\n<td><b>Paleta de colores <\/td>\n<p><!-- [et_pb_line_break_holder] --><\/p>\n<td>Rojo hierro, Gris, Arco iris y Llama (rojo sobre gris) <\/td>\n<p><!-- [et_pb_line_break_holder] --><\/p>\n<td>Rojo hierro<\/td>\n<p><!-- [et_pb_line_break_holder] --><\/p>\n<td>Rojo hierro<\/td>\n<p><!-- [et_pb_line_break_holder] --><\/p>\n<td>Rojo hierro<\/td>\n<p><!-- [et_pb_line_break_holder] --><\/tr>\n<p><!-- [et_pb_line_break_holder] --><\/p>\n<tr  bgcolor=\"PeachPuff\"><!-- [et_pb_line_break_holder] --><\/p>\n<td><b>Visible<!\u2013- [et_pb_br_holder] -\u2013>C\u00e1mara<\/td>\n<p><!-- [et_pb_line_break_holder] --><\/p>\n<td><b>Tecnolog\u00eda de sensores <\/td>\n<p><!-- [et_pb_line_break_holder] --><\/p>\n<td>Sin sensor de c\u00e1mara visible<\/td>\n<p><!-- [et_pb_line_break_holder] --><\/p>\n<td>CMOS de 1\/2,9 pulgadas<\/td>\n<p><!-- [et_pb_line_break_holder] --><\/p>\n<td>CMOS de 1\/2,9 pulgadas<\/td>\n<p><!-- [et_pb_line_break_holder] --><\/p>\n<td>CMOS de 1\/2,8 pulgadas<\/td>\n<p><!-- [et_pb_line_break_holder] --><\/tr>\n<p><!-- [et_pb_line_break_holder] --><\/p>\n<tr bgcolor=\"PeachPuff\"><!-- [et_pb_line_break_holder] --><\/p>\n<td> <\/td>\n<p><!-- [et_pb_line_break_holder] --><\/p>\n<td><b>Tama\u00f1o en p\u00edxeles<\/td>\n<p><!-- [et_pb_line_break_holder] --><\/p>\n<td>Sin sensor de c\u00e1mara visible<\/td>\n<p><!-- [et_pb_line_break_holder] --><\/p>\n<td>2MP<\/td>\n<p><!-- [et_pb_line_break_holder] --><\/p>\n<td>2MP<\/td>\n<p><!-- [et_pb_line_break_holder] --><\/p>\n<td>2MP<\/td>\n<p><!-- [et_pb_line_break_holder] --><\/tr>\n<p><!-- [et_pb_line_break_holder] --><\/p>\n<tr bgcolor=\"PeachPuff\"><!-- [et_pb_line_break_holder] --><\/p>\n<td> <\/td>\n<p><!-- [et_pb_line_break_holder] --><\/p>\n<td><b>Resoluci\u00f3n <\/td>\n<p><!-- [et_pb_line_break_holder] --><\/p>\n<td>Sin sensor de c\u00e1mara visible<\/td>\n<p><!-- [et_pb_line_break_holder] --><\/p>\n<td>1920*1080<\/td>\n<p><!-- [et_pb_line_break_holder] --><\/p>\n<td>1920*1080<\/td>\n<p><!-- [et_pb_line_break_holder] --><\/p>\n<td>1920*1080<\/td>\n<p><!-- [et_pb_line_break_holder] --><\/tr>\n<p><!-- [et_pb_line_break_holder] --><\/p>\n<tr bgcolor=\"PeachPuff\"><!-- [et_pb_line_break_holder] --><\/p>\n<td> <\/td>\n<p><!-- [et_pb_line_break_holder] --><\/p>\n<td><b>Nivel de luz bajo <\/td>\n<p><!-- [et_pb_line_break_holder] --><\/p>\n<td>Sin sensor de c\u00e1mara visible<\/td>\n<p><!-- [et_pb_line_break_holder] --><\/p>\n<td>Color:0.1Lux@(F1.2)\/B&#038;W:0.01Lux@(F1.2)<\/td>\n<p><!-- [et_pb_line_break_holder] --><\/p>\n<td>Color:0.1Lux@(F1.2)\/B&#038;W:0.01Lux@(F1.2)<\/td>\n<p><!-- [et_pb_line_break_holder] --><\/p>\n<td>Color:0.01Lux@(F1.5)<\/td>\n<p><!-- [et_pb_line_break_holder] --><\/tr>\n<p><!-- [et_pb_line_break_holder] --><\/p>\n<tr bgcolor=\"PeachPuff\"><!-- [et_pb_line_break_holder] --><\/p>\n<td> <\/td>\n<p><!-- [et_pb_line_break_holder] --><\/p>\n<td><b>Amplia din\u00e1mica <\/td>\n<p><!-- [et_pb_line_break_holder] --><\/p>\n<td>Sin sensor de c\u00e1mara visible<\/td>\n<p><!-- [et_pb_line_break_holder] --><\/p>\n<td>Soporte <\/td>\n<p><!-- [et_pb_line_break_holder] --><\/p>\n<td>Soporte <\/td>\n<p><!-- [et_pb_line_break_holder] --><\/p>\n<td>Soporte <\/td>\n<p><!-- [et_pb_line_break_holder] --><\/tr>\n<p><!-- [et_pb_line_break_holder] --><\/p>\n<tr bgcolor=\"PeachPuff\"><!-- [et_pb_line_break_holder] --><\/p>\n<td> <\/td>\n<p><!-- [et_pb_line_break_holder] --><\/p>\n<td><b>Balance de color <\/td>\n<p><!-- [et_pb_line_break_holder] --><\/p>\n<td>Sin sensor de c\u00e1mara visible<\/td>\n<p><!-- [et_pb_line_break_holder] --><\/p>\n<td>Soporte <\/td>\n<p><!-- [et_pb_line_break_holder] --><\/p>\n<td>Soporte <\/td>\n<p><!-- [et_pb_line_break_holder] --><\/p>\n<td>Soporte <\/td>\n<p><!-- [et_pb_line_break_holder] --><\/tr>\n<p><!-- [et_pb_line_break_holder] --><\/p>\n<tr bgcolor=\"PeachPuff\"><!-- [et_pb_line_break_holder] --><\/p>\n<td> <\/td>\n<p><!-- [et_pb_line_break_holder] --><\/p>\n<td><b>DNR<\/td>\n<p><!-- [et_pb_line_break_holder] --><\/p>\n<td>Sin sensor de c\u00e1mara visible<\/td>\n<p><!-- [et_pb_line_break_holder] --><\/p>\n<td>DNR 3D<\/td>\n<p><!-- [et_pb_line_break_holder] --><\/p>\n<td>DNR 3D<\/td>\n<p><!-- [et_pb_line_break_holder] --><\/p>\n<td>DNR 3D<\/td>\n<p><!-- [et_pb_line_break_holder] --><\/tr>\n<p><!-- [et_pb_line_break_holder] --><\/p>\n<tr bgcolor=\"PaleGreen\"><!-- [et_pb_line_break_holder] --><\/p>\n<td><b>General<\/td>\n<p><!-- [et_pb_line_break_holder] --><\/p>\n<td><b>Temperatura de funcionamiento <\/td>\n<p><!-- [et_pb_line_break_holder] --><\/p>\n<td>18-26\u02daC(64 - 79 \u02daF))<\/td>\n<p><!-- [et_pb_line_break_holder] --><\/p>\n<td>0-45\u00b0C(50 &#8211; 113\u02daF) \/Preferred:16-32\u00b0C(60 &#8211; 90\u02daF)<\/td>\n<p><!-- [et_pb_line_break_holder] --><\/p>\n<td>0-45\u00b0C(50 &#8211; 113\u02daF) \/Preferred:16-32\u00b0C(60 &#8211; 90\u02daF)<\/td>\n<p><!-- [et_pb_line_break_holder] --><\/p>\n<td>0-45\u00b0C(50 &#8211; 113\u02daF) \/Preferred:16-32\u00b0C(60 &#8211; 90\u02daF)<\/td>\n<p><!-- [et_pb_line_break_holder] --><\/tr>\n<p><!-- [et_pb_line_break_holder] --><\/p>\n<tr bgcolor=\"PaleGreen\"><!-- [et_pb_line_break_holder] --><\/p>\n<td> <\/td>\n<p><!-- [et_pb_line_break_holder] --><\/p>\n<td><b>Humedad <\/td>\n<p><!-- [et_pb_line_break_holder] --><\/p>\n<td>EC 60068-2-30 \/ 24h 85\uff05RH<\/td>\n<p><!-- [et_pb_line_break_holder] --><\/p>\n<td>EC 60068-2-30 \/ 24h 85\uff05RH<\/td>\n<p><!-- [et_pb_line_break_holder] --><\/p>\n<td>EC 60068-2-30 \/ 24h 85\uff05RH<\/td>\n<p><!-- [et_pb_line_break_holder] --><\/p>\n<td>EC 60068-2-30 \/ 24h 85\uff05RH<\/td>\n<p><!-- [et_pb_line_break_holder] --><\/tr>\n<p><!-- [et_pb_line_break_holder] --><\/p>\n<tr bgcolor=\"PaleGreen\"><!-- [et_pb_line_break_holder] --><\/p>\n<td> <\/td>\n<p><!-- [et_pb_line_break_holder] --><\/p>\n<td><b>Potencia<\/td>\n<p><!-- [et_pb_line_break_holder] --><\/p>\n<td>Bater\u00eda de pol\u00edmero de litio de 1500 mAH <\/td>\n<p><!-- [et_pb_line_break_holder] --><\/p>\n<td>Entrada: 100-240V AC, Salida: 15V 2A CC <\/td>\n<p><!-- [et_pb_line_break_holder] --><\/p>\n<td>Entrada: 100-240V AC, Salida: 15V 2A CC <\/td>\n<p><!-- [et_pb_line_break_holder] --><\/p>\n<td>Entrada: 100-240V AC, Salida: 15V 2A CC <\/td>\n<p><!-- [et_pb_line_break_holder] --><\/tr>\n<p><!-- [et_pb_line_break_holder] --><\/p>\n<tr bgcolor=\"PaleGreen\"><!-- [et_pb_line_break_holder] --><\/p>\n<td> <\/td>\n<p><!-- [et_pb_line_break_holder] --><\/p>\n<td><b>Dimensi\u00f3n <\/td>\n<p><!-- [et_pb_line_break_holder] --><\/p>\n<td>125 x 72 x 16 mm<\/td>\n<p><!-- [et_pb_line_break_holder] --><\/p>\n<td>95 x 88 x 40 mm<\/td>\n<p><!-- [et_pb_line_break_holder] --><\/p>\n<td>86 x 105 x 144 mm<\/td>\n<p><!-- [et_pb_line_break_holder] --><\/p>\n<td>130 x 90 x 45 mm<\/td>\n<p><!-- [et_pb_line_break_holder] --><\/tr>\n<p><!-- [et_pb_line_break_holder] --><\/p>\n<tr bgcolor=\"PaleGreen\"><!-- [et_pb_line_break_holder] --><\/p>\n<td> <\/td>\n<p><!-- [et_pb_line_break_holder] --><\/p>\n<td><b>Peso <\/td>\n<p><!-- [et_pb_line_break_holder] --><\/p>\n<td>180g<\/td>\n<p><!-- [et_pb_line_break_holder] --><\/p>\n<td>348g<\/td>\n<p><!-- [et_pb_line_break_holder] --><\/p>\n<td>1200g<\/td>\n<p><!-- [et_pb_line_break_holder] --><\/p>\n<td>465g<\/td>\n<p><!-- [et_pb_line_break_holder] --><\/tr>\n<p><!-- [et_pb_line_break_holder] --><\/p>\n<tr bgcolor=\"PaleGreen\"><!-- [et_pb_line_break_holder] --><\/p>\n<td> <\/td>\n<p><!-- [et_pb_line_break_holder] --><\/p>\n<td><b>Iluminador IR<\/td>\n<p><!-- [et_pb_line_break_holder] --><\/p>\n<td>No<\/td>\n<p><!-- [et_pb_line_break_holder] --><\/p>\n<td>No<\/td>\n<p><!-- [et_pb_line_break_holder] --><\/p>\n<td>LED de 5 vatios y 850 nm<\/td>\n<p><!-- [et_pb_line_break_holder] --><\/p>\n<td>No<\/td>\n<p><!-- [et_pb_line_break_holder] --><\/tr>\n<p><!-- [et_pb_line_break_holder] --><\/p>\n<tr bgcolor=\"PaleGreen\"><!-- [et_pb_line_break_holder] --><\/p>\n<td> <\/td>\n<p><!-- [et_pb_line_break_holder] --><\/p>\n<td><b>Monitor aut\u00f3nomo<\/td>\n<p><!-- [et_pb_line_break_holder] --><\/p>\n<td>3.5inch TFT LCD monitor(480&#215;320)<\/td>\n<p><!-- [et_pb_line_break_holder] --><\/p>\n<td>No, requiere conexi\u00f3n al ordenador o a la red interna<\/td>\n<p><!-- [et_pb_line_break_holder] --><\/p>\n<td>No, requiere conexi\u00f3n al ordenador o a la red interna<\/td>\n<p><!-- [et_pb_line_break_holder] --><\/p>\n<td>Requiere pantalla con conexi\u00f3n HDMI<\/td>\n<p><!-- [et_pb_line_break_holder] --><\/tr>\n<p><!-- [et_pb_line_break_holder] --><\/p>\n<tr bgcolor=\"PaleGreen\"><!-- [et_pb_line_break_holder] --><\/p>\n<td> <\/td>\n<p><!-- [et_pb_line_break_holder] --><\/p>\n<td> <\/td>\n<p><!-- [et_pb_line_break_holder] --><\/p>\n<td> <\/td>\n<p><!-- [et_pb_line_break_holder] --><\/p>\n<td> <\/td>\n<p><!-- [et_pb_line_break_holder] --><\/p>\n<td> <\/td>\n<p><!-- [et_pb_line_break_holder] --><\/p>\n<td> <\/td>\n<p><!-- [et_pb_line_break_holder] --><\/tr>\n<p><!-- [et_pb_line_break_holder] --><\/tbody>\n<\/table>\n<p>[\/et_pb_code][\/et_pb_column][\/et_pb_row][\/et_pb_section]<\/p>","protected":false},"excerpt":{"rendered":"<p>Thermacheck Comparaci\u00f3n de productos<\/p>","protected":false},"author":1,"featured_media":0,"parent":0,"menu_order":0,"comment_status":"closed","ping_status":"closed","template":"","meta":{"_et_pb_use_builder":"on","_et_pb_old_content":"","_et_gb_content_width":"","footnotes":""},"class_list":["post-546","page","type-page","status-publish","hentry"],"_links":{"self":[{"href":"https:\/\/seehiddenproblems.com\/es\/wp-json\/wp\/v2\/pages\/546","targetHints":{"allow":["GET"]}}],"collection":[{"href":"https:\/\/seehiddenproblems.com\/es\/wp-json\/wp\/v2\/pages"}],"about":[{"href":"https:\/\/seehiddenproblems.com\/es\/wp-json\/wp\/v2\/types\/page"}],"author":[{"embeddable":true,"href":"https:\/\/seehiddenproblems.com\/es\/wp-json\/wp\/v2\/users\/1"}],"replies":[{"embeddable":true,"href":"https:\/\/seehiddenproblems.com\/es\/wp-json\/wp\/v2\/comments?post=546"}],"version-history":[{"count":0,"href":"https:\/\/seehiddenproblems.com\/es\/wp-json\/wp\/v2\/pages\/546\/revisions"}],"wp:attachment":[{"href":"https:\/\/seehiddenproblems.com\/es\/wp-json\/wp\/v2\/media?parent=546"}],"curies":[{"name":"wp","href":"https:\/\/api.w.org\/{rel}","templated":true}]}}