{"id":28052,"date":"2024-07-15T18:30:18","date_gmt":"2024-07-15T10:30:18","guid":{"rendered":"https:\/\/ti.tioent.com\/?page_id=28052"},"modified":"2025-01-15T04:30:11","modified_gmt":"2025-01-14T20:30:11","slug":"how-thermacheck-screening-works","status":"publish","type":"page","link":"https:\/\/seehiddenproblems.com\/es\/como-funciona-el-cribado-thermacheck\/","title":{"rendered":"C\u00f3mo funciona el cribado ThermaCheck"},"content":{"rendered":"<p>[et_pb_section fb_built=\"1\u2033 _builder_version=\"4.21.2\u2033 _module_preset=\"default\" custom_padding=\"0px||0px||false|false\" global_colors_info=\"{}\"][et_pb_row _builder_version=\"4.21.2\u2033 _module_preset=\"default\" background_color=\"#414141\u2033 max_width=\"100%\" global_colors_info=\"100.2\u2033 _module_preset=\"default\" background_color=\"#414141\u2033 max_width=\"100%\" global_colors_info=\"{}\"][et_pb_column type=\"4_4\u2033 _builder_version=\"4.21.2\u2033 _module_preset=\"default\" global_colors_info=\"{}\"][et_pb_text _builder_version=\"4.27.0\u2033 _module_preset=\"default\" text_font=\"|600|||||||\" header_2_font=\"|600|||||||\" header_2_text_align=\"center\" header_2_text_color=\"#FFFFFF\" header_2_font_size=\"30px\" global_colors_info=\"{}\"]<\/p>\n<h2 class=\"font_2 wixui-rich-text__text\"><span class=\"wixui-rich-text__text\"><span class=\"color_11 wixui-rich-text__text\">C\u00f3mo funciona el cribado ThermaCheck<\/span><\/span><\/h2>\n<p>[\/et_pb_text][\/et_pb_column][\/et_pb_row][\/et_pb_section][et_pb_section fb_built=&#8221;1&#8243; _builder_version=&#8221;4.21.2&#8243; _module_preset=&#8221;default&#8221; global_colors_info=&#8221;{}&#8221;][et_pb_row _builder_version=&#8221;4.21.2&#8243; _module_preset=&#8221;default&#8221; custom_margin=&#8221;-5%||||false|false&#8221; global_colors_info=&#8221;{}&#8221;][et_pb_column type=&#8221;4_4&#8243; _builder_version=&#8221;4.21.2&#8243; _module_preset=&#8221;default&#8221; global_colors_info=&#8221;{}&#8221;][et_pb_code raw_content_last_edited=&#8221;off|desktop&#8221; _builder_version=&#8221;4.27.4&#8243; _module_preset=&#8221;default&#8221; hover_enabled=&#8221;0&#8243; global_colors_info=&#8221;{}&#8221; sticky_enabled=&#8221;0&#8243;]<video controls muted=\"true\" autoplay=\"autoplay\" playsinline=\"true\"><!-- [et_pb_line_break_holder] --><source type=\"video\/mp4\"  src=\"https:\/\/seehiddenproblems.com\/wp-content\/uploads\/2025\/01\/TI-file-1.mp4\"<!--no numeric noise key 1001-->><!-- [et_pb_line_break_holder] -->  <\/vidoe>[\/et_pb_code][et_pb_text _builder_version=&#8221;4.21.2&#8243; _module_preset=&#8221;default&#8221; text_font_size=&#8221;15px&#8221; global_colors_info=&#8221;{}&#8221;]<\/p>\n<div id=\"bgLayers_comp-low17pb81\" data-hook=\"bgLayers\" class=\"MW5IWV\">\n<div id=\"bgMedia_comp-low17pb81\" class=\"VgO9Yg\"><span class=\"wixui-rich-text__text\">Therma<span class=\"color_15 wixui-rich-text__text\">\u00ae mide r\u00e1pidamente la temperatura de la piel mediante una c\u00e1mara de infrarrojos y un avanzado software de inteligencia artificial para identificar a las personas con temperatura corporal elevada (TCE).* El sistema puede instalarse r\u00e1pidamente en la zona de recepci\u00f3n de su empresa para examinar tanto a los visitantes como a los empleados.  La c\u00e1mara, colocada entre 1 y 4 metros delante de las personas que pasan, tarda s\u00f3lo 1 segundo en comprobar si la temperatura es normal. El amplio campo de visi\u00f3n permite medir a grupos de personas sin necesidad de ajustar la posici\u00f3n de la c\u00e1mara. Si desea consultar algunas de las preguntas m\u00e1s frecuentes sobre el cribado EBT, consulte nuestro<span>\u00a0<\/span>PREGUNTAS FRECUENTES<span>\u00a0<\/span><\/span><a href=\"https:\/\/www.planckvisionsystems.com\/faq\" target=\"_self\" class=\"wixui-rich-text__text\" rel=\"noopener\">p\u00e1gina<\/a><\/span><span>.<\/span><\/div>\n<\/div>\n<p>[\/et_pb_text][\/et_pb_column][\/et_pb_row][\/et_pb_section][et_pb_section fb_built=&#8221;1&#8243; _builder_version=&#8221;4.21.2&#8243; _module_preset=&#8221;default&#8221; custom_margin=&#8221;-5%||||false|false&#8221; global_colors_info=&#8221;{}&#8221;][et_pb_row column_structure=&#8221;1_2,1_2&#8243; use_custom_gutter=&#8221;on&#8221; gutter_width=&#8221;4&#8243; _builder_version=&#8221;4.21.2&#8243; _module_preset=&#8221;default&#8221; global_colors_info=&#8221;{}&#8221;][et_pb_column type=&#8221;1_2&#8243; _builder_version=&#8221;4.21.2&#8243; _module_preset=&#8221;default&#8221; global_colors_info=&#8221;{}&#8221;][et_pb_button button_url=&#8221;https:\/\/seehiddenproblems.com\/product\/&#8221; button_text=&#8221;View Our EBT Product Family&#8221; button_alignment=&#8221;right&#8221; button_alignment_tablet=&#8221;center&#8221; button_alignment_phone=&#8221;center&#8221; button_alignment_last_edited=&#8221;on|phone&#8221; _builder_version=&#8221;4.27.0&#8243; _module_preset=&#8221;default&#8221; custom_button=&#8221;on&#8221; button_text_color=&#8221;#FFFFFF&#8221; button_bg_color=&#8221;#000000&#8243; button_border_color=&#8221;#000000&#8243; button_use_icon=&#8221;off&#8221; global_colors_info=&#8221;{}&#8221; button_text_color__hover_enabled=&#8221;on|hover&#8221; button_bg_color__hover_enabled=&#8221;on|desktop&#8221; button_text_color__hover=&#8221;#000000&#8243; button_bg_color__hover=&#8221;#FFFFFF&#8221; button_bg_enable_color__hover=&#8221;on&#8221;][\/et_pb_button][\/et_pb_column][et_pb_column type=&#8221;1_2&#8243; _builder_version=&#8221;4.21.2&#8243; _module_preset=&#8221;default&#8221; global_colors_info=&#8221;{}&#8221;][et_pb_button button_url=&#8221;mailto:ti@tioent.com&#8221; button_text=&#8221;Contact Us for Quote&#8221; button_alignment=&#8221;left&#8221; button_alignment_tablet=&#8221;center&#8221; button_alignment_phone=&#8221;center&#8221; button_alignment_last_edited=&#8221;on|phone&#8221; _builder_version=&#8221;4.27.0&#8243; _module_preset=&#8221;default&#8221; custom_button=&#8221;on&#8221; button_text_color=&#8221;#FFFFFF&#8221; button_bg_color=&#8221;#000000&#8243; button_border_color=&#8221;#000000&#8243; button_use_icon=&#8221;off&#8221; custom_padding=&#8221;|9%||10%|false|false&#8221; global_colors_info=&#8221;{}&#8221; button_text_color__hover_enabled=&#8221;on|hover&#8221; button_bg_color__hover_enabled=&#8221;on|desktop&#8221; button_text_color__hover=&#8221;#000000&#8243; button_bg_color__hover=&#8221;#FFFFFF&#8221; button_bg_enable_color__hover=&#8221;on&#8221;][\/et_pb_button][\/et_pb_column][\/et_pb_row][\/et_pb_section][et_pb_section fb_built=&#8221;1&#8243; _builder_version=&#8221;4.21.2&#8243; _module_preset=&#8221;default&#8221; custom_margin=&#8221;-6%||||false|false&#8221; global_colors_info=&#8221;{}&#8221;][et_pb_row _builder_version=&#8221;4.21.2&#8243; _module_preset=&#8221;default&#8221; global_colors_info=&#8221;{}&#8221;][et_pb_column type=&#8221;4_4&#8243; _builder_version=&#8221;4.21.2&#8243; _module_preset=&#8221;default&#8221; global_colors_info=&#8221;{}&#8221;][et_pb_text _builder_version=&#8221;4.21.2&#8243; _module_preset=&#8221;default&#8221; text_font_size=&#8221;15px&#8221; global_colors_info=&#8221;{}&#8221;]<\/p>\n<p><span class=\"wixui-rich-text__text\">Si desea obtener m\u00e1s informaci\u00f3n sobre la familia de productos ThermaCheck o convertirse en distribuidor de nuestras c\u00e1maras, p\u00f3ngase en contacto con nosotros aqu\u00ed.<\/span><span class=\"wixui-rich-text__text\"><span>\u00a0<\/span><a href=\"https:\/\/www.planckvisionsystems.com\/quote\" target=\"_self\" class=\"wixui-rich-text__text\" rel=\"noopener\">aqu\u00ed<\/a>.<\/span><\/p>\n<p>[\/et_pb_text][\/et_pb_column][\/et_pb_row][\/et_pb_section][et_pb_section fb_built=&#8221;1&#8243; _builder_version=&#8221;4.21.2&#8243; _module_preset=&#8221;default&#8221; custom_margin=&#8221;-5%||||false|false&#8221; global_colors_info=&#8221;{}&#8221;][et_pb_row column_structure=&#8221;1_3,1_3,1_3&#8243; _builder_version=&#8221;4.21.2&#8243; _module_preset=&#8221;default&#8221; global_colors_info=&#8221;{}&#8221;][et_pb_column type=&#8221;1_3&#8243; _builder_version=&#8221;4.21.2&#8243; _module_preset=&#8221;default&#8221; global_colors_info=&#8221;{}&#8221;][et_pb_text _builder_version=&#8221;4.21.2&#8243; _module_preset=&#8221;default&#8221; header_2_font=&#8221;|600|||||||&#8221; header_2_font_size=&#8221;30px&#8221; global_colors_info=&#8221;{}&#8221;]<\/p>\n<div id=\"bgLayers_comp-kcrcmbws\" data-hook=\"bgLayers\" class=\"MW5IWV\">\n<div id=\"bgMedia_comp-kcrcmbws\" class=\"VgO9Yg\" style=\"text-align: center;\"><\/div>\n<\/div>\n<div data-mesh-id=\"comp-kcrcmbwsinlineContent\" data-testid=\"inline-content\" class=\"\">\n<div data-mesh-id=\"comp-kcrcmbwsinlineContent-gridContainer\" data-testid=\"mesh-container-content\">\n<div id=\"comp-kcrcmbwt3\" class=\"BaOVQ8 tz5f0K comp-kcrcmbwt3 wixui-rich-text\" data-testid=\"richTextElement\" style=\"text-align: center;\">\n<h2 class=\"font_2 wixui-rich-text__text\"><span class=\"wixui-rich-text__text\">Inteligente<\/span><\/h2>\n<\/div>\n<div id=\"comp-kcrv9jr0\" class=\"MazNVa comp-kcrv9jr0 wixui-image\" style=\"text-align: center;\">\n<div data-testid=\"linkElement\" class=\"j7pOnl\"><wow-image id=\"img_comp-kcrv9jr0\" class=\"HlRz5e BI8PVQ\" data-image-info=\"{&quot;containerId&quot;:&quot;comp-kcrv9jr0&quot;,&quot;displayMode&quot;:&quot;fill&quot;,&quot;targetWidth&quot;:122,&quot;targetHeight&quot;:122,&quot;isLQIP&quot;:true,&quot;imageData&quot;:{&quot;width&quot;:1200,&quot;height&quot;:1200,&quot;uri&quot;:&quot;0239e2_b30af32bba4e425e8aeda3b0755ec1ff~mv2.png&quot;,&quot;name&quot;:&quot;Intelligent_edited.png&quot;,&quot;displayMode&quot;:&quot;fill&quot;}}\" data-bg-effect-name=\"\" data-has-ssr-src=\"\" data-src=\"https:\/\/seehiddenproblems.com\/wp-content\/uploads\/2024\/07\/Intelligent_edited.png\"><img decoding=\"async\" src=\"https:\/\/seehiddenproblems.com\/wp-content\/uploads\/2024\/07\/Intelligent_edited.png\" alt=\"Inteligente_editado.png\" width=\"122\" height=\"122\" fetchpriority=\"high\" \/><\/wow-image><\/div>\n<\/div>\n<div id=\"comp-kcrcmbwv3\" class=\"comp-kcrcmbwv3 aVng1S wixui-horizontal-line\" style=\"text-align: center;\"><\/div>\n<div id=\"comp-kcrvd18y\" class=\"BaOVQ8 tz5f0K comp-kcrvd18y wixui-rich-text\" data-testid=\"richTextElement\">\n<p class=\"font_8 wixui-rich-text__text\" style=\"text-align: center;\"><span class=\"wixui-rich-text__text\">La inteligencia artificial integrada permite la detecci\u00f3n autom\u00e1tica de rostros y las alertas de temperatura correcta\/incorrecta hacen que ThermaCheck sea f\u00e1cil y fiable.<\/span><\/p>\n<\/div>\n<\/div>\n<\/div>\n<p>[\/et_pb_text][\/et_pb_column][et_pb_column type=&#8221;1_3&#8243; _builder_version=&#8221;4.21.2&#8243; _module_preset=&#8221;default&#8221; global_colors_info=&#8221;{}&#8221;][et_pb_text _builder_version=&#8221;4.21.2&#8243; _module_preset=&#8221;default&#8221; header_2_font=&#8221;|600|||||||&#8221; header_2_font_size=&#8221;30px&#8221; global_colors_info=&#8221;{}&#8221;]<\/p>\n<div id=\"comp-kcrcmbwy\" class=\"BaOVQ8 tz5f0K comp-kcrcmbwy wixui-rich-text\" data-testid=\"richTextElement\">\n<h2 class=\"font_2 wixui-rich-text__text\" style=\"text-align: center;\"><span class=\"wixui-rich-text__text\">Preciso<\/span><\/h2>\n<\/div>\n<div id=\"comp-kcrvad8u\" class=\"MazNVa comp-kcrvad8u wixui-image\" style=\"text-align: center;\">\n<div data-testid=\"linkElement\" class=\"j7pOnl\"><wow-image id=\"img_comp-kcrvad8u\" class=\"HlRz5e BI8PVQ\" data-image-info=\"{&quot;containerId&quot;:&quot;comp-kcrvad8u&quot;,&quot;displayMode&quot;:&quot;fill&quot;,&quot;targetWidth&quot;:122,&quot;targetHeight&quot;:122,&quot;isLQIP&quot;:true,&quot;imageData&quot;:{&quot;width&quot;:1090,&quot;height&quot;:1090,&quot;uri&quot;:&quot;0239e2_27bc1e4c135e414d9b6fb73e59248cfd~mv2.png&quot;,&quot;name&quot;:&quot;Precise.png&quot;,&quot;displayMode&quot;:&quot;fill&quot;}}\" data-bg-effect-name=\"\" data-has-ssr-src=\"\" data-src=\"https:\/\/seehiddenproblems.com\/wp-content\/uploads\/2024\/07\/Precise.png\"><img decoding=\"async\" src=\"https:\/\/seehiddenproblems.com\/wp-content\/uploads\/2024\/07\/Precise.png\" alt=\"Preciso.png\" width=\"122\" height=\"122\" fetchpriority=\"high\" \/><\/wow-image><\/div>\n<\/div>\n<div id=\"comp-kcrcmbwz\" class=\"comp-kcrcmbwz aVng1S wixui-horizontal-line\" style=\"text-align: center;\"><\/div>\n<div id=\"comp-kcrvdo75\" class=\"BaOVQ8 tz5f0K comp-kcrvdo75 wixui-rich-text\" data-testid=\"richTextElement\">\n<p class=\"font_8 wixui-rich-text__text\" style=\"text-align: center;\"><span class=\"wixui-rich-text__text\">El sensor t\u00e9rmico de fabricaci\u00f3n estadounidense y la tecnolog\u00eda AI ofrecen una alta precisi\u00f3n de \u2264\u00b10,5\u02daF (\u2264\u00b10,3\u02daC) desde una distancia de 1-4 m (3,5-13,5 pies).<\/span><\/p>\n<\/div>\n<p>[\/et_pb_text][\/et_pb_column][et_pb_column type=&#8221;1_3&#8243; _builder_version=&#8221;4.21.2&#8243; _module_preset=&#8221;default&#8221; global_colors_info=&#8221;{}&#8221;][et_pb_text _builder_version=&#8221;4.21.2&#8243; _module_preset=&#8221;default&#8221; header_2_font=&#8221;|600|||||||&#8221; header_2_font_size=&#8221;30px&#8221; global_colors_info=&#8221;{}&#8221;]<\/p>\n<div id=\"comp-kcrcmbx21\" class=\"BaOVQ8 tz5f0K comp-kcrcmbx21 wixui-rich-text\" data-testid=\"richTextElement\">\n<h2 class=\"font_2 wixui-rich-text__text\" style=\"text-align: center;\"><span class=\"wixui-rich-text__text\">Asequible<\/span><\/h2>\n<\/div>\n<div id=\"comp-kcrvbftm\" class=\"MazNVa comp-kcrvbftm wixui-image\" style=\"text-align: center;\">\n<div data-testid=\"linkElement\" class=\"j7pOnl\"><wow-image id=\"img_comp-kcrvbftm\" class=\"HlRz5e BI8PVQ\" data-image-info=\"{&quot;containerId&quot;:&quot;comp-kcrvbftm&quot;,&quot;displayMode&quot;:&quot;fill&quot;,&quot;targetWidth&quot;:122,&quot;targetHeight&quot;:122,&quot;isLQIP&quot;:true,&quot;imageData&quot;:{&quot;width&quot;:1090,&quot;height&quot;:1090,&quot;uri&quot;:&quot;0239e2_4ae6375ea96743869aa676c84e7aca17~mv2.png&quot;,&quot;name&quot;:&quot;Affordable.png&quot;,&quot;displayMode&quot;:&quot;fill&quot;}}\" data-bg-effect-name=\"\" data-has-ssr-src=\"\" data-src=\"https:\/\/seehiddenproblems.com\/wp-content\/uploads\/2024\/07\/Affordable.png\"><img decoding=\"async\" src=\"https:\/\/seehiddenproblems.com\/wp-content\/uploads\/2024\/07\/Affordable.png\" alt=\"Asequible.png\" width=\"122\" height=\"122\" fetchpriority=\"high\" \/><\/wow-image><\/div>\n<\/div>\n<div id=\"comp-kcrcmbx31\" class=\"comp-kcrcmbx31 aVng1S wixui-horizontal-line\" style=\"text-align: center;\"><\/div>\n<div id=\"comp-kcrve1xl\" class=\"BaOVQ8 tz5f0K comp-kcrve1xl wixui-rich-text\" data-testid=\"richTextElement\">\n<p class=\"font_8 wixui-rich-text__text\" style=\"text-align: center;\"><span class=\"wixui-rich-text__text\">Desarrollado espec\u00edficamente para la detecci\u00f3n de temperatura corporal elevada, ThermaCheck se ha creado pensando en las peque\u00f1as y medianas empresas.<\/span><\/p>\n<\/div>\n<p>[\/et_pb_text][\/et_pb_column][\/et_pb_row][\/et_pb_section][et_pb_section fb_built=&#8221;1&#8243; _builder_version=&#8221;4.21.2&#8243; _module_preset=&#8221;default&#8221; custom_margin=&#8221;-6.5%||||false|false&#8221; global_colors_info=&#8221;{}&#8221;][et_pb_row _builder_version=&#8221;4.21.2&#8243; _module_preset=&#8221;default&#8221; global_colors_info=&#8221;{}&#8221;][et_pb_column type=&#8221;4_4&#8243; _builder_version=&#8221;4.21.2&#8243; _module_preset=&#8221;default&#8221; global_colors_info=&#8221;{}&#8221;][et_pb_text _builder_version=&#8221;4.21.2&#8243; _module_preset=&#8221;default&#8221; text_font_size=&#8221;10px&#8221; text_line_height=&#8221;1.6em&#8221; global_colors_info=&#8221;{}&#8221;]<\/p>\n<p class=\"font_8 wixui-rich-text__text\"><span class=\"wixui-rich-text__text\">*Descargo de responsabilidad: Nuestros productos s\u00f3lo pueden identificar a personas con temperatura cut\u00e1nea elevada.  Aunque la literatura cient\u00edfica disponible apoya el uso de c\u00e1maras infrarrojas para este prop\u00f3sito [1], los individuos con lecturas anormales de temperatura deben ser evaluados m\u00e1s a fondo con un term\u00f3metro de grado m\u00e9dico, y s\u00f3lo un profesional m\u00e9dico autorizado puede determinar si tal individuo est\u00e1 experimentando una condici\u00f3n m\u00e9dica anormal.  Planck Vision Systems no anuncia nuestras c\u00e1maras como equipos m\u00e9dicos.<\/span><\/p>\n<p class=\"font_8 wixui-rich-text__text\"><span class=\"wixui-rich-text__text\"><span class=\"wixGuard wixui-rich-text__text\">\u200b<\/span><\/span><\/p>\n<p class=\"font_8 wixui-rich-text__text\"><span class=\"wixui-rich-text__text\">[1] Ring, Francis J., y E. Y. K. Ng. \"Est\u00e1ndares de imagen t\u00e9rmica infrarroja para la detecci\u00f3n de fiebre humana\". Medical Infrared Imaging: Principles and Practices. CRC press, 2007.<\/span><\/p>\n<p>[\/et_pb_text][\/et_pb_column][\/et_pb_row][\/et_pb_section]<\/p>","protected":false},"excerpt":{"rendered":"<p>How ThermaCheck Screening Works Therma\u00ae quickly measures skin temperature using an infrared camera and advanced AI software to identify people with Elevated Body Temperature (EBT).*\u00a0 The system can be rapidly deployed in the receiving area of your business to screen both visitors and employees. \u00a0The camera, placed 3.5 to 13ft (1 &#8211; 4m) in front of passing subjects, takes only 1 sec to check for a normal temperature. The wide FOV allows groups of subjects to be measured with no need to adjust the camera position. For some frequently asked questions about EBT screening, please see our\u00a0FAQ\u00a0page. If you would like more information about the ThermaCheck family of products or to becoming a distributor for our cameras, please contact us\u00a0here. Intelligent Built-in AI enables\u00a0automatic face detection &amp; temperature pass\/fail alerts makes ThermaCheck easy &amp; reliable Precise US made thermal sensor plus AI technology deliver high accuracy of \u2264\u00b10.5\u02daF (\u2264\u00b10.3\u02daC) from a distance of 3.5-13.5 ft (1-4m) Affordable Specifically developed for elevated body temperature screening ThermaCheck was created with the small and medium business owner in mind *Disclaimer: Our products can only identify individuals with elevated skin temperature.\u00a0 Although the available scientific literature supports the use of infrared cameras for this [&hellip;]<\/p>","protected":false},"author":1,"featured_media":0,"parent":0,"menu_order":0,"comment_status":"closed","ping_status":"closed","template":"","meta":{"_et_pb_use_builder":"on","_et_pb_old_content":"","_et_gb_content_width":"","footnotes":""},"class_list":["post-28052","page","type-page","status-publish","hentry"],"_links":{"self":[{"href":"https:\/\/seehiddenproblems.com\/es\/wp-json\/wp\/v2\/pages\/28052","targetHints":{"allow":["GET"]}}],"collection":[{"href":"https:\/\/seehiddenproblems.com\/es\/wp-json\/wp\/v2\/pages"}],"about":[{"href":"https:\/\/seehiddenproblems.com\/es\/wp-json\/wp\/v2\/types\/page"}],"author":[{"embeddable":true,"href":"https:\/\/seehiddenproblems.com\/es\/wp-json\/wp\/v2\/users\/1"}],"replies":[{"embeddable":true,"href":"https:\/\/seehiddenproblems.com\/es\/wp-json\/wp\/v2\/comments?post=28052"}],"version-history":[{"count":4,"href":"https:\/\/seehiddenproblems.com\/es\/wp-json\/wp\/v2\/pages\/28052\/revisions"}],"predecessor-version":[{"id":31093,"href":"https:\/\/seehiddenproblems.com\/es\/wp-json\/wp\/v2\/pages\/28052\/revisions\/31093"}],"wp:attachment":[{"href":"https:\/\/seehiddenproblems.com\/es\/wp-json\/wp\/v2\/media?parent=28052"}],"curies":[{"name":"wp","href":"https:\/\/api.w.org\/{rel}","templated":true}]}}