{"id":28035,"date":"2024-07-15T17:58:21","date_gmt":"2024-07-15T09:58:21","guid":{"rendered":"https:\/\/ti.tioent.com\/?page_id=28035"},"modified":"2024-09-09T01:37:02","modified_gmt":"2024-09-08T17:37:02","slug":"cargo-fire-loss-prevention","status":"publish","type":"page","link":"https:\/\/seehiddenproblems.com\/de\/verhutung-von-brandschaden-an-der-ladung\/","title":{"rendered":"Brand- und Schadenverh\u00fctung in der Fracht"},"content":{"rendered":"<p>[et_pb_section fb_built=&#8221;1&#8243; _builder_version=&#8221;4.21.2&#8243; _module_preset=&#8221;default&#8221; custom_padding=&#8221;0px||0px||false|false&#8221; global_colors_info=&#8221;{}&#8221;][et_pb_row _builder_version=&#8221;4.21.2&#8243; _module_preset=&#8221;default&#8221; background_color=&#8221;#414141&#8243; max_width=&#8221;100%&#8221; custom_margin=&#8221;||||false|false&#8221; global_colors_info=&#8221;{}&#8221;][et_pb_column type=&#8221;4_4&#8243; _builder_version=&#8221;4.21.2&#8243; _module_preset=&#8221;default&#8221; global_colors_info=&#8221;{}&#8221;][et_pb_text _builder_version=&#8221;4.21.2&#8243; _module_preset=&#8221;default&#8221; text_font=&#8221;|600|||||||&#8221; header_2_font=&#8221;|600|||||||&#8221; header_2_text_align=&#8221;center&#8221; header_2_text_color=&#8221;#FFFFFF&#8221; header_2_font_size=&#8221;30px&#8221; global_colors_info=&#8221;{}&#8221;]<\/p>\n<div id=\"bgLayers_comp-ln96kzkh8\" data-hook=\"bgLayers\" class=\"MW5IWV\">\n<div id=\"bgMedia_comp-ln96kzkh8\" class=\"VgO9Yg\"><\/div>\n<\/div>\n<div data-mesh-id=\"comp-ln96kzkh8inlineContent\" data-testid=\"inline-content\" class=\"\">\n<div data-mesh-id=\"comp-ln96kzkh8inlineContent-gridContainer\" data-testid=\"mesh-container-content\">\n<div id=\"comp-ln96kzkj\" class=\"KcpHeO tz5f0K comp-ln96kzkj wixui-rich-text\" data-testid=\"richTextElement\">\n<h2 class=\"font_2 wixui-rich-text__text\"><span class=\"wixui-rich-text__text\">Brand- und Schadenverh\u00fctung in der Fracht<\/span><\/h2>\n<\/div>\n<\/div>\n<\/div>\n<p>[\/et_pb_text][\/et_pb_column][\/et_pb_row][\/et_pb_section][et_pb_section fb_built=&#8221;1&#8243; _builder_version=&#8221;4.21.2&#8243; _module_preset=&#8221;default&#8221; custom_margin=&#8221;||||false|false&#8221; custom_padding=&#8221;0px||0px||false|false&#8221; global_colors_info=&#8221;{}&#8221;][et_pb_row _builder_version=&#8221;4.21.2&#8243; _module_preset=&#8221;default&#8221; global_colors_info=&#8221;{}&#8221;][et_pb_column type=&#8221;4_4&#8243; _builder_version=&#8221;4.21.2&#8243; _module_preset=&#8221;default&#8221; global_colors_info=&#8221;{}&#8221;][et_pb_image src=&#8221;https:\/\/seehiddenproblems.com\/wp-content\/uploads\/2024\/07\/a59c45a6-744c-47ec-8bca-12a83cfd58d3.png&#8221; _builder_version=&#8221;4.21.2&#8243; _module_preset=&#8221;default&#8221; global_colors_info=&#8221;{}&#8221;][\/et_pb_image][et_pb_text _builder_version=&#8221;4.21.2&#8243; _module_preset=&#8221;default&#8221; header_2_font=&#8221;|800|||||||&#8221; header_2_text_align=&#8221;center&#8221; header_2_font_size=&#8221;50px&#8221; global_colors_info=&#8221;{}&#8221;]<\/p>\n<h2 class=\"font_2 wixui-rich-text__text\"><span class=\"wixui-rich-text__text\">Schutz bei extremen Risiken<\/span><\/h2>\n<p>[\/et_pb_text][\/et_pb_column][\/et_pb_row][\/et_pb_section][et_pb_section fb_built=&#8221;1&#8243; _builder_version=&#8221;4.21.2&#8243; _module_preset=&#8221;default&#8221; background_color=&#8221;#f0f0f0&#8243; custom_margin=&#8221;||||false|false&#8221; custom_padding=&#8221;0px||0px||false|false&#8221; global_colors_info=&#8221;{}&#8221;][et_pb_row column_structure=&#8221;1_3,2_3&#8243; _builder_version=&#8221;4.21.2&#8243; _module_preset=&#8221;default&#8221; global_colors_info=&#8221;{}&#8221;][et_pb_column type=&#8221;1_3&#8243; _builder_version=&#8221;4.21.2&#8243; _module_preset=&#8221;default&#8221; global_colors_info=&#8221;{}&#8221;][et_pb_text _builder_version=&#8221;4.21.2&#8243; _module_preset=&#8221;default&#8221; header_2_font=&#8221;|700|||||||&#8221; header_2_font_size=&#8221;28px&#8221; global_colors_info=&#8221;{}&#8221;]<\/p>\n<h2 class=\"font_2 wixui-rich-text__text\"><span class=\"wixui-rich-text__text\">Skalierbare L\u00f6sungen f\u00fcr Frachtschiffe<\/span><\/h2>\n<p>[\/et_pb_text][et_pb_text _builder_version=&#8221;4.21.2&#8243; _module_preset=&#8221;default&#8221; text_font=&#8221;|600|||||||&#8221; text_font_size=&#8221;16px&#8221; global_colors_info=&#8221;{}&#8221;]<\/p>\n<p><span>F\u00fcr Frachtschiffe bietet Planck Vision Systems unvergleichliche Schutzl\u00f6sungen mit den fortschrittlichen W\u00e4rmebildkameras TRX600, TNC20 mit fester Montage und TNC400PT. Unsere Ger\u00e4te wurden f\u00fcr eine unerbittliche \u00dcberwachung und sorgf\u00e4ltige Datenanalyse entwickelt und sind Ihr W\u00e4chter unter den anspruchsvollen Bedingungen des Seeverkehrs. Die st\u00e4ndige \u00dcberwachung durch unsere Systeme erkennt entscheidende Trends und Unregelm\u00e4\u00dfigkeiten und bietet eine verst\u00e4rkte Verteidigungsschicht gegen Bedrohungen der Sicherheit und Integrit\u00e4t der Fracht. Ganz gleich, ob Sie auf ruhiger oder st\u00fcrmischer See unterwegs sind, verlassen Sie sich auf Planck Vision Systems, wenn es darum geht, Ihre Ladung zuverl\u00e4ssig zu sch\u00fctzen, Verluste zu mindern und Ihr Verm\u00f6gen vor unvorhergesehenen Ereignissen zu bewahren.<\/span><\/p>\n<p>[\/et_pb_text][\/et_pb_column][et_pb_column type=&#8221;2_3&#8243; _builder_version=&#8221;4.21.2&#8243; _module_preset=&#8221;default&#8221; global_colors_info=&#8221;{}&#8221;][et_pb_button button_url=&#8221;mailto:ti@tioent.com&#8221; button_text=&#8221;Book a Meeting&#8221; button_alignment=&#8221;center&#8221; _builder_version=&#8221;4.27.0&#8243; _module_preset=&#8221;default&#8221; custom_button=&#8221;on&#8221; button_text_color=&#8221;#FFFFFF&#8221; button_bg_color=&#8221;#000000&#8243; button_border_color=&#8221;#000000&#8243; button_use_icon=&#8221;off&#8221; hover_enabled=&#8221;0&#8243; button_bg_color_last_edited=&#8221;off|desktop&#8221; global_colors_info=&#8221;{}&#8221; button_text_color__hover_enabled=&#8221;on|hover&#8221; button_bg_color__hover_enabled=&#8221;on|desktop&#8221; button_text_color__hover=&#8221;#000000&#8243; button_bg_color__hover=&#8221;#FFFFFF&#8221; button_bg_enable_color__hover=&#8221;on&#8221; sticky_enabled=&#8221;0&#8243;][\/et_pb_button][et_pb_image src=&#8221;https:\/\/seehiddenproblems.com\/wp-content\/uploads\/2024\/07\/4db4dcb4-d62c-476f-ba3e-2c852b689486.png&#8221; title_text=&#8221;4db4dcb4-d62c-476f-ba3e-2c852b689486&#8243; _builder_version=&#8221;4.21.2&#8243; _module_preset=&#8221;default&#8221; width=&#8221;100%&#8221; global_colors_info=&#8221;{}&#8221;][\/et_pb_image][\/et_pb_column][\/et_pb_row][\/et_pb_section][et_pb_section fb_built=&#8221;1&#8243; _builder_version=&#8221;4.21.2&#8243; _module_preset=&#8221;default&#8221; custom_padding=&#8221;0px||||false|false&#8221; global_colors_info=&#8221;{}&#8221;][et_pb_row _builder_version=&#8221;4.21.2&#8243; _module_preset=&#8221;default&#8221; global_colors_info=&#8221;{}&#8221;][et_pb_column type=&#8221;4_4&#8243; _builder_version=&#8221;4.21.2&#8243; _module_preset=&#8221;default&#8221; global_colors_info=&#8221;{}&#8221;][et_pb_image src=&#8221;https:\/\/seehiddenproblems.com\/wp-content\/uploads\/2024\/07\/SharedS1creenshot.jpg&#8221; title_text=&#8221;SharedS1creenshot&#8221; _builder_version=&#8221;4.21.2&#8243; _module_preset=&#8221;default&#8221; global_colors_info=&#8221;{}&#8221;][\/et_pb_image][\/et_pb_column][\/et_pb_row][et_pb_row column_structure=&#8221;2_5,3_5&#8243; _builder_version=&#8221;4.21.2&#8243; _module_preset=&#8221;default&#8221; global_colors_info=&#8221;{}&#8221;][et_pb_column type=&#8221;2_5&#8243; _builder_version=&#8221;4.21.2&#8243; _module_preset=&#8221;default&#8221; global_colors_info=&#8221;{}&#8221;][et_pb_text _builder_version=&#8221;4.21.2&#8243; _module_preset=&#8221;default&#8221; text_font=&#8221;|700|||||||&#8221; text_font_size=&#8221;40px&#8221; text_line_height=&#8221;1.6em&#8221; text_orientation=&#8221;right&#8221; global_colors_info=&#8221;{}&#8221;]<\/p>\n<p><span>Warum<\/span><br class=\"wixui-rich-text__text\" \/><span>W\u00e4hlen Sie<\/span><br class=\"wixui-rich-text__text\" \/><span>Planck?<\/span><\/p>\n<p>[\/et_pb_text][et_pb_image src=&#8221;https:\/\/seehiddenproblems.com\/wp-content\/uploads\/2024\/07\/eed67104-8109-4b3d-a9c6-90a6867c4d2f.png&#8221; title_text=&#8221;eed67104-8109-4b3d-a9c6-90a6867c4d2f&#8221; _builder_version=&#8221;4.21.2&#8243; _module_preset=&#8221;default&#8221; global_colors_info=&#8221;{}&#8221;][\/et_pb_image][\/et_pb_column][et_pb_column type=&#8221;3_5&#8243; _builder_version=&#8221;4.21.2&#8243; _module_preset=&#8221;default&#8221; global_colors_info=&#8221;{}&#8221;][et_pb_text _builder_version=&#8221;4.21.2&#8243; _module_preset=&#8221;default&#8221; text_font=&#8221;|600|||||||&#8221; text_font_size=&#8221;20px&#8221; global_colors_info=&#8221;{}&#8221;]<\/p>\n<ul class=\"font_8 wixui-rich-text__text\">\n<li class=\"wixui-rich-text__text\">\n<p class=\"font_8 wixui-rich-text__text\"><span class=\"wixui-rich-text__text\">Wirtschaftliche Entscheidungen f\u00fcr gro\u00dfe verteilte Inspektionen<\/span><\/p>\n<\/li>\n<li class=\"wixui-rich-text__text\">\n<p class=\"font_8 wixui-rich-text__text\"><span class=\"wixui-rich-text__text\">IP66-Design zum Schutz gegen Hochdruckwassereinwirkung<\/span><\/p>\n<\/li>\n<li class=\"wixui-rich-text__text\">\n<p class=\"font_8 wixui-rich-text__text\"><span class=\"wixui-rich-text__text\">Kompatibilit\u00e4t der Konstruktion mit rauen maritimen Bedingungen<\/span><\/p>\n<\/li>\n<li class=\"wixui-rich-text__text\">\n<p class=\"font_8 wixui-rich-text__text\"><span class=\"wixui-rich-text__text\">Beste L\u00f6sungen f\u00fcr die anspruchsvolle Laderaum\u00fcberwachung<\/span><\/p>\n<\/li>\n<li class=\"wixui-rich-text__text\">\n<p class=\"font_8 wixui-rich-text__text\"><span class=\"wixui-rich-text__text\">Komplement\u00e4re L\u00f6sungen f\u00fcr ein integriertes System<\/span><\/p>\n<\/li>\n<\/ul>\n<p>[\/et_pb_text][et_pb_text _builder_version=&#8221;4.21.2&#8243; _module_preset=&#8221;default&#8221; text_font_size=&#8221;26px&#8221; text_line_height=&#8221;1.6em&#8221; header_font=&#8221;|700|||||||&#8221; header_text_align=&#8221;center&#8221; header_font_size=&#8221;35px&#8221; text_orientation=&#8221;center&#8221; global_colors_info=&#8221;{}&#8221;]<\/p>\n<h1 class=\"font_8 wixui-rich-text__text\"><span class=\"wixui-rich-text__text\">Siehe Jenseits der Grenzen<\/span><\/h1>\n<p class=\"font_8 wixui-rich-text__text\"><span class=\"wixui-rich-text__text\">Ununterbrochene Aufsicht<br class=\"wixui-rich-text__text\" \/>&amp; Nahtlose Integration<\/span><\/p>\n<p>[\/et_pb_text][\/et_pb_column][\/et_pb_row][\/et_pb_section][et_pb_section fb_built=&#8221;1&#8243; _builder_version=&#8221;4.21.2&#8243; _module_preset=&#8221;default&#8221; background_color=&#8221;#f0f0f0&#8243; custom_padding=&#8221;||0%||false|false&#8221; global_colors_info=&#8221;{}&#8221;][et_pb_row column_structure=&#8221;1_2,1_2&#8243; _builder_version=&#8221;4.21.2&#8243; _module_preset=&#8221;default&#8221; global_colors_info=&#8221;{}&#8221;][et_pb_column type=&#8221;1_2&#8243; _builder_version=&#8221;4.21.2&#8243; _module_preset=&#8221;default&#8221; global_colors_info=&#8221;{}&#8221;][et_pb_blurb _builder_version=&#8221;4.21.2&#8243; _module_preset=&#8221;default&#8221; header_font=&#8221;|600|||||||&#8221; header_font_size=&#8221;30px&#8221; header_line_height=&#8221;2em&#8221; body_text_color=&#8221;#000000&#8243; body_font_size=&#8221;18px&#8221; global_colors_info=&#8221;{}&#8221;]<\/p>\n<p class=\"font_8 wixui-rich-text__text\"><strong>Die W\u00e4rmebildkameras von Planck Vision Systems bieten eine 24\/7-\u00dcberwachung, bei der kontinuierlich Daten gesammelt und mit einer Software analysiert werden, die Trends und Anomalien aufzeigt. Ob mit fest montierten, schwenk- und neigbaren Kameras oder unseren fortschrittlichen Roboterl\u00f6sungen - wir sorgen f\u00fcr eine umfassende \u00dcberwachung gro\u00dfer Umspannwerkbereiche mit klaren W\u00e4rmebildern. Vertrauen Sie darauf, dass Planck Vision Systems zur richtigen Zeit am richtigen Ort ist, um kostspielige, unerwartete Ausf\u00e4lle von Umspannwerken zu verhindern.<\/strong><\/p>\n<p>[\/et_pb_blurb][et_pb_button button_url=&#8221;mailto:ti@tioent.com&#8221; button_text=&#8221;Contact Us for Information&#8221; button_alignment=&#8221;center&#8221; _builder_version=&#8221;4.27.0&#8243; _module_preset=&#8221;default&#8221; custom_button=&#8221;on&#8221; button_text_color=&#8221;#FFFFFF&#8221; button_bg_color=&#8221;#000000&#8243; button_border_color=&#8221;#000000&#8243; button_use_icon=&#8221;off&#8221; hover_enabled=&#8221;0&#8243; global_colors_info=&#8221;{}&#8221; button_text_color__hover_enabled=&#8221;on|hover&#8221; button_text_color__hover=&#8221;#000000&#8243; button_bg_color__hover_enabled=&#8221;on|desktop&#8221; button_bg_color__hover=&#8221;#FFFFFF&#8221; button_bg_enable_color__hover=&#8221;on&#8221; button_border_color__hover_enabled=&#8221;off|desktop&#8221; sticky_enabled=&#8221;0&#8243;][\/et_pb_button][et_pb_button button_url=&#8221;https:\/\/seehiddenproblems.com\/product\/&#8221; button_text=&#8221;Product Details&#8221; button_alignment=&#8221;center&#8221; _builder_version=&#8221;4.27.0&#8243; _module_preset=&#8221;default&#8221; custom_button=&#8221;on&#8221; button_text_color=&#8221;#FFFFFF&#8221; button_bg_color=&#8221;#000000&#8243; button_border_color=&#8221;#000000&#8243; button_font=&#8221;||||||||&#8221; button_use_icon=&#8221;off&#8221; custom_padding=&#8221;|73px||73px|false|false&#8221; hover_enabled=&#8221;0&#8243; global_colors_info=&#8221;{}&#8221; button_text_color__hover_enabled=&#8221;on|hover&#8221; button_text_color__hover=&#8221;#000000&#8243; button_bg_color__hover_enabled=&#8221;on|desktop&#8221; button_bg_color__hover=&#8221;#FFFFFF&#8221; button_bg_enable_color__hover=&#8221;on&#8221; sticky_enabled=&#8221;0&#8243;][\/et_pb_button][\/et_pb_column][et_pb_column type=&#8221;1_2&#8243; _builder_version=&#8221;4.21.2&#8243; _module_preset=&#8221;default&#8221; global_colors_info=&#8221;{}&#8221;][et_pb_image src=&#8221;https:\/\/seehiddenproblems.com\/wp-content\/uploads\/2024\/07\/1SharedScreenshot.jpg&#8221; title_text=&#8221;1SharedScreenshot&#8221; _builder_version=&#8221;4.21.2&#8243; _module_preset=&#8221;default&#8221; global_colors_info=&#8221;{}&#8221;][\/et_pb_image][et_pb_text _builder_version=&#8221;4.21.2&#8243; _module_preset=&#8221;default&#8221; header_2_font=&#8221;||||||||&#8221; header_2_font_size=&#8221;16px&#8221; text_orientation=&#8221;center&#8221; global_colors_info=&#8221;{}&#8221;]<\/p>\n<h2 class=\"font_2 wixui-rich-text__text\"><span class=\"wixui-rich-text__text\">Planck Vision Systems Familie von industriellen W\u00e4rmebildkameras<\/span><\/h2>\n<p>[\/et_pb_text][\/et_pb_column][\/et_pb_row][\/et_pb_section]<\/p>","protected":false},"excerpt":{"rendered":"<p>Cargo Fire &amp; Loss Prevention Guard Under Extreme RisksScalable Solutions for Cargo ShipsFor cargo ships, Planck Vision Systems offers unparalleled protection solutions utilizing the advanced TRX600, TNC20 fixed mount, and the TNC400PT thermal imaging cameras. Designed for relentless monitoring and meticulous data analysis, our equipment is your sentinel in the demanding conditions of maritime transport. Our systems\u2019 perpetual oversight detects crucial trends and irregularities, providing a fortified layer of defense against threats to cargo safety and integrity. Whether navigating tranquil or turbulent seas, rely on Planck Vision Systems for steadfast cargo protection, mitigating losses and shielding assets from the unforeseen.WhyChoosePlanck?\u200b Economical choices for large distributed inspections IP66 design for protection against high pressure water exposure Design compatibility with harsh maritime conditions Best suited solutions for challenging cargo hold monitoring Complimentary solutions for an integrated system See Beyond the Limits Uninterrupted Oversight&amp; Seamless IntegrationPlanck Vision Systems thermal imaging cameras offer 24\/7 monitoring, constantly gathering and analyzing data with software that pinpoints trends and anomalies. Whether using fixed mount, pan\/tilt drive cameras, or our advanced robotic solutions, we ensure a comprehensive survey of large substation areas with clear thermal images. Trust in Planck Vision Systems to be in the right place at [&hellip;]<\/p>","protected":false},"author":1,"featured_media":0,"parent":0,"menu_order":0,"comment_status":"closed","ping_status":"closed","template":"","meta":{"_et_pb_use_builder":"on","_et_pb_old_content":"","_et_gb_content_width":"","footnotes":""},"class_list":["post-28035","page","type-page","status-publish","hentry"],"_links":{"self":[{"href":"https:\/\/seehiddenproblems.com\/de\/wp-json\/wp\/v2\/pages\/28035","targetHints":{"allow":["GET"]}}],"collection":[{"href":"https:\/\/seehiddenproblems.com\/de\/wp-json\/wp\/v2\/pages"}],"about":[{"href":"https:\/\/seehiddenproblems.com\/de\/wp-json\/wp\/v2\/types\/page"}],"author":[{"embeddable":true,"href":"https:\/\/seehiddenproblems.com\/de\/wp-json\/wp\/v2\/users\/1"}],"replies":[{"embeddable":true,"href":"https:\/\/seehiddenproblems.com\/de\/wp-json\/wp\/v2\/comments?post=28035"}],"version-history":[{"count":6,"href":"https:\/\/seehiddenproblems.com\/de\/wp-json\/wp\/v2\/pages\/28035\/revisions"}],"predecessor-version":[{"id":29410,"href":"https:\/\/seehiddenproblems.com\/de\/wp-json\/wp\/v2\/pages\/28035\/revisions\/29410"}],"wp:attachment":[{"href":"https:\/\/seehiddenproblems.com\/de\/wp-json\/wp\/v2\/media?parent=28035"}],"curies":[{"name":"wp","href":"https:\/\/api.w.org\/{rel}","templated":true}]}}