{"id":28027,"date":"2024-07-15T17:34:37","date_gmt":"2024-07-15T09:34:37","guid":{"rendered":"https:\/\/ti.tioent.com\/?page_id=28027"},"modified":"2024-09-09T01:36:36","modified_gmt":"2024-09-08T17:36:36","slug":"alternative-power","status":"publish","type":"page","link":"https:\/\/seehiddenproblems.com\/de\/alternative-energie\/","title":{"rendered":"Alternative Energie"},"content":{"rendered":"<p>[et_pb_section fb_built=\"1\u2033 _builder_version=\"4.21.2\u2033 _module_preset=\"default\" custom_padding=\"0px||||false|false\" global_colors_info=\"{}\"][et_pb_row _builder_version=\"4.21.2\u2033 _module_preset=\"default\" background_color=\"#414141\u2033 max_width=\"100%\" custom_margin=\"||||false|false\" global_colors_info=\"{}\"][et_pb_column type=\"4_4\u2033 _builder_version=\"4.21.2\u2033 _module_preset=\"default\" global_colors_info=\"{}\"][et_pb_text _builder_version=\"4.21.2\u2033 _module_preset=\"default\" text_font=\"|600|||||||\" header_2_font=\"|600|||||||\" header_2_text_align=\"center\" header_2_text_color=\"#FFFFFFFF\" header_2_font_size=\"30px\" global_colors_info=\"{}\"]<\/p>\n<h2 class=\"font_2 wixui-rich-text__text\"><span class=\"wixui-rich-text__text\">Alternative Energie<\/span><\/h2>\n<p>[\/et_pb_text][\/et_pb_column][\/et_pb_row][\/et_pb_section][et_pb_section fb_built=&#8221;1&#8243; _builder_version=&#8221;4.21.2&#8243; _module_preset=&#8221;default&#8221; global_colors_info=&#8221;{}&#8221;][et_pb_row _builder_version=&#8221;4.21.2&#8243; _module_preset=&#8221;default&#8221; global_colors_info=&#8221;{}&#8221;][et_pb_column type=&#8221;4_4&#8243; _builder_version=&#8221;4.21.2&#8243; _module_preset=&#8221;default&#8221; global_colors_info=&#8221;{}&#8221;][et_pb_image src=&#8221;https:\/\/seehiddenproblems.com\/wp-content\/uploads\/2024\/07\/ceeea77f-be40-404c-9725-e715881e87d7.png&#8221; title_text=&#8221;ceeea77f-be40-404c-9725-e715881e87d7&#8243; _builder_version=&#8221;4.21.2&#8243; _module_preset=&#8221;default&#8221; global_colors_info=&#8221;{}&#8221;][\/et_pb_image][et_pb_text _builder_version=&#8221;4.21.2&#8243; _module_preset=&#8221;default&#8221; header_2_font=&#8221;|700|||||||&#8221; header_2_font_size=&#8221;51px&#8221; global_colors_info=&#8221;{}&#8221;]<\/p>\n<h2 class=\"font_2 wixui-rich-text__text\"><span class=\"wixui-rich-text__text\">\u00dcberwachung unter erschwerten Bedingungen<\/span><\/h2>\n<p>[\/et_pb_text][et_pb_text _builder_version=&#8221;4.21.2&#8243; _module_preset=&#8221;default&#8221; text_font=&#8221;||||||||&#8221; text_font_size=&#8221;18px&#8221; header_2_font_size=&#8221;30px&#8221; global_colors_info=&#8221;{}&#8221;]<\/p>\n<p><strong><span class=\"wixui-rich-text__text\">Maximierte Sicherheit<\/span><span class=\"wixui-rich-text__text\">und Effizienz<\/span><\/strong><br class=\"wixui-rich-text__text\" \/><span class=\"wixui-rich-text__text\">Nutzen Sie die Leistungsf\u00e4higkeit von Planck Vision Systems mit dem TRX600-Robotersystem und unserem umfassenden L\u00f6sungsangebot, das eine unvergleichliche Unterst\u00fctzung f\u00fcr Windkraftanlagen sowohl bei Neubauten als auch bei Nachr\u00fcstungsprojekten bietet. Unsere spezialisierte W\u00e4rmebildtechnik navigiert mit un\u00fcbertroffener Pr\u00e4zision durch enge Turbinenr\u00e4ume. Durch unsere kontinuierliche \u00dcberwachung wird jede Anomalie erfasst, ohne dass periodische Handkontrollen erforderlich sind. Dieser Ansatz gew\u00e4hrleistet rechtzeitiges Eingreifen, Risikominderung und eine solide Grundlage f\u00fcr die langfristige Sicherheit im Turbinenbetrieb.<\/span><\/p>\n<p>[\/et_pb_text][et_pb_button button_url=&#8221;mailto:ti@tioent.com&#8221; button_text=&#8221;Book a Meeting&#8221; button_alignment=&#8221;center&#8221; _builder_version=&#8221;4.27.0&#8243; _module_preset=&#8221;default&#8221; custom_button=&#8221;on&#8221; button_text_color=&#8221;#FFFFFF&#8221; button_bg_color=&#8221;#000000&#8243; button_border_color=&#8221;#000000&#8243; button_use_icon=&#8221;off&#8221; hover_enabled=&#8221;0&#8243; global_colors_info=&#8221;{}&#8221; button_text_color__hover_enabled=&#8221;on|hover&#8221; button_bg_color__hover_enabled=&#8221;on|desktop&#8221; button_text_color__hover=&#8221;#000000&#8243; button_bg_color__hover=&#8221;#FFFFFF&#8221; button_bg_enable_color__hover=&#8221;on&#8221; sticky_enabled=&#8221;0&#8243;][\/et_pb_button][\/et_pb_column][\/et_pb_row][\/et_pb_section][et_pb_section fb_built=&#8221;1&#8243; _builder_version=&#8221;4.21.2&#8243; _module_preset=&#8221;default&#8221; background_color=&#8221;#f0f0f0&#8243; custom_margin=&#8221;||-3%||false|false&#8221; global_colors_info=&#8221;{}&#8221;][et_pb_row column_structure=&#8221;3_5,2_5&#8243; use_custom_gutter=&#8221;on&#8221; gutter_width=&#8221;4&#8243; _builder_version=&#8221;4.21.2&#8243; _module_preset=&#8221;default&#8221; global_colors_info=&#8221;{}&#8221;][et_pb_column type=&#8221;3_5&#8243; _builder_version=&#8221;4.21.2&#8243; _module_preset=&#8221;default&#8221; global_colors_info=&#8221;{}&#8221;][et_pb_video src=&#8221;https:\/\/www.youtube.com\/watch?v=Ada1H9PLRAU&#8221; _builder_version=&#8221;4.21.2&#8243; _module_preset=&#8221;default&#8221; global_colors_info=&#8221;{}&#8221;][\/et_pb_video][et_pb_text _builder_version=&#8221;4.21.2&#8243; _module_preset=&#8221;default&#8221; text_font=&#8221;||||||||&#8221; header_font=&#8221;||||||||&#8221; header_5_font=&#8221;||on||||||&#8221; header_5_font_size=&#8221;17px&#8221; text_orientation=&#8221;center&#8221; global_colors_info=&#8221;{}&#8221;]<\/p>\n<h5 class=\"font_5 wixui-rich-text__text\"><span class=\"color_14 wixui-rich-text__text\"><span class=\"wixui-rich-text__text\">Sehen Sie den TRX600 in einer Windkraftanlage installiert<\/span><\/span><\/h5>\n<p>[\/et_pb_text][\/et_pb_column][et_pb_column type=&#8221;2_5&#8243; _builder_version=&#8221;4.21.2&#8243; _module_preset=&#8221;default&#8221; global_colors_info=&#8221;{}&#8221;][et_pb_image src=&#8221;https:\/\/seehiddenproblems.com\/wp-content\/uploads\/2024\/07\/e8829541-2c72-43c4-be3a-9234f8fbf7e1.png&#8221; title_text=&#8221;e8829541-2c72-43c4-be3a-9234f8fbf7e1&#8243; _builder_version=&#8221;4.21.2&#8243; _module_preset=&#8221;default&#8221; global_colors_info=&#8221;{}&#8221;][\/et_pb_image][\/et_pb_column][\/et_pb_row][\/et_pb_section][et_pb_section fb_built=&#8221;1&#8243; _builder_version=&#8221;4.21.2&#8243; _module_preset=&#8221;default&#8221; global_colors_info=&#8221;{}&#8221;][et_pb_row _builder_version=&#8221;4.21.2&#8243; _module_preset=&#8221;default&#8221; global_colors_info=&#8221;{}&#8221;][et_pb_column type=&#8221;4_4&#8243; _builder_version=&#8221;4.21.2&#8243; _module_preset=&#8221;default&#8221; global_colors_info=&#8221;{}&#8221;][et_pb_image src=&#8221;https:\/\/seehiddenproblems.com\/wp-content\/uploads\/2024\/07\/SharedScre1enshot.jpg&#8221; title_text=&#8221;SharedScre1enshot&#8221; _builder_version=&#8221;4.21.2&#8243; _module_preset=&#8221;default&#8221; global_colors_info=&#8221;{}&#8221;][\/et_pb_image][\/et_pb_column][\/et_pb_row][et_pb_row column_structure=&#8221;1_2,1_2&#8243; _builder_version=&#8221;4.21.2&#8243; _module_preset=&#8221;default&#8221; global_colors_info=&#8221;{}&#8221;][et_pb_column type=&#8221;1_2&#8243; _builder_version=&#8221;4.21.2&#8243; _module_preset=&#8221;default&#8221; global_colors_info=&#8221;{}&#8221;][et_pb_text _builder_version=&#8221;4.21.2&#8243; _module_preset=&#8221;default&#8221; text_font=&#8221;|700|||||||&#8221; text_font_size=&#8221;40px&#8221; text_line_height=&#8221;1.6em&#8221; text_orientation=&#8221;right&#8221; global_colors_info=&#8221;{}&#8221;]<\/p>\n<p><span>Warum<\/span><br class=\"wixui-rich-text__text\" \/><span>W\u00e4hlen Sie<\/span><br class=\"wixui-rich-text__text\" \/><span>Planck?<\/span><\/p>\n<p>[\/et_pb_text][et_pb_blurb title=&#8221;PlanckView &#8211; Advanced Software&#8221; image=&#8221;https:\/\/seehiddenproblems.com\/wp-content\/uploads\/2024\/07\/e722b9f2-f3b2-43c2-98d8-44a9593e7bc2.png&#8221; _builder_version=&#8221;4.21.2&#8243; _module_preset=&#8221;default&#8221; header_text_align=&#8221;center&#8221; global_colors_info=&#8221;{}&#8221;][\/et_pb_blurb][\/et_pb_column][et_pb_column type=&#8221;1_2&#8243; _builder_version=&#8221;4.21.2&#8243; _module_preset=&#8221;default&#8221; global_colors_info=&#8221;{}&#8221;][et_pb_text _builder_version=&#8221;4.21.2&#8243; _module_preset=&#8221;default&#8221; text_font=&#8221;|600|||||||&#8221; text_font_size=&#8221;17px&#8221; global_colors_info=&#8221;{}&#8221;]<\/p>\n<section id=\"comp-low17p8z\" class=\"Oqnisf comp-low17p8z wixui-section\" data-block-level-container=\"ClassicSection\" tabindex=\"-1\">\n<div data-mesh-id=\"comp-low17p8zinlineContent\" data-testid=\"inline-content\" class=\"\">\n<div data-mesh-id=\"comp-low17p8zinlineContent-gridContainer\" data-testid=\"mesh-container-content\">\n<section id=\"comp-lmuypzqp13\" class=\"comp-lmuypzqp13 CohWsy wixui-column-strip\">\n<div data-testid=\"columns\" class=\"V5AUxf\">\n<div id=\"comp-lmuypzqs4\" class=\"comp-lmuypzqs4 YzqVVZ wixui-column-strip__column\">\n<div data-mesh-id=\"comp-lmuypzqs4inlineContent\" data-testid=\"inline-content\" class=\"\">\n<div data-mesh-id=\"comp-lmuypzqs4inlineContent-gridContainer\" data-testid=\"mesh-container-content\">\n<div id=\"comp-lmuypzqu14\" class=\"KcpHeO tz5f0K comp-lmuypzqu14 wixui-rich-text\" data-testid=\"richTextElement\">\n<ul class=\"font_8 wixui-rich-text__text\">\n<li class=\"wixui-rich-text__text\">\n<p class=\"font_8 wixui-rich-text__text\"><span class=\"wixui-rich-text__text\">Pr\u00e4zision auf engstem Raum: \u00dcberwachen Sie komplexe R\u00e4ume mit Vertrauen und Gr\u00fcndlichkeit.<\/span><\/p>\n<\/li>\n<li class=\"wixui-rich-text__text\">\n<p class=\"font_8 wixui-rich-text__text\"><span class=\"wixui-rich-text__text\">Kosteneffiziente Wartung: Durch die 24\/7-\u00dcberwachung werden Probleme fr\u00fchzeitig erkannt und manuelle \u00dcberpr\u00fcfungen und Reparaturkosten reduziert.<\/span><\/p>\n<\/li>\n<li class=\"wixui-rich-text__text\">\n<p class=\"font_8 wixui-rich-text__text\"><span class=\"wixui-rich-text__text\">Gew\u00e4hrleistung der Sicherheit: Planck erkennt Anomalien fr\u00fchzeitig und sch\u00fctzt Besatzung und Umwelt<\/span><\/p>\n<\/li>\n<li class=\"wixui-rich-text__text\">\n<p class=\"font_8 wixui-rich-text__text\"><span class=\"wixui-rich-text__text\">Vielseitigkeit in der Anwendung: Ob bei Neubauten oder Nachr\u00fcstungen, unsere Technologie steigert die Leistung und verl\u00e4ngert die Lebensdauer der Ger\u00e4te<\/span><\/p>\n<\/li>\n<\/ul>\n<\/div>\n<\/div>\n<\/div>\n<\/div>\n<\/div>\n<\/section>\n<\/div>\n<\/div>\n<\/section>\n<section id=\"comp-low17p91\" class=\"Oqnisf comp-low17p91 wixui-section\" data-block-level-container=\"ClassicSection\" tabindex=\"-1\">\n<div id=\"bgLayers_comp-low17p91\" data-hook=\"bgLayers\" class=\"MW5IWV\"><\/div>\n<\/section>\n<p>[\/et_pb_text][et_pb_text _builder_version=&#8221;4.21.2&#8243; _module_preset=&#8221;default&#8221; text_font_size=&#8221;26px&#8221; text_line_height=&#8221;1.6em&#8221; header_font=&#8221;|700|||||||&#8221; header_font_size=&#8221;35px&#8221; text_orientation=&#8221;center&#8221; global_colors_info=&#8221;{}&#8221;]<\/p>\n<div id=\"bgLayers_comp-low17p91\" data-hook=\"bgLayers\" class=\"MW5IWV\">\n<h1 id=\"bgMedia_comp-low17p91\" class=\"VgO9Yg\"><span class=\"wixui-rich-text__text\">Siehe Jenseits der Grenzen<\/span><\/h1>\n<\/div>\n<div data-mesh-id=\"comp-low17p91inlineContent\" data-testid=\"inline-content\" class=\"\">\n<div data-mesh-id=\"comp-low17p91inlineContent-gridContainer\" data-testid=\"mesh-container-content\">\n<div id=\"comp-lmv1fbr3\" class=\"KcpHeO tz5f0K comp-lmv1fbr3 wixui-rich-text\" data-testid=\"richTextElement\">\n<p class=\"font_8 wixui-rich-text__text\"><span class=\"wixui-rich-text__text\">Ununterbrochene Aufsicht<br class=\"wixui-rich-text__text\" \/>&amp; Nahtlose Integration<\/span><\/p>\n<\/div>\n<\/div>\n<\/div>\n<p>[\/et_pb_text][\/et_pb_column][\/et_pb_row][\/et_pb_section][et_pb_section fb_built=&#8221;1&#8243; _builder_version=&#8221;4.21.2&#8243; _module_preset=&#8221;default&#8221; background_color=&#8221;#f0f0f0&#8243; custom_padding=&#8221;||0%||false|false&#8221; global_colors_info=&#8221;{}&#8221;][et_pb_row column_structure=&#8221;1_2,1_2&#8243; _builder_version=&#8221;4.21.2&#8243; _module_preset=&#8221;default&#8221; global_colors_info=&#8221;{}&#8221;][et_pb_column type=&#8221;1_2&#8243; _builder_version=&#8221;4.21.2&#8243; _module_preset=&#8221;default&#8221; global_colors_info=&#8221;{}&#8221;][et_pb_blurb _builder_version=&#8221;4.21.2&#8243; _module_preset=&#8221;default&#8221; header_font=&#8221;|600|||||||&#8221; header_font_size=&#8221;30px&#8221; header_line_height=&#8221;2em&#8221; body_text_color=&#8221;#000000&#8243; body_font_size=&#8221;18px&#8221; global_colors_info=&#8221;{}&#8221;]<\/p>\n<p class=\"font_8 wixui-rich-text__text\"><strong>Die W\u00e4rmebildkameras von Planck Vision Systems bieten eine 24\/7-\u00dcberwachung, bei der kontinuierlich Daten gesammelt und mit einer Software analysiert werden, die Trends und Anomalien aufzeigt. Ob mit fest montierten, schwenk- und neigbaren Kameras oder unseren fortschrittlichen Roboterl\u00f6sungen - wir sorgen f\u00fcr eine umfassende \u00dcberwachung gro\u00dfer Umspannwerkbereiche mit klaren W\u00e4rmebildern. Vertrauen Sie darauf, dass Planck Vision Systems zur richtigen Zeit am richtigen Ort ist, um kostspielige, unerwartete Ausf\u00e4lle von Umspannwerken zu verhindern.<\/strong><\/p>\n<p>[\/et_pb_blurb][et_pb_button button_url=&#8221;mailto:ti@tioent.com&#8221; button_text=&#8221;Contact Us for Information&#8221; button_alignment=&#8221;center&#8221; _builder_version=&#8221;4.27.0&#8243; _module_preset=&#8221;default&#8221; custom_button=&#8221;on&#8221; button_text_color=&#8221;#FFFFFF&#8221; button_bg_color=&#8221;#000000&#8243; button_border_color=&#8221;#000000&#8243; button_use_icon=&#8221;off&#8221; hover_enabled=&#8221;0&#8243; global_colors_info=&#8221;{}&#8221; button_text_color__hover_enabled=&#8221;on|hover&#8221; button_text_color__hover=&#8221;#000000&#8243; button_bg_color__hover_enabled=&#8221;on|desktop&#8221; button_bg_color__hover=&#8221;#FFFFFF&#8221; button_bg_enable_color__hover=&#8221;on&#8221; button_border_color__hover_enabled=&#8221;off|desktop&#8221; sticky_enabled=&#8221;0&#8243;][\/et_pb_button][et_pb_button button_url=&#8221;https:\/\/seehiddenproblems.com\/product\/&#8221; button_text=&#8221;Product Details&#8221; button_alignment=&#8221;center&#8221; _builder_version=&#8221;4.27.0&#8243; _module_preset=&#8221;default&#8221; custom_button=&#8221;on&#8221; button_text_color=&#8221;#FFFFFF&#8221; button_bg_color=&#8221;#000000&#8243; button_border_color=&#8221;#000000&#8243; button_font=&#8221;||||||||&#8221; button_use_icon=&#8221;off&#8221; custom_padding=&#8221;|73px||73px|false|false&#8221; hover_enabled=&#8221;0&#8243; global_colors_info=&#8221;{}&#8221; button_text_color__hover_enabled=&#8221;on|hover&#8221; button_text_color__hover=&#8221;#000000&#8243; button_bg_color__hover_enabled=&#8221;on|desktop&#8221; button_bg_color__hover=&#8221;#FFFFFF&#8221; button_bg_enable_color__hover=&#8221;on&#8221; sticky_enabled=&#8221;0&#8243;][\/et_pb_button][\/et_pb_column][et_pb_column type=&#8221;1_2&#8243; _builder_version=&#8221;4.21.2&#8243; _module_preset=&#8221;default&#8221; global_colors_info=&#8221;{}&#8221;][et_pb_image src=&#8221;https:\/\/seehiddenproblems.com\/wp-content\/uploads\/2024\/07\/1SharedScreenshot.jpg&#8221; title_text=&#8221;1SharedScreenshot&#8221; _builder_version=&#8221;4.21.2&#8243; _module_preset=&#8221;default&#8221; global_colors_info=&#8221;{}&#8221;][\/et_pb_image][et_pb_text _builder_version=&#8221;4.21.2&#8243; _module_preset=&#8221;default&#8221; header_2_font=&#8221;||||||||&#8221; header_2_font_size=&#8221;16px&#8221; text_orientation=&#8221;center&#8221; global_colors_info=&#8221;{}&#8221;]<\/p>\n<h2 class=\"font_2 wixui-rich-text__text\"><span class=\"wixui-rich-text__text\">Planck Vision Systems Familie von industriellen W\u00e4rmebildkameras<\/span><\/h2>\n<p>[\/et_pb_text][\/et_pb_column][\/et_pb_row][\/et_pb_section]<\/p>","protected":false},"excerpt":{"rendered":"<p>Alternative PowerMonitoring Under Difficult ConditionsMaximized Safetyand EfficiencyHarness the power of Planck Vision Systems with the TRX600 robotic system and our comprehensive suite of solutions, offering unparalleled support for wind turbines in both new constructions and retrofitting projects. Our specialized thermal imaging navigates tight turbine spaces with unmatched precision. Bypassing the constraints of periodic handheld checks, our continuous monitoring catches every anomaly. This approach ensures timely interventions, risk reduction, and a solid foundation for long-term safety in turbine operations.See the TRX600 installed in a wind turbineWhyChoosePlanck?\u200b Precision in Tight Spaces: Monitor complex spaces with confidence and thoroughness. Cost-effective Maintenance: 24\/7 monitoring spots issues early, reducing manual checks and repair costs. Safety Assurance: Planck spots anomalies early, safeguarding crews and the environment Versatility in Application: For new builds or retrofits, our tech boosts performance and extends equipment life See Beyond the Limits Uninterrupted Oversight&amp; Seamless Integration Planck Vision Systems thermal imaging cameras offer 24\/7 monitoring, constantly gathering and analyzing data with software that pinpoints trends and anomalies. Whether using fixed mount, pan\/tilt drive cameras, or our advanced robotic solutions, we ensure a comprehensive survey of large substation areas with clear thermal images. Trust in Planck Vision Systems to be in the right [&hellip;]<\/p>","protected":false},"author":1,"featured_media":0,"parent":0,"menu_order":0,"comment_status":"closed","ping_status":"closed","template":"","meta":{"_et_pb_use_builder":"on","_et_pb_old_content":"","_et_gb_content_width":"","footnotes":""},"class_list":["post-28027","page","type-page","status-publish","hentry"],"_links":{"self":[{"href":"https:\/\/seehiddenproblems.com\/de\/wp-json\/wp\/v2\/pages\/28027","targetHints":{"allow":["GET"]}}],"collection":[{"href":"https:\/\/seehiddenproblems.com\/de\/wp-json\/wp\/v2\/pages"}],"about":[{"href":"https:\/\/seehiddenproblems.com\/de\/wp-json\/wp\/v2\/types\/page"}],"author":[{"embeddable":true,"href":"https:\/\/seehiddenproblems.com\/de\/wp-json\/wp\/v2\/users\/1"}],"replies":[{"embeddable":true,"href":"https:\/\/seehiddenproblems.com\/de\/wp-json\/wp\/v2\/comments?post=28027"}],"version-history":[{"count":7,"href":"https:\/\/seehiddenproblems.com\/de\/wp-json\/wp\/v2\/pages\/28027\/revisions"}],"predecessor-version":[{"id":29409,"href":"https:\/\/seehiddenproblems.com\/de\/wp-json\/wp\/v2\/pages\/28027\/revisions\/29409"}],"wp:attachment":[{"href":"https:\/\/seehiddenproblems.com\/de\/wp-json\/wp\/v2\/media?parent=28027"}],"curies":[{"name":"wp","href":"https:\/\/api.w.org\/{rel}","templated":true}]}}