{"id":28021,"date":"2024-07-15T17:24:29","date_gmt":"2024-07-15T09:24:29","guid":{"rendered":"https:\/\/ti.tioent.com\/?page_id=28021"},"modified":"2024-09-09T01:36:02","modified_gmt":"2024-09-08T17:36:02","slug":"heavy-industry","status":"publish","type":"page","link":"https:\/\/seehiddenproblems.com\/de\/schwerindustrie\/","title":{"rendered":"Schwerindustrie"},"content":{"rendered":"<p>[et_pb_section fb_built=\"1\u2033 _builder_version=\"4.21.2\u2033 _module_preset=\"default\" custom_padding=\"0px||||false|false\" global_colors_info=\"{}\"][et_pb_row _builder_version=\"4.21.2\u2033 _module_preset=\"default\" background_color=\"#414141\u2033 max_width=\"100%\" custom_margin=\"||||false|false\" global_colors_info=\"{}\"][et_pb_column type=\"4_4\u2033 _builder_version=\"4.21.2\u2033 _module_preset=\"default\" global_colors_info=\"{}\"][et_pb_text _builder_version=\"4.21.2\u2033 _module_preset=\"default\" text_font=\"|600|||||||\" header_2_font=\"|600|||||||\" header_2_text_align=\"center\" header_2_text_color=\"#FFFFFFFF\" header_2_font_size=\"30px\" global_colors_info=\"{}\"]<\/p>\n<h2 class=\"font_2 wixui-rich-text__text\"><span class=\"wixui-rich-text__text\">Schwerindustrie<\/span><\/h2>\n<p>[\/et_pb_text][\/et_pb_column][\/et_pb_row][\/et_pb_section][et_pb_section fb_built=&#8221;1&#8243; _builder_version=&#8221;4.21.2&#8243; _module_preset=&#8221;default&#8221; background_enable_color=&#8221;off&#8221; custom_margin=&#8221;-2.6%||||false|false&#8221; global_colors_info=&#8221;{}&#8221;][et_pb_row _builder_version=&#8221;4.21.2&#8243; _module_preset=&#8221;default&#8221; width=&#8221;100%&#8221; global_colors_info=&#8221;{}&#8221;][et_pb_column type=&#8221;4_4&#8243; _builder_version=&#8221;4.21.2&#8243; _module_preset=&#8221;default&#8221; global_colors_info=&#8221;{}&#8221;][et_pb_image src=&#8221;https:\/\/seehiddenproblems.com\/wp-content\/uploads\/2023\/11\/HEAVYINDUSTRY2.png.webp&#8221; title_text=&#8221;HEAVYINDUSTRY2&#8243; _builder_version=&#8221;4.21.2&#8243; _module_preset=&#8221;default&#8221; global_colors_info=&#8221;{}&#8221;][\/et_pb_image][et_pb_text _builder_version=&#8221;4.21.2&#8243; _module_preset=&#8221;default&#8221; header_2_font=&#8221;|800|||||||&#8221; header_2_text_align=&#8221;center&#8221; header_2_font_size=&#8221;56px&#8221; global_colors_info=&#8221;{}&#8221;]<\/p>\n<div id=\"bgLayers_comp-lmsbqavl1\" data-hook=\"bgLayers\" class=\"MW5IWV\">\n<div id=\"bgMedia_comp-lmsbqavl1\" class=\"VgO9Yg\">\n<div id=\"bgLayers_comp-lmuwwt8a9\" data-hook=\"bgLayers\" class=\"MW5IWV\">\n<div id=\"bgMedia_comp-lmuwwt8a9\" class=\"VgO9Yg\">\n<h2 class=\"font_2 wixui-rich-text__text\"><span class=\"wixui-rich-text__text\">Wo gibt es Temperaturabweichungen?<br class=\"wixui-rich-text__text\" \/>Ihre Prozesse am meisten bedrohen?<\/span><\/h2>\n<\/div>\n<\/div>\n<\/div>\n<\/div>\n<p>[\/et_pb_text][\/et_pb_column][\/et_pb_row][\/et_pb_section][et_pb_section fb_built=&#8221;1&#8243; _builder_version=&#8221;4.21.2&#8243; _module_preset=&#8221;default&#8221; background_color=&#8221;#f0f0f0&#8243; custom_margin=&#8221;-2.6%||||false|false&#8221; custom_padding=&#8221;||0%||false|false&#8221; global_colors_info=&#8221;{}&#8221;][et_pb_row column_structure=&#8221;1_2,1_2&#8243; _builder_version=&#8221;4.21.2&#8243; _module_preset=&#8221;default&#8221; global_colors_info=&#8221;{}&#8221;][et_pb_column type=&#8221;1_2&#8243; _builder_version=&#8221;4.21.2&#8243; _module_preset=&#8221;default&#8221; global_colors_info=&#8221;{}&#8221;][et_pb_cta title=&#8221;24\/7 Monitoring Zero Missed Anomalies&#8221; button_text=&#8221;\u9ede\u64ca\u9019\u88e1&#8221; _builder_version=&#8221;4.21.2&#8243; _module_preset=&#8221;default&#8221; header_font=&#8221;|700|||||||&#8221; header_font_size=&#8221;28px&#8221; body_font=&#8221;|600|||||||&#8221; body_font_size=&#8221;15px&#8221; background_enable_color=&#8221;off&#8221; text_orientation=&#8221;left&#8221; background_layout=&#8221;light&#8221; global_colors_info=&#8221;{}&#8221;]<\/p>\n<p><span><\/span><\/p>\n<p><span>Planck Vision Systems ist f\u00fchrend in der W\u00e4rmebildtechnik, die auf unterschiedliche Branchen zugeschnitten ist. Unsere Technologie ist nicht nur in der Lage, kleinste Temperaturschwankungen zu erkennen, sondern sorgt auch f\u00fcr Systemschutz und Betriebsqualit\u00e4t und erkennt jede Anomalie. Diese Wachsamkeit minimiert Risiken und beugt Systemausf\u00e4llen und potenziellen Bedrohungen vor.<\/span><\/p>\n<p>[\/et_pb_cta][et_pb_button button_url=&#8221;mailto:ti@tioent.com&#8221; button_text=&#8221;Book a Meeting&#8221; button_alignment=&#8221;center&#8221; _builder_version=&#8221;4.27.0&#8243; _module_preset=&#8221;default&#8221; custom_button=&#8221;on&#8221; button_text_color=&#8221;#FFFFFF&#8221; button_bg_color=&#8221;#000000&#8243; button_border_color=&#8221;#000000&#8243; button_use_icon=&#8221;off&#8221; custom_margin=&#8221;-10%||||false|false&#8221; hover_enabled=&#8221;0&#8243; global_colors_info=&#8221;{}&#8221; button_text_color__hover_enabled=&#8221;on|hover&#8221; button_text_color__hover=&#8221;#000000&#8243; button_bg_color__hover_enabled=&#8221;on|desktop&#8221; button_bg_color__hover=&#8221;#FFFFFF&#8221; button_bg_enable_color__hover=&#8221;on&#8221; sticky_enabled=&#8221;0&#8243;][\/et_pb_button][\/et_pb_column][et_pb_column type=&#8221;1_2&#8243; _builder_version=&#8221;4.21.2&#8243; _module_preset=&#8221;default&#8221; global_colors_info=&#8221;{}&#8221;][et_pb_image src=&#8221;https:\/\/seehiddenproblems.com\/wp-content\/uploads\/2024\/07\/overheatingMotor.webp&#8221; title_text=&#8221;overheatingMotor&#8221; _builder_version=&#8221;4.21.2&#8243; _module_preset=&#8221;default&#8221; global_colors_info=&#8221;{}&#8221;][\/et_pb_image][\/et_pb_column][\/et_pb_row][\/et_pb_section][et_pb_section fb_built=&#8221;1&#8243; _builder_version=&#8221;4.21.2&#8243; _module_preset=&#8221;default&#8221; background_enable_color=&#8221;off&#8221; custom_margin=&#8221;||||false|false&#8221; custom_padding=&#8221;0%||0px||false|false&#8221; global_colors_info=&#8221;{}&#8221;][et_pb_row column_structure=&#8221;1_2,1_2&#8243; _builder_version=&#8221;4.21.2&#8243; _module_preset=&#8221;default&#8221; global_colors_info=&#8221;{}&#8221;][et_pb_column type=&#8221;1_2&#8243; _builder_version=&#8221;4.21.2&#8243; _module_preset=&#8221;default&#8221; global_colors_info=&#8221;{}&#8221;][et_pb_text _builder_version=&#8221;4.21.2&#8243; _module_preset=&#8221;default&#8221; text_orientation=&#8221;center&#8221; global_colors_info=&#8221;{}&#8221;]<\/p>\n<section id=\"comp-low17pc21\" class=\"Oqnisf comp-low17pc21 wixui-section\" data-block-level-container=\"ClassicSection\" tabindex=\"-1\">\n<div data-mesh-id=\"comp-low17pc21inlineContent\" data-testid=\"inline-content\" class=\"\">\n<div data-mesh-id=\"comp-low17pc21inlineContent-gridContainer\" data-testid=\"mesh-container-content\">\n<div id=\"comp-lmuwwt8d8\" class=\"comp-lmuwwt8d8 SPY_vo\">\n<div data-mesh-id=\"comp-lmuwwt8d8inlineContent\" data-testid=\"inline-content\" class=\"\">\n<div data-mesh-id=\"comp-lmuwwt8d8inlineContent-gridContainer\" data-testid=\"mesh-container-content\">\n<div id=\"comp-lmuwwt8e4\" class=\"KcpHeO tz5f0K comp-lmuwwt8e4 wixui-rich-text\" data-testid=\"richTextElement\"><\/div>\n<\/div>\n<\/div>\n<\/div>\n<\/div>\n<\/div>\n<\/section>\n<section id=\"comp-low17pc3\" class=\"Oqnisf comp-low17pc3 wixui-section\" data-block-level-container=\"ClassicSection\" tabindex=\"-1\">\n<div data-mesh-id=\"comp-low17pc3inlineContent\" data-testid=\"inline-content\" class=\"\">\n<div data-mesh-id=\"comp-low17pc3inlineContent-gridContainer\" data-testid=\"mesh-container-content\">\n<section id=\"comp-lmuwwt8f5\" class=\"comp-lmuwwt8f5 CohWsy wixui-column-strip\">\n<div data-testid=\"columns\" class=\"V5AUxf\">\n<div id=\"comp-lmuwwt8f11\" class=\"comp-lmuwwt8f11 YzqVVZ wixui-column-strip__column\">\n<div id=\"bgLayers_comp-lmuwwt8f11\" data-hook=\"bgLayers\" class=\"MW5IWV\">\n<div data-testid=\"colorUnderlay\" class=\"LWbAav Kv1aVt\"><img decoding=\"async\" src=\"https:\/\/seehiddenproblems.com\/wp-content\/uploads\/2024\/07\/overheatedFuse.png\" alt=\"\u00fcberhitzteSicherung.png\" width=\"292\" height=\"257\" srcset=\"https:\/\/seehiddenproblems.com\/wp-content\/uploads\/2024\/07\/overheatedFuse.png\" fetchpriority=\"high\" \/><\/div>\n<\/div>\n<div data-mesh-id=\"comp-lmuwwt8f11inlineContent\" data-testid=\"inline-content\" class=\"\">\n<div data-mesh-id=\"comp-lmuwwt8f11inlineContent-gridContainer\" data-testid=\"mesh-container-content\">\n<div id=\"comp-lmuwwt8g14\" class=\"MazNVa comp-lmuwwt8g14 wixui-image\" title=\"4.png\">\n<div data-testid=\"linkElement\" class=\"j7pOnl\"><wow-image id=\"img_comp-lmuwwt8g14\" class=\"HlRz5e BI8PVQ\" data-image-info=\"{&quot;containerId&quot;:&quot;comp-lmuwwt8g14&quot;,&quot;displayMode&quot;:&quot;fill&quot;,&quot;targetWidth&quot;:279,&quot;targetHeight&quot;:214,&quot;isLQIP&quot;:true,&quot;imageData&quot;:{&quot;width&quot;:1194,&quot;height&quot;:917,&quot;uri&quot;:&quot;f0a909_c22db0f5e4c145cdb01555b0ae390c99~mv2.png&quot;,&quot;name&quot;:&quot;looseconnection.png&quot;,&quot;displayMode&quot;:&quot;fill&quot;,&quot;hasAnimation&quot;:false}}\" data-bg-effect-name=\"\" data-has-ssr-src=\"\" data-src=\"https:\/\/seehiddenproblems.com\/wp-content\/uploads\/2024\/07\/looseconnection.png\"><img decoding=\"async\" src=\"https:\/\/seehiddenproblems.com\/wp-content\/uploads\/2024\/07\/looseconnection.png\" alt=\"lose verbindung.png\" width=\"279\" height=\"214\" fetchpriority=\"high\" \/><\/wow-image><\/div>\n<\/div>\n<\/div>\n<\/div>\n<\/div>\n<\/div>\n<\/section>\n<\/div>\n<\/div>\n<\/section>\n<p>[\/et_pb_text][\/et_pb_column][et_pb_column type=&#8221;1_2&#8243; _builder_version=&#8221;4.21.2&#8243; _module_preset=&#8221;default&#8221; global_colors_info=&#8221;{}&#8221;][et_pb_blurb title=&#8221;Why Choose Planck? &#8221; _builder_version=&#8221;4.21.2&#8243; _module_preset=&#8221;default&#8221; header_font=&#8221;|600|||||||&#8221; header_font_size=&#8221;29px&#8221; header_line_height=&#8221;-0.9em&#8221; body_font=&#8221;||||||||&#8221; body_text_align=&#8221;left&#8221; body_text_color=&#8221;#000000&#8243; body_font_size=&#8221;18px&#8221; body_line_height=&#8221;2em&#8221; global_colors_info=&#8221;{}&#8221; body_line_height__hover_enabled=&#8221;off|desktop&#8221;]<\/p>\n<p style=\"padding-left: 40px;\"><span class=\"wixui-rich-text__text\"><\/span><\/p>\n<p style=\"padding-left: 40px;\"><span class=\"wixui-rich-text__text\">1. bessere Daten f\u00fcr die Entscheidungsfindung<\/span><\/p>\n<p style=\"padding-left: 40px;\"><span class=\"wixui-rich-text__text\">2. proaktiver Ansatz zur vorausschauenden Wartung<\/span><\/p>\n<p style=\"padding-left: 40px;\"><span class=\"wixui-rich-text__text\">3. automatisierte \u00dcberwachung des Alarmzustands<\/span><\/p>\n<p style=\"padding-left: 40px;\"><span class=\"wixui-rich-text__text\">4. verbesserte Zuverl\u00e4ssigkeit<\/span><\/p>\n<p style=\"padding-left: 40px;\"><span class=\"wixui-rich-text__text\">5. reduzierte Wartungskosten<\/span><\/p>\n<p>[\/et_pb_blurb][\/et_pb_column][\/et_pb_row][\/et_pb_section][et_pb_section fb_built=&#8221;1&#8243; _builder_version=&#8221;4.21.2&#8243; _module_preset=&#8221;default&#8221; background_color=&#8221;#f0f0f0&#8243; custom_padding=&#8221;||0%||false|false&#8221; global_colors_info=&#8221;{}&#8221;][et_pb_row column_structure=&#8221;1_2,1_2&#8243; _builder_version=&#8221;4.21.2&#8243; _module_preset=&#8221;default&#8221; global_colors_info=&#8221;{}&#8221;][et_pb_column type=&#8221;1_2&#8243; _builder_version=&#8221;4.21.2&#8243; _module_preset=&#8221;default&#8221; global_colors_info=&#8221;{}&#8221;][et_pb_blurb _builder_version=&#8221;4.21.2&#8243; _module_preset=&#8221;default&#8221; header_font=&#8221;|600|||||||&#8221; header_font_size=&#8221;30px&#8221; header_line_height=&#8221;2em&#8221; body_text_color=&#8221;#000000&#8243; body_font_size=&#8221;18px&#8221; global_colors_info=&#8221;{}&#8221;]<\/p>\n<p class=\"font_8 wixui-rich-text__text\"><strong>Die W\u00e4rmebildkameras von Planck Vision Systems bieten eine 24\/7-\u00dcberwachung, bei der kontinuierlich Daten gesammelt und mit einer Software analysiert werden, die Trends und Anomalien aufzeigt. Ob mit fest montierten, schwenk- und neigbaren Kameras oder unseren fortschrittlichen Roboterl\u00f6sungen - wir sorgen f\u00fcr eine umfassende \u00dcberwachung gro\u00dfer Umspannwerkbereiche mit klaren W\u00e4rmebildern. Vertrauen Sie darauf, dass Planck Vision Systems zur richtigen Zeit am richtigen Ort ist, um kostspielige, unerwartete Ausf\u00e4lle von Umspannwerken zu verhindern.<\/strong><\/p>\n<p>[\/et_pb_blurb][et_pb_button button_url=&#8221;mailto:ti@tioent.com&#8221; button_text=&#8221;Contact Us for Information&#8221; button_alignment=&#8221;center&#8221; _builder_version=&#8221;4.27.0&#8243; _module_preset=&#8221;default&#8221; custom_button=&#8221;on&#8221; button_text_color=&#8221;#FFFFFF&#8221; button_bg_color=&#8221;#000000&#8243; button_border_color=&#8221;#000000&#8243; button_use_icon=&#8221;off&#8221; hover_enabled=&#8221;0&#8243; global_colors_info=&#8221;{}&#8221; button_text_color__hover_enabled=&#8221;on|hover&#8221; button_text_color__hover=&#8221;#000000&#8243; button_bg_color__hover_enabled=&#8221;on|desktop&#8221; button_bg_color__hover=&#8221;#FFFFFF&#8221; button_bg_enable_color__hover=&#8221;on&#8221; button_border_color__hover_enabled=&#8221;off|desktop&#8221; sticky_enabled=&#8221;0&#8243;][\/et_pb_button][et_pb_button button_url=&#8221;https:\/\/seehiddenproblems.com\/product\/&#8221; button_text=&#8221;Product Details&#8221; button_alignment=&#8221;center&#8221; _builder_version=&#8221;4.27.0&#8243; _module_preset=&#8221;default&#8221; custom_button=&#8221;on&#8221; button_text_color=&#8221;#FFFFFF&#8221; button_bg_color=&#8221;#000000&#8243; button_border_color=&#8221;#000000&#8243; button_font=&#8221;||||||||&#8221; button_use_icon=&#8221;off&#8221; custom_padding=&#8221;|73px||73px|false|false&#8221; hover_enabled=&#8221;0&#8243; global_colors_info=&#8221;{}&#8221; button_text_color__hover_enabled=&#8221;on|hover&#8221; button_text_color__hover=&#8221;#000000&#8243; button_bg_color__hover_enabled=&#8221;on|desktop&#8221; button_bg_color__hover=&#8221;#FFFFFF&#8221; button_bg_enable_color__hover=&#8221;on&#8221; sticky_enabled=&#8221;0&#8243;][\/et_pb_button][\/et_pb_column][et_pb_column type=&#8221;1_2&#8243; _builder_version=&#8221;4.21.2&#8243; _module_preset=&#8221;default&#8221; global_colors_info=&#8221;{}&#8221;][et_pb_image src=&#8221;https:\/\/seehiddenproblems.com\/wp-content\/uploads\/2024\/07\/1SharedScreenshot.jpg&#8221; title_text=&#8221;1SharedScreenshot&#8221; _builder_version=&#8221;4.21.2&#8243; _module_preset=&#8221;default&#8221; global_colors_info=&#8221;{}&#8221;][\/et_pb_image][et_pb_text _builder_version=&#8221;4.21.2&#8243; _module_preset=&#8221;default&#8221; header_2_font=&#8221;||||||||&#8221; header_2_font_size=&#8221;16px&#8221; text_orientation=&#8221;center&#8221; global_colors_info=&#8221;{}&#8221;]<\/p>\n<h2 class=\"font_2 wixui-rich-text__text\"><span class=\"wixui-rich-text__text\">Planck Vision Systems Familie von industriellen W\u00e4rmebildkameras<\/span><\/h2>\n<p>[\/et_pb_text][\/et_pb_column][\/et_pb_row][\/et_pb_section]<\/p>","protected":false},"excerpt":{"rendered":"<p>Heavy Industry Where Do Temperature DeviationsThreaten Your Processes Most? Planck Vision Systems leads with superior thermal imaging tailored for diverse industries. Beyond detecting minute temperature variations, our always-on technology ensures system protection, operational excellence, and catches every anomaly. This vigilance minimizes risks, preempting system failures and potential threats. 1.Better decision making data 2.Proactive approach to predictive maintenance 3.Automated alarm condition monitoring 4.Improved reliability 5.Reduced maintenance costsPlanck Vision Systems thermal imaging cameras offer 24\/7 monitoring, constantly gathering and analyzing data with software that pinpoints trends and anomalies. Whether using fixed mount, pan\/tilt drive cameras, or our advanced robotic solutions, we ensure a comprehensive survey of large substation areas with clear thermal images. Trust in Planck Vision Systems to be in the right place at the right time, preventing costly, unexpected substation failures.Planck Vision Systems Family of Industrial Thermal Imaging Cameras<\/p>","protected":false},"author":1,"featured_media":0,"parent":0,"menu_order":0,"comment_status":"closed","ping_status":"closed","template":"","meta":{"_et_pb_use_builder":"on","_et_pb_old_content":"","_et_gb_content_width":"","footnotes":""},"class_list":["post-28021","page","type-page","status-publish","hentry"],"_links":{"self":[{"href":"https:\/\/seehiddenproblems.com\/de\/wp-json\/wp\/v2\/pages\/28021","targetHints":{"allow":["GET"]}}],"collection":[{"href":"https:\/\/seehiddenproblems.com\/de\/wp-json\/wp\/v2\/pages"}],"about":[{"href":"https:\/\/seehiddenproblems.com\/de\/wp-json\/wp\/v2\/types\/page"}],"author":[{"embeddable":true,"href":"https:\/\/seehiddenproblems.com\/de\/wp-json\/wp\/v2\/users\/1"}],"replies":[{"embeddable":true,"href":"https:\/\/seehiddenproblems.com\/de\/wp-json\/wp\/v2\/comments?post=28021"}],"version-history":[{"count":7,"href":"https:\/\/seehiddenproblems.com\/de\/wp-json\/wp\/v2\/pages\/28021\/revisions"}],"predecessor-version":[{"id":29406,"href":"https:\/\/seehiddenproblems.com\/de\/wp-json\/wp\/v2\/pages\/28021\/revisions\/29406"}],"wp:attachment":[{"href":"https:\/\/seehiddenproblems.com\/de\/wp-json\/wp\/v2\/media?parent=28021"}],"curies":[{"name":"wp","href":"https:\/\/api.w.org\/{rel}","templated":true}]}}