{"id":28007,"date":"2024-07-15T17:16:47","date_gmt":"2024-07-15T09:16:47","guid":{"rendered":"https:\/\/ti.tioent.com\/?page_id=28007"},"modified":"2024-09-09T01:34:51","modified_gmt":"2024-09-08T17:34:51","slug":"substation-monitoring","status":"publish","type":"page","link":"https:\/\/seehiddenproblems.com\/de\/uberwachung-von-unterstationen\/","title":{"rendered":"\u00dcberwachung von Unterstationen"},"content":{"rendered":"<p>[et_pb_section fb_built=&#8221;1&#8243; _builder_version=&#8221;4.21.2&#8243; _module_preset=&#8221;default&#8221; custom_margin=&#8221;||||false|false&#8221; custom_padding=&#8221;0px||0px||false|false&#8221; global_colors_info=&#8221;{}&#8221;][et_pb_row _builder_version=&#8221;4.21.2&#8243; _module_preset=&#8221;default&#8221; background_color=&#8221;#414141&#8243; max_width=&#8221;100%&#8221; custom_margin=&#8221;||||false|false&#8221; global_colors_info=&#8221;{}&#8221;][et_pb_column type=&#8221;4_4&#8243; _builder_version=&#8221;4.21.2&#8243; _module_preset=&#8221;default&#8221; global_colors_info=&#8221;{}&#8221;][et_pb_text _builder_version=&#8221;4.21.2&#8243; _module_preset=&#8221;default&#8221; text_font=&#8221;|600|||||||&#8221; header_2_font=&#8221;|600|||||||&#8221; header_2_text_align=&#8221;center&#8221; header_2_text_color=&#8221;#FFFFFF&#8221; header_2_font_size=&#8221;30px&#8221; global_colors_info=&#8221;{}&#8221;]<\/p>\n<h2 class=\"font_2 wixui-rich-text__text\"><span class=\"wixui-rich-text__text\">\u00dcberwachung von Unterstationen<\/span><\/h2>\n<p>[\/et_pb_text][\/et_pb_column][\/et_pb_row][\/et_pb_section][et_pb_section fb_built=&#8221;1&#8243; _builder_version=&#8221;4.21.2&#8243; _module_preset=&#8221;default&#8221; background_enable_color=&#8221;off&#8221; custom_margin=&#8221;||||false|false&#8221; global_colors_info=&#8221;{}&#8221;][et_pb_row _builder_version=&#8221;4.21.2&#8243; _module_preset=&#8221;default&#8221; width=&#8221;100%&#8221; global_colors_info=&#8221;{}&#8221;][et_pb_column type=&#8221;4_4&#8243; _builder_version=&#8221;4.21.2&#8243; _module_preset=&#8221;default&#8221; global_colors_info=&#8221;{}&#8221;][et_pb_cta button_url=&#8221;mailto:ti@tioent.com&#8221; button_text=&#8221;Book a Meeting&#8221; _builder_version=&#8221;4.27.0&#8243; _module_preset=&#8221;default&#8221; header_font=&#8221;|600|||||||&#8221; body_font=&#8221;||||||||&#8221; background_enable_color=&#8221;off&#8221; custom_button=&#8221;on&#8221; button_text_color=&#8221;#FFFFFF&#8221; button_bg_color=&#8221;#000000&#8243; button_border_color=&#8221;#000000&#8243; button_use_icon=&#8221;off&#8221; button_alignment=&#8221;center&#8221; text_orientation=&#8221;left&#8221; background_layout=&#8221;light&#8221; hover_enabled=&#8221;0&#8243; global_colors_info=&#8221;{}&#8221; button_text_color__hover_enabled=&#8221;on|hover&#8221; button_text_color__hover=&#8221;#000000&#8243; button_bg_color__hover_enabled=&#8221;on|hover&#8221; button_bg_color__hover=&#8221;#FFFFFF&#8221; button_bg_enable_color__hover=&#8221;on&#8221; sticky_enabled=&#8221;0&#8243;]<\/p>\n<div id=\"bgLayers_comp-lmsbqavl1\" data-hook=\"bgLayers\" class=\"MW5IWV\">\n<div id=\"bgMedia_comp-lmsbqavl1\" class=\"VgO9Yg\"><\/div>\n<\/div>\n<div data-mesh-id=\"comp-lmsbqavl1inlineContent\" data-testid=\"inline-content\" class=\"\">\n<div data-mesh-id=\"comp-lmsbqavl1inlineContent-gridContainer\" data-testid=\"mesh-container-content\">\n<div id=\"comp-lmsbqavl8\" class=\"MazNVa comp-lmsbqavl8 wixui-image\" title=\"1.bmp\" data-motion-enter=\"done\">\n<div data-testid=\"linkElement\" class=\"j7pOnl\"><wow-image id=\"img_comp-lmsbqavl8\" class=\"HlRz5e BI8PVQ\" data-image-info=\"{&quot;containerId&quot;:&quot;comp-lmsbqavl8&quot;,&quot;displayMode&quot;:&quot;fill&quot;,&quot;targetWidth&quot;:978,&quot;targetHeight&quot;:254,&quot;isLQIP&quot;:false,&quot;imageData&quot;:{&quot;width&quot;:1200,&quot;height&quot;:500,&quot;uri&quot;:&quot;b7782e_d4f0e25564ef430980ada7c0016b904b~mv2.png&quot;,&quot;name&quot;:&quot;&quot;,&quot;displayMode&quot;:&quot;fill&quot;,&quot;crop&quot;:{&quot;x&quot;:0,&quot;y&quot;:188,&quot;width&quot;:1200,&quot;height&quot;:311,&quot;svgId&quot;:&quot;909695c1e003409ba70b5561666c7c4d.svg&quot;}}}\" data-bg-effect-name=\"\" data-has-ssr-src=\"\" data-src=\"https:\/\/seehiddenproblems.com\/wp-content\/uploads\/2024\/07\/b7782e_d4f0e25564ef430980ada7c0016b904bmv2.png\"><img decoding=\"async\" src=\"https:\/\/seehiddenproblems.com\/wp-content\/uploads\/2024\/07\/b7782e_d4f0e25564ef430980ada7c0016b904bmv2-1.png\" alt=\"\" width=\"978\" height=\"254\" srcset=\"https:\/\/seehiddenproblems.com\/wp-content\/uploads\/2024\/07\/b7782e_d4f0e25564ef430980ada7c0016b904bmv2.png\" fetchpriority=\"high\" \/><\/wow-image><\/div>\n<\/div>\n<div id=\"comp-lmsbqavm1\" class=\"KcpHeO tz5f0K comp-lmsbqavm1 wixui-rich-text\" data-testid=\"richTextElement\" data-motion-enter=\"done\">\n<h2 class=\"font_2 wixui-rich-text__text\"><span class=\"wixui-rich-text__text\">Stromversorgungsunternehmen sind anf\u00e4llig f\u00fcr kostspielige ungeplante Wartungsarbeiten und steigende Kosten. Aufgrund der veralteten Infrastruktur besteht f\u00fcr die Stromversorger ein erh\u00f6htes Risiko von Stromausf\u00e4llen und Spannungsabf\u00e4llen. Die Auswirkungen dieser Stromausf\u00e4lle haben Auswirkungen auf alles um uns herum.<\/span><\/h2>\n<\/div>\n<\/div>\n<\/div>\n<p>[\/et_pb_cta][\/et_pb_column][\/et_pb_row][\/et_pb_section][et_pb_section fb_built=&#8221;1&#8243; _builder_version=&#8221;4.21.2&#8243; _module_preset=&#8221;default&#8221; background_color=&#8221;#f0f0f0&#8243; custom_margin=&#8221;-2.6%||||false|false&#8221; custom_padding=&#8221;||0%||false|false&#8221; global_colors_info=&#8221;{}&#8221;][et_pb_row column_structure=&#8221;1_2,1_2&#8243; _builder_version=&#8221;4.21.2&#8243; _module_preset=&#8221;default&#8221; global_colors_info=&#8221;{}&#8221;][et_pb_column type=&#8221;1_2&#8243; _builder_version=&#8221;4.21.2&#8243; _module_preset=&#8221;default&#8221; global_colors_info=&#8221;{}&#8221;][et_pb_blurb title=&#8221;INDUSTRY CHALLENGE&#8221; _builder_version=&#8221;4.21.2&#8243; _module_preset=&#8221;default&#8221; header_font=&#8221;|600|||||||&#8221; header_font_size=&#8221;30px&#8221; header_line_height=&#8221;2em&#8221; body_text_color=&#8221;#000000&#8243; body_font_size=&#8221;17px&#8221; global_colors_info=&#8221;{}&#8221;]<\/p>\n<p class=\"font_8 wixui-rich-text__text\"><span class=\"wixui-rich-text__text\">Die Energieversorger m\u00fcssen proaktiv Wege finden, um die Zuverl\u00e4ssigkeit der Stromversorgung zu verbessern und gleichzeitig die Kosten zu senken.<\/span><\/p>\n<p class=\"font_8 wixui-rich-text__text\"><span class=\"wixui-rich-text__text\">Viele Versorgungsunternehmen setzen jetzt fest installierte W\u00e4rmebildkameras ein, um ihre vorausschauenden und pr\u00e4ventiven Wartungsprogramme zu steuern. Durch den Einsatz von automatisierten W\u00e4rmebildkameras in Verbindung mit innovativer Software k\u00f6nnen Fr\u00fchwarn\u00fcberwachungssysteme jetzt wichtige Daten liefern, bevor es zu einem Ausfall der Anlagen kommt.<\/span><\/p>\n<p>[\/et_pb_blurb][\/et_pb_column][et_pb_column type=&#8221;1_2&#8243; _builder_version=&#8221;4.21.2&#8243; _module_preset=&#8221;default&#8221; global_colors_info=&#8221;{}&#8221;][et_pb_image src=&#8221;https:\/\/seehiddenproblems.com\/wp-content\/uploads\/2024\/07\/714d692b-5f1d-4805-b089-a7b7ece622da.jpg&#8221; title_text=&#8221;714d692b-5f1d-4805-b089-a7b7ece622da&#8221; _builder_version=&#8221;4.21.2&#8243; _module_preset=&#8221;default&#8221; global_colors_info=&#8221;{}&#8221;][\/et_pb_image][\/et_pb_column][\/et_pb_row][\/et_pb_section][et_pb_section fb_built=&#8221;1&#8243; _builder_version=&#8221;4.21.2&#8243; _module_preset=&#8221;default&#8221; background_enable_color=&#8221;off&#8221; custom_padding=&#8221;||0%||false|false&#8221; global_colors_info=&#8221;{}&#8221;][et_pb_row column_structure=&#8221;1_2,1_2&#8243; _builder_version=&#8221;4.21.2&#8243; _module_preset=&#8221;default&#8221; global_colors_info=&#8221;{}&#8221;][et_pb_column type=&#8221;1_2&#8243; _builder_version=&#8221;4.21.2&#8243; _module_preset=&#8221;default&#8221; global_colors_info=&#8221;{}&#8221;][et_pb_image src=&#8221;https:\/\/seehiddenproblems.com\/wp-content\/uploads\/2024\/07\/b7782e_608671a4c3f7421a885ca1eaadaec16dmv2.webp&#8221; title_text=&#8221;b7782e_608671a4c3f7421a885ca1eaadaec16d~mv2&#8243; align=&#8221;center&#8221; _builder_version=&#8221;4.21.2&#8243; _module_preset=&#8221;default&#8221; global_colors_info=&#8221;{}&#8221;][\/et_pb_image][et_pb_image src=&#8221;https:\/\/seehiddenproblems.com\/wp-content\/uploads\/2024\/07\/b7782e_bfa8173ea16f4af69983e2a2775febc3mv2.webp&#8221; title_text=&#8221;b7782e_bfa8173ea16f4af69983e2a2775febc3~mv2&#8243; align=&#8221;center&#8221; _builder_version=&#8221;4.21.2&#8243; _module_preset=&#8221;default&#8221; global_colors_info=&#8221;{}&#8221;][\/et_pb_image][\/et_pb_column][et_pb_column type=&#8221;1_2&#8243; _builder_version=&#8221;4.21.2&#8243; _module_preset=&#8221;default&#8221; global_colors_info=&#8221;{}&#8221;][et_pb_blurb title=&#8221;Industry 24\/7 Continuous Fixed Mount Thermal Imaging Monitoring benefits:&#8221; _builder_version=&#8221;4.21.2&#8243; _module_preset=&#8221;default&#8221; header_font=&#8221;|600|||||||&#8221; header_font_size=&#8221;27px&#8221; header_line_height=&#8221;-0.9em&#8221; body_font=&#8221;|600|||||||&#8221; body_text_align=&#8221;left&#8221; body_text_color=&#8221;#000000&#8243; body_font_size=&#8221;18px&#8221; global_colors_info=&#8221;{}&#8221; body_line_height__hover_enabled=&#8221;off|desktop&#8221;]<\/p>\n<p style=\"padding-left: 40px;\"><span class=\"wixui-rich-text__text\"><\/span><\/p>\n<p style=\"padding-left: 40px;\"><span class=\"wixui-rich-text__text\">1. bessere Daten f\u00fcr die Entscheidungsfindung<\/span><\/p>\n<p style=\"padding-left: 40px;\"><span class=\"wixui-rich-text__text\">2. proaktiver Ansatz zur vorausschauenden Wartung<\/span><\/p>\n<p style=\"padding-left: 40px;\"><span class=\"wixui-rich-text__text\">3. automatisierte \u00dcberwachung des Alarmzustands<\/span><\/p>\n<p style=\"padding-left: 40px;\"><span class=\"wixui-rich-text__text\">4. verbesserte Zuverl\u00e4ssigkeit<\/span><\/p>\n<p style=\"padding-left: 40px;\"><span class=\"wixui-rich-text__text\">5. reduzierte Wartungskosten<\/span><\/p>\n<p>[\/et_pb_blurb][\/et_pb_column][\/et_pb_row][\/et_pb_section][et_pb_section fb_built=&#8221;1&#8243; _builder_version=&#8221;4.21.2&#8243; _module_preset=&#8221;default&#8221; background_color=&#8221;#f0f0f0&#8243; custom_padding=&#8221;||0%||false|false&#8221; global_colors_info=&#8221;{}&#8221;][et_pb_row column_structure=&#8221;1_2,1_2&#8243; _builder_version=&#8221;4.21.2&#8243; _module_preset=&#8221;default&#8221; global_colors_info=&#8221;{}&#8221;][et_pb_column type=&#8221;1_2&#8243; _builder_version=&#8221;4.21.2&#8243; _module_preset=&#8221;default&#8221; global_colors_info=&#8221;{}&#8221;][et_pb_blurb _builder_version=&#8221;4.21.2&#8243; _module_preset=&#8221;default&#8221; header_font=&#8221;|600|||||||&#8221; header_font_size=&#8221;30px&#8221; header_line_height=&#8221;2em&#8221; body_text_color=&#8221;#000000&#8243; body_font_size=&#8221;17px&#8221; body_line_height=&#8221;1.8em&#8221; global_colors_info=&#8221;{}&#8221;]<\/p>\n<p class=\"font_8 wixui-rich-text__text\"><strong><span class=\"wixui-rich-text__text\">Planck Vision Systeme<\/span><\/strong><span>\u00a0W\u00e4rmebildkameras bieten eine 24\/7-\u00dcberwachung zur st\u00e4ndigen Erfassung und Analyse von Daten mit einer Software, die Trends und Anomalien identifiziert. Fest montierte oder schwenk- und neigbare Kameras k\u00f6nnen gro\u00dfe Bereiche eines Umspannwerks mit gestochen scharfen W\u00e4rmebildern \u00fcberwachen. Die Kameras von Planck Vision Systems sind immer zur richtigen Zeit am richtigen Ort, um kostspielige unerwartete Ausf\u00e4lle von Umspannwerken zu vermeiden.<\/span><\/p>\n<p>[\/et_pb_blurb][et_pb_button button_url=&#8221;mailto:ti@tioent.com&#8221; button_text=&#8221;Contact Us for Information&#8221; button_alignment=&#8221;center&#8221; _builder_version=&#8221;4.27.0&#8243; _module_preset=&#8221;default&#8221; custom_button=&#8221;on&#8221; button_text_color=&#8221;#FFFFFF&#8221; button_bg_color=&#8221;#000000&#8243; button_border_color=&#8221;#000000&#8243; button_use_icon=&#8221;off&#8221; hover_enabled=&#8221;0&#8243; global_colors_info=&#8221;{}&#8221; button_text_color__hover_enabled=&#8221;on|hover&#8221; button_text_color__hover=&#8221;#000000&#8243; button_bg_color__hover_enabled=&#8221;on|desktop&#8221; button_bg_color__hover=&#8221;#FFFFFF&#8221; button_bg_enable_color__hover=&#8221;on&#8221; button_border_color__hover_enabled=&#8221;off|desktop&#8221; sticky_enabled=&#8221;0&#8243;][\/et_pb_button][et_pb_button button_url=&#8221;https:\/\/seehiddenproblems.com\/product\/&#8221; button_text=&#8221;Product Details&#8221; button_alignment=&#8221;center&#8221; _builder_version=&#8221;4.27.0&#8243; _module_preset=&#8221;default&#8221; custom_button=&#8221;on&#8221; button_text_color=&#8221;#FFFFFF&#8221; button_bg_color=&#8221;#000000&#8243; button_border_color=&#8221;#000000&#8243; button_font=&#8221;||||||||&#8221; button_use_icon=&#8221;off&#8221; custom_padding=&#8221;|73px||73px|false|false&#8221; global_colors_info=&#8221;{}&#8221; button_text_color__hover_enabled=&#8221;on|hover&#8221; button_text_color__hover=&#8221;#000000&#8243; button_bg_color__hover_enabled=&#8221;on|desktop&#8221; button_bg_color__hover=&#8221;#FFFFFF&#8221; button_bg_enable_color__hover=&#8221;on&#8221;][\/et_pb_button][\/et_pb_column][et_pb_column type=&#8221;1_2&#8243; _builder_version=&#8221;4.21.2&#8243; _module_preset=&#8221;default&#8221; global_colors_info=&#8221;{}&#8221;][et_pb_image src=&#8221;https:\/\/seehiddenproblems.com\/wp-content\/uploads\/2024\/07\/SharedScreenshot.jpg&#8221; title_text=&#8221;SharedScreenshot&#8221; _builder_version=&#8221;4.21.2&#8243; _module_preset=&#8221;default&#8221; global_colors_info=&#8221;{}&#8221;][\/et_pb_image][et_pb_text _builder_version=&#8221;4.21.2&#8243; _module_preset=&#8221;default&#8221; header_2_font=&#8221;|600|on||||||&#8221; header_2_font_size=&#8221;16px&#8221; text_orientation=&#8221;center&#8221; global_colors_info=&#8221;{}&#8221;]<\/p>\n<h2 class=\"font_2 wixui-rich-text__text\"><span class=\"wixui-rich-text__text\">Planck Vision Systems Familie von industriellen W\u00e4rmebildkameras<\/span><\/h2>\n<p>[\/et_pb_text][\/et_pb_column][\/et_pb_row][\/et_pb_section]<\/p>","protected":false},"excerpt":{"rendered":"<p>Substation Monitoring Electric power utilities are suscep\u00adtible to costly unplanned mainte\u00adnance and rising costs. With aging infrastructure, electric utilities are having an increased risk of blackouts and brownouts. The effects of these blackouts and brownouts impact ev\u00aderything around us. Power utilities need to find proactive ways of improving the reliability of electric power de\u00adlivery and at the same time they need to reduce costs. Many utility companies are now turning to permanently installed fixed mount thermal imaging cameras to guide their predictive and preventative maintenance programs. Using automated thermal imaging cameras paired with innovative soft\u00adware, early warning monitoring systems now can provide critical data before equipment failure. 1.Better decision making data 2.Proactive approach to predictive maintenance 3.Automated alarm condition monitoring 4.Improved reliability 5.Reduced maintenance costsPlanck Vision Systems\u00a0thermal imaging cameras offer 24\/7 monitoring to constant\u00adly gather and analyze data with software that identifies trends and anomalies. Fixed mount or pan\/tilt drive cameras can survey large areas of a sub\u00adstation with crisp thermal images. Planck Vision Systems cameras will always be in the right place at the right time to eliminate the potential for costly unexpected substation failures.Planck Vision Systems Family of Industrial Thermal Imaging Cameras<\/p>","protected":false},"author":1,"featured_media":0,"parent":0,"menu_order":0,"comment_status":"closed","ping_status":"closed","template":"","meta":{"_et_pb_use_builder":"on","_et_pb_old_content":"","_et_gb_content_width":"","footnotes":""},"class_list":["post-28007","page","type-page","status-publish","hentry"],"_links":{"self":[{"href":"https:\/\/seehiddenproblems.com\/de\/wp-json\/wp\/v2\/pages\/28007","targetHints":{"allow":["GET"]}}],"collection":[{"href":"https:\/\/seehiddenproblems.com\/de\/wp-json\/wp\/v2\/pages"}],"about":[{"href":"https:\/\/seehiddenproblems.com\/de\/wp-json\/wp\/v2\/types\/page"}],"author":[{"embeddable":true,"href":"https:\/\/seehiddenproblems.com\/de\/wp-json\/wp\/v2\/users\/1"}],"replies":[{"embeddable":true,"href":"https:\/\/seehiddenproblems.com\/de\/wp-json\/wp\/v2\/comments?post=28007"}],"version-history":[{"count":8,"href":"https:\/\/seehiddenproblems.com\/de\/wp-json\/wp\/v2\/pages\/28007\/revisions"}],"predecessor-version":[{"id":29404,"href":"https:\/\/seehiddenproblems.com\/de\/wp-json\/wp\/v2\/pages\/28007\/revisions\/29404"}],"wp:attachment":[{"href":"https:\/\/seehiddenproblems.com\/de\/wp-json\/wp\/v2\/media?parent=28007"}],"curies":[{"name":"wp","href":"https:\/\/api.w.org\/{rel}","templated":true}]}}